{"id":3605,"date":"2026-04-24T09:35:47","date_gmt":"2026-04-24T09:35:47","guid":{"rendered":"https:\/\/eliasblanco.com\/volvopenta\/?page_id=3605"},"modified":"2026-05-05T18:28:20","modified_gmt":"2026-05-05T18:28:20","slug":"garantia-volvo-penta","status":"publish","type":"page","link":"https:\/\/eliasblanco.com\/volvopenta\/garantia-volvo-penta\/","title":{"rendered":"Garant\u00eda Volvo Penta"},"content":{"rendered":"\t\t<div data-elementor-type=\"wp-page\" data-elementor-id=\"3605\" class=\"elementor elementor-3605\" data-elementor-post-type=\"page\">\n\t\t\t\t<div class=\"elementor-element elementor-element-512ab88 e-flex e-con-boxed e-con e-parent\" data-id=\"512ab88\" data-element_type=\"container\" data-e-type=\"container\">\n\t\t\t\t\t<div class=\"e-con-inner\">\n\t\t\t\t<div class=\"elementor-element elementor-element-02f98a6 elementor-widget elementor-widget-heading\" data-id=\"02f98a6\" data-element_type=\"widget\" data-e-type=\"widget\" data-widget_type=\"heading.default\">\n\t\t\t\t\t<h2 class=\"elementor-heading-title elementor-size-default\">garant\u00eda<\/h2>\t\t\t\t<\/div>\n\t\t\t\t\t<\/div>\n\t\t\t\t<\/div>\n\t\t<div class=\"elementor-element elementor-element-2682f7a e-flex e-con-boxed e-con e-parent\" data-id=\"2682f7a\" data-element_type=\"container\" data-e-type=\"container\">\n\t\t\t\t\t<div class=\"e-con-inner\">\n\t\t\t\t<div class=\"elementor-element elementor-element-3ccd751 elementor-widget elementor-widget-heading\" data-id=\"3ccd751\" data-element_type=\"widget\" data-e-type=\"widget\" data-widget_type=\"heading.default\">\n\t\t\t\t\t<h2 class=\"elementor-heading-title elementor-size-default\">Protege tu inversi\u00f3n<\/h2>\t\t\t\t<\/div>\n\t\t\t\t\t<\/div>\n\t\t\t\t<\/div>\n\t\t<div class=\"elementor-element elementor-element-b0c494f e-flex e-con-boxed e-con e-parent\" data-id=\"b0c494f\" data-element_type=\"container\" data-e-type=\"container\">\n\t\t\t\t\t<div class=\"e-con-inner\">\n\t\t<div class=\"elementor-element elementor-element-cffbf45 e-con-full e-flex e-con e-child\" data-id=\"cffbf45\" data-element_type=\"container\" data-e-type=\"container\">\n\t\t\t\t<div class=\"elementor-element elementor-element-53f72ed elementor-widget elementor-widget-image\" data-id=\"53f72ed\" data-element_type=\"widget\" data-e-type=\"widget\" data-widget_type=\"image.default\">\n\t\t\t\t\t\t\t\t\t\t\t\t\t\t\t<img fetchpriority=\"high\" decoding=\"async\" width=\"1080\" height=\"1350\" src=\"https:\/\/eliasblanco.com\/volvopenta\/wp-content\/uploads\/2020\/04\/garantia-2.png\" class=\"attachment-full size-full wp-image-2448\" alt=\"garantia-volvo-penta\" srcset=\"https:\/\/eliasblanco.com\/volvopenta\/wp-content\/uploads\/2020\/04\/garantia-2.png 1080w, https:\/\/eliasblanco.com\/volvopenta\/wp-content\/uploads\/2020\/04\/garantia-2-240x300.png 240w, https:\/\/eliasblanco.com\/volvopenta\/wp-content\/uploads\/2020\/04\/garantia-2-819x1024.png 819w, https:\/\/eliasblanco.com\/volvopenta\/wp-content\/uploads\/2020\/04\/garantia-2-768x960.png 768w\" sizes=\"(max-width: 1080px) 100vw, 1080px\" \/>\t\t\t\t\t\t\t\t\t\t\t\t\t\t\t<\/div>\n\t\t\t\t<\/div>\n\t\t<div class=\"elementor-element elementor-element-4d76c16 e-con-full e-flex e-con e-child\" data-id=\"4d76c16\" data-element_type=\"container\" data-e-type=\"container\">\n\t\t\t\t<div class=\"elementor-element elementor-element-34ffbe7 elementor-widget elementor-widget-text-editor\" data-id=\"34ffbe7\" data-element_type=\"widget\" data-e-type=\"widget\" data-widget_type=\"text-editor.default\">\n\t\t\t\t\t\t\t\t\t<div class=\"wp-block-atomic-blocks-ab-container fondo-conocenos ab-block-container aligncenter\"><div class=\"ab-container-inside\"><div class=\"ab-container-content\"><div class=\"wp-block-media-text alignwide is-stacked-on-mobile\"><div class=\"wp-block-media-text__content\"><p>Los propietarios de motores, transmisi\u00f3n, accesorios y\/o\u00a0<a href=\"https:\/\/eliasblanco.com\/volvopenta\/recambios-originales-volvo-penta\/\">recambios originales Volvo Penta<\/a>\u00a0disfrutaran de una garant\u00eda limitada, ya sea:<\/p><p>Por\u00a0<strong>a\u00f1os<\/strong>, por\u00a0<strong>horas de funcionamiento<\/strong>, por uso\u00a0<strong>profesional<\/strong>\u00a0o\u00a0<strong>recreativo<\/strong>.<\/p><p class=\"wp-block-heading\">Volvo Penta propone una ampliaci\u00f3n de garant\u00eda<strong>\u00a0opcional<\/strong>\u00a0para los motores de recreo, marino de uso profesional e industrial.<\/p><p>Compruebe en los archivos adjuntos qu\u00e9 cobertura tiene y c\u00f3mo podr\u00eda ampliarla.<\/p><div class=\"wp-block-columns is-layout-flex wp-container-core-columns-is-layout-9d6595d7 wp-block-columns-is-layout-flex\"><div class=\"wp-block-column is-layout-flow wp-block-column-is-layout-flow\"><p><strong>Recreo<\/strong><\/p><p><a href=\"https:\/\/eliasblanco.com\/volvopenta\/wp-content\/uploads\/2020\/06\/Garantia-Marino-Recreo.pdf\">Archivo PDF<\/a><\/p><p><a href=\"https:\/\/eliasblanco.com\/volvopenta\/wp-content\/uploads\/2020\/06\/Cobertura-Ampliada-recreo.pdf\">Ampliaci\u00f3n PDF<\/a><\/p><\/div><div class=\"wp-block-column is-layout-flow wp-block-column-is-layout-flow\"><p><strong>Comercial<\/strong><\/p><p><a href=\"https:\/\/eliasblanco.com\/volvopenta\/wp-content\/uploads\/2020\/06\/Garantia-Marino-uso-profesional.pdf\">Archivo PDF<\/a><\/p><p><a href=\"https:\/\/eliasblanco.com\/volvopenta\/wp-content\/uploads\/2020\/06\/Cobertura-Ampliada-marino-uso-profesional.pdf\">Ampliaci\u00f3n PDF<\/a><\/p><\/div><div class=\"wp-block-column is-layout-flow wp-block-column-is-layout-flow\"><p><strong>Industrial<\/strong><\/p><p><a href=\"https:\/\/eliasblanco.com\/volvopenta\/wp-content\/uploads\/2020\/06\/Garantia-Industrial.pdf\">Archivo PDF<\/a><\/p><p><a href=\"https:\/\/eliasblanco.com\/volvopenta\/wp-content\/uploads\/2020\/06\/Cobertura-Ampliada-Industrial.pdf\">Ampliaci\u00f3n PDF<\/a><\/p><\/div><\/div><p>Es importante que su motor y sus accesorios est\u00e9n registrados en la base de datos Volvo Penta. De esta manera se asegura , entre otras cosas, la actualizaci\u00f3n de software, el plan de mantenimiento, campa\u00f1as esenciales, etc\u2026<br \/>Igualmente, si tiene cualquier duda puede enviarnos su petici\u00f3n acompa\u00f1ada del n\u00ba de serie del motor y de una prueba de compra (factura con el nombre del propietario, fecha, etc\u2026)<\/p><p>Puede comprar online su recambio original volvo penta en nuestra\u00a0<a href=\"https:\/\/www.volvopenta.com\/shop\/523839\" target=\"_blank\" rel=\"noreferrer noopener\">tienda virtual volvo penta shop<\/a>.<\/p><\/div><\/div><\/div><\/div><\/div>\t\t\t\t\t\t\t\t<\/div>\n\t\t\t\t<\/div>\n\t\t\t\t\t<\/div>\n\t\t\t\t<\/div>\n\t\t\t\t<\/div>\n\t\t","protected":false},"excerpt":{"rendered":"<p>garant\u00eda Protege tu inversi\u00f3n Los propietarios de motores, transmisi\u00f3n, accesorios y\/o\u00a0recambios originales Volvo Penta\u00a0disfrutaran de una garant\u00eda limitada, ya sea: Por\u00a0a\u00f1os, por\u00a0horas de funcionamiento, por uso\u00a0profesional\u00a0o\u00a0recreativo. Volvo Penta propone una ampliaci\u00f3n de garant\u00eda\u00a0opcional\u00a0para los motores de recreo, marino de uso profesional e industrial. Compruebe en los archivos adjuntos qu\u00e9 cobertura tiene y c\u00f3mo podr\u00eda ampliarla. [&hellip;]<\/p>\n","protected":false},"author":6,"featured_media":0,"parent":0,"menu_order":0,"comment_status":"closed","ping_status":"closed","template":"elementor_canvas","meta":{"_genesis_hide_title":false,"_genesis_hide_breadcrumbs":false,"_genesis_hide_singular_image":false,"_genesis_hide_footer_widgets":false,"_genesis_custom_body_class":"","_genesis_custom_post_class":"","_genesis_layout":"","footnotes":""},"class_list":{"0":"post-3605","1":"page","2":"type-page","3":"status-publish","5":"entry"},"featured_image_src":null,"featured_image_src_square":null,"_links":{"self":[{"href":"https:\/\/eliasblanco.com\/volvopenta\/wp-json\/wp\/v2\/pages\/3605","targetHints":{"allow":["GET"]}}],"collection":[{"href":"https:\/\/eliasblanco.com\/volvopenta\/wp-json\/wp\/v2\/pages"}],"about":[{"href":"https:\/\/eliasblanco.com\/volvopenta\/wp-json\/wp\/v2\/types\/page"}],"author":[{"embeddable":true,"href":"https:\/\/eliasblanco.com\/volvopenta\/wp-json\/wp\/v2\/users\/6"}],"replies":[{"embeddable":true,"href":"https:\/\/eliasblanco.com\/volvopenta\/wp-json\/wp\/v2\/comments?post=3605"}],"version-history":[{"count":8,"href":"https:\/\/eliasblanco.com\/volvopenta\/wp-json\/wp\/v2\/pages\/3605\/revisions"}],"predecessor-version":[{"id":3847,"href":"https:\/\/eliasblanco.com\/volvopenta\/wp-json\/wp\/v2\/pages\/3605\/revisions\/3847"}],"wp:attachment":[{"href":"https:\/\/eliasblanco.com\/volvopenta\/wp-json\/wp\/v2\/media?parent=3605"}],"curies":[{"name":"wp","href":"https:\/\/api.w.org\/{rel}","templated":true}]}}