{"id":3600,"date":"2026-04-24T09:33:19","date_gmt":"2026-04-24T09:33:19","guid":{"rendered":"https:\/\/eliasblanco.com\/volvopenta\/?page_id=3600"},"modified":"2026-05-05T18:25:01","modified_gmt":"2026-05-05T18:25:01","slug":"formacion","status":"publish","type":"page","link":"https:\/\/eliasblanco.com\/volvopenta\/formacion\/","title":{"rendered":"Formaci\u00f3n"},"content":{"rendered":"\t\t<div data-elementor-type=\"wp-page\" data-elementor-id=\"3600\" class=\"elementor elementor-3600\" data-elementor-post-type=\"page\">\n\t\t\t\t<div class=\"elementor-element elementor-element-d4f88b0 e-flex e-con-boxed e-con e-parent\" data-id=\"d4f88b0\" data-element_type=\"container\" data-e-type=\"container\">\n\t\t\t\t\t<div class=\"e-con-inner\">\n\t\t\t\t<div class=\"elementor-element elementor-element-04612b1 elementor-widget elementor-widget-heading\" data-id=\"04612b1\" data-element_type=\"widget\" data-e-type=\"widget\" data-widget_type=\"heading.default\">\n\t\t\t\t\t<h2 class=\"elementor-heading-title elementor-size-default\">Formaci\u00f3n<\/h2>\t\t\t\t<\/div>\n\t\t\t\t\t<\/div>\n\t\t\t\t<\/div>\n\t\t<div class=\"elementor-element elementor-element-1f8f3f2 e-flex e-con-boxed e-con e-parent\" data-id=\"1f8f3f2\" data-element_type=\"container\" data-e-type=\"container\">\n\t\t\t\t\t<div class=\"e-con-inner\">\n\t\t\t\t<div class=\"elementor-element elementor-element-95253c9 elementor-widget elementor-widget-heading\" data-id=\"95253c9\" data-element_type=\"widget\" data-e-type=\"widget\" data-widget_type=\"heading.default\">\n\t\t\t\t\t<h2 class=\"elementor-heading-title elementor-size-default\">T\u00e9cnicos cualificados<\/h2>\t\t\t\t<\/div>\n\t\t\t\t\t<\/div>\n\t\t\t\t<\/div>\n\t\t<div class=\"elementor-element elementor-element-dda6bcf e-flex e-con-boxed e-con e-parent\" data-id=\"dda6bcf\" data-element_type=\"container\" data-e-type=\"container\">\n\t\t\t\t\t<div class=\"e-con-inner\">\n\t\t<div class=\"elementor-element elementor-element-c842997 e-con-full e-flex e-con e-child\" data-id=\"c842997\" data-element_type=\"container\" data-e-type=\"container\">\n\t\t\t\t<div class=\"elementor-element elementor-element-fa3da9e elementor-widget elementor-widget-image\" data-id=\"fa3da9e\" data-element_type=\"widget\" data-e-type=\"widget\" data-widget_type=\"image.default\">\n\t\t\t\t\t\t\t\t\t\t\t\t\t\t\t<img fetchpriority=\"high\" decoding=\"async\" width=\"1080\" height=\"1350\" src=\"https:\/\/eliasblanco.com\/volvopenta\/wp-content\/uploads\/2020\/04\/curso-EATS-2-INSTGM.jpg\" class=\"attachment-full size-full wp-image-2691\" alt=\"Formaci\u00f3n Elias Blanco SL Volvo Penta\" srcset=\"https:\/\/eliasblanco.com\/volvopenta\/wp-content\/uploads\/2020\/04\/curso-EATS-2-INSTGM.jpg 1080w, https:\/\/eliasblanco.com\/volvopenta\/wp-content\/uploads\/2020\/04\/curso-EATS-2-INSTGM-240x300.jpg 240w, https:\/\/eliasblanco.com\/volvopenta\/wp-content\/uploads\/2020\/04\/curso-EATS-2-INSTGM-819x1024.jpg 819w, https:\/\/eliasblanco.com\/volvopenta\/wp-content\/uploads\/2020\/04\/curso-EATS-2-INSTGM-768x960.jpg 768w\" sizes=\"(max-width: 1080px) 100vw, 1080px\" \/>\t\t\t\t\t\t\t\t\t\t\t\t\t\t\t<\/div>\n\t\t\t\t<\/div>\n\t\t<div class=\"elementor-element elementor-element-29a79bf e-con-full e-flex e-con e-child\" data-id=\"29a79bf\" data-element_type=\"container\" data-e-type=\"container\">\n\t\t\t\t<div class=\"elementor-element elementor-element-31e8b80 elementor-widget elementor-widget-text-editor\" data-id=\"31e8b80\" data-element_type=\"widget\" data-e-type=\"widget\" data-widget_type=\"text-editor.default\">\n\t\t\t\t\t\t\t\t\t<p class=\"wp-block-heading\"><a href=\"http:\/\/www.eliasblanco.com\/\">Elias Blanco SL<\/a>\u00a0como servicio oficial Volvo Penta, recibe formacion continua por parte de la marca.<br \/><strong>Tenemos cursos presenciales en Suecia y en Madrid<\/strong>\u00a0con herramientas, motores y kit de formaci\u00f3n especialmente desarollados por los ingenieros de Volvo Penta.<br \/>Tambi\u00e9n\u00a0<strong>contamos con una formacion online continua<\/strong>, accesible en el portal de Volvo Penta y nominativa.\u00a0<strong>Todos los t\u00e9cnicos tienen un plan de formacion personalizado<\/strong>\u00a0y su seguimiento esta auditado anualmente por Volvo Penta.<\/p><p>En calidad de Volvo Penta Center,\u00a0<strong>tenemos que formar<\/strong>, por nuestra parte,\u00a0<strong>a la\u00a0<a href=\"https:\/\/eliasblanco.com\/volvopenta\/red-de-servicios\/\">red de concesionarios<\/a>\u00a0Volvo Penta de nuestra zona<\/strong>.<br \/>El aprentizaje de nuestra red se divide en 4 sesiones anuales presenciales de 2 o 3 d\u00edas cada una.<br \/>La parte presencial esta completada por un examen que avala el curso y que certifica que el t\u00e9cnico esta cualificado para el producto o motor designado.<br \/>As\u00ed mismo cubre los productos nuevos de Volvo Penta, permitiendo a los t\u00e9cnicos tener un nivel homog\u00e9neo y aprender los protocolos de reparaci\u00f3n de Volvo Penta.<\/p><p>Recibimos por tanto formaci\u00f3n sobre la \u00faltima tecnolog\u00eda y los procesos de reparaci\u00f3n de Volvo Penta. Tambi\u00e9n cumplimos con su est\u00e1ndar operativo de concesionarios industriales. \u00c9ste ha sido concebido para garantizar un servicio y una asistencia coherentes y de alta calidad.<\/p><p>Los est\u00e1ndares operativos garantizados por Volvo Penta y alineados con sus valores esenciales de calidad, seguridad y cuidado del medio ambiente, se centran en lo siguiente:<\/p><ul class=\"wp-block-list\"><li>Competencia t\u00e9cnica, incluidos diagn\u00f3sticos avanzados<\/li><li>Accesibilidad permanente<\/li><li>Asistencia in situ<\/li><li>Excelente disponibilidad de recambios<\/li><li>Reparaciones r\u00e1pidas y respuesta r\u00e1pida a las preguntas de los clientes<\/li><\/ul><p>La formaci\u00f3n recibida, los herramientas especiales de Volvo Penta y los medios que tenemos en el taller, nos permite diagnosticar, reparar y aconsejar sobre todos los productos y <a href=\"https:\/\/eliasblanco.com\/volvopenta\/motores-de-recreo-volvo-penta\/\">motores Volvo Penta<\/a>, ya sean\u00a0<a href=\"https:\/\/macawebtest.com\/pruebe-VOLVO\/motores-comerciales-volvo-penta\/\">marinos<\/a>\u00a0o\u00a0<a href=\"https:\/\/eliasblanco.com\/volvopenta\/motores-industriales-volvo-penta\/\">industriales<\/a>.<\/p><p>Es la\u00a0<a href=\"https:\/\/eliasblanco.com\/volvopenta\/garantia-elias-blanco-volvo-penta\/\">garant\u00eda<\/a>\u00a0de tener siempre un motor seguro y en condiciones \u00f3ptimas para asegurar su uso diario. Y su potencial venta en el futuro.<\/p><p>Para saber m\u00e1s, no dudes en\u00a0<a href=\"https:\/\/eliasblanco.com\/volvopenta\/contacto\/\">contactar<\/a>\u00a0con nosotros.<\/p>\t\t\t\t\t\t\t\t<\/div>\n\t\t\t\t<\/div>\n\t\t\t\t\t<\/div>\n\t\t\t\t<\/div>\n\t\t\t\t<\/div>\n\t\t","protected":false},"excerpt":{"rendered":"<p>Formaci\u00f3n T\u00e9cnicos cualificados Elias Blanco SL\u00a0como servicio oficial Volvo Penta, recibe formacion continua por parte de la marca.Tenemos cursos presenciales en Suecia y en Madrid\u00a0con herramientas, motores y kit de formaci\u00f3n especialmente desarollados por los ingenieros de Volvo Penta.Tambi\u00e9n\u00a0contamos con una formacion online continua, accesible en el portal de Volvo Penta y nominativa.\u00a0Todos los t\u00e9cnicos [&hellip;]<\/p>\n","protected":false},"author":6,"featured_media":0,"parent":0,"menu_order":0,"comment_status":"closed","ping_status":"closed","template":"elementor_canvas","meta":{"_genesis_hide_title":false,"_genesis_hide_breadcrumbs":false,"_genesis_hide_singular_image":false,"_genesis_hide_footer_widgets":false,"_genesis_custom_body_class":"","_genesis_custom_post_class":"","_genesis_layout":"","footnotes":""},"class_list":{"0":"post-3600","1":"page","2":"type-page","3":"status-publish","5":"entry"},"featured_image_src":null,"featured_image_src_square":null,"_links":{"self":[{"href":"https:\/\/eliasblanco.com\/volvopenta\/wp-json\/wp\/v2\/pages\/3600","targetHints":{"allow":["GET"]}}],"collection":[{"href":"https:\/\/eliasblanco.com\/volvopenta\/wp-json\/wp\/v2\/pages"}],"about":[{"href":"https:\/\/eliasblanco.com\/volvopenta\/wp-json\/wp\/v2\/types\/page"}],"author":[{"embeddable":true,"href":"https:\/\/eliasblanco.com\/volvopenta\/wp-json\/wp\/v2\/users\/6"}],"replies":[{"embeddable":true,"href":"https:\/\/eliasblanco.com\/volvopenta\/wp-json\/wp\/v2\/comments?post=3600"}],"version-history":[{"count":8,"href":"https:\/\/eliasblanco.com\/volvopenta\/wp-json\/wp\/v2\/pages\/3600\/revisions"}],"predecessor-version":[{"id":3843,"href":"https:\/\/eliasblanco.com\/volvopenta\/wp-json\/wp\/v2\/pages\/3600\/revisions\/3843"}],"wp:attachment":[{"href":"https:\/\/eliasblanco.com\/volvopenta\/wp-json\/wp\/v2\/media?parent=3600"}],"curies":[{"name":"wp","href":"https:\/\/api.w.org\/{rel}","templated":true}]}}