{"id":3550,"date":"2026-04-24T09:00:47","date_gmt":"2026-04-24T09:00:47","guid":{"rendered":"https:\/\/eliasblanco.com\/volvopenta\/?page_id=3550"},"modified":"2026-04-24T10:53:25","modified_gmt":"2026-04-24T10:53:25","slug":"motores-industriales-volvo-penta","status":"publish","type":"page","link":"https:\/\/eliasblanco.com\/volvopenta\/motores-industriales-volvo-penta\/","title":{"rendered":"Motores industriales Volvo Penta"},"content":{"rendered":"\t\t<div data-elementor-type=\"wp-page\" data-elementor-id=\"3550\" class=\"elementor elementor-3550\" data-elementor-post-type=\"page\">\n\t\t\t\t<div class=\"elementor-element elementor-element-3242f37 e-flex e-con-boxed e-con e-parent\" data-id=\"3242f37\" data-element_type=\"container\" data-e-type=\"container\">\n\t\t\t\t\t<div class=\"e-con-inner\">\n\t\t\t\t<div class=\"elementor-element elementor-element-bf77815 elementor-widget elementor-widget-heading\" data-id=\"bf77815\" data-element_type=\"widget\" data-e-type=\"widget\" data-widget_type=\"heading.default\">\n\t\t\t\t\t<h2 class=\"elementor-heading-title elementor-size-default\">Motores industriales Volvo Penta\n\n<\/h2>\t\t\t\t<\/div>\n\t\t\t\t\t<\/div>\n\t\t\t\t<\/div>\n\t\t<div class=\"elementor-element elementor-element-eb8732f e-flex e-con-boxed e-con e-parent\" data-id=\"eb8732f\" data-element_type=\"container\" data-e-type=\"container\">\n\t\t\t\t\t<div class=\"e-con-inner\">\n\t\t<div class=\"elementor-element elementor-element-44b5f05 e-con-full e-flex e-con e-child\" data-id=\"44b5f05\" data-element_type=\"container\" data-e-type=\"container\">\n\t\t\t\t<div class=\"elementor-element elementor-element-344ef74 elementor-widget elementor-widget-image\" data-id=\"344ef74\" data-element_type=\"widget\" data-e-type=\"widget\" data-widget_type=\"image.default\">\n\t\t\t\t\t\t\t\t\t\t\t\t\t\t\t<img fetchpriority=\"high\" decoding=\"async\" width=\"1080\" height=\"1350\" src=\"https:\/\/eliasblanco.com\/volvopenta\/wp-content\/uploads\/2019\/12\/pagina-motores-industriales.jpg\" class=\"attachment-full size-full wp-image-2089\" alt=\"\" srcset=\"https:\/\/eliasblanco.com\/volvopenta\/wp-content\/uploads\/2019\/12\/pagina-motores-industriales.jpg 1080w, https:\/\/eliasblanco.com\/volvopenta\/wp-content\/uploads\/2019\/12\/pagina-motores-industriales-240x300.jpg 240w, https:\/\/eliasblanco.com\/volvopenta\/wp-content\/uploads\/2019\/12\/pagina-motores-industriales-819x1024.jpg 819w, https:\/\/eliasblanco.com\/volvopenta\/wp-content\/uploads\/2019\/12\/pagina-motores-industriales-768x960.jpg 768w\" sizes=\"(max-width: 1080px) 100vw, 1080px\" \/>\t\t\t\t\t\t\t\t\t\t\t\t\t\t\t<\/div>\n\t\t\t\t<\/div>\n\t\t<div class=\"elementor-element elementor-element-ea32cc0 e-con-full e-flex e-con e-child\" data-id=\"ea32cc0\" data-element_type=\"container\" data-e-type=\"container\">\n\t\t\t\t<div class=\"elementor-element elementor-element-0f7c075 elementor-widget elementor-widget-text-editor\" data-id=\"0f7c075\" data-element_type=\"widget\" data-e-type=\"widget\" data-widget_type=\"text-editor.default\">\n\t\t\t\t\t\t\t\t\t<p>Volvo Penta lleva m\u00e1s de 100 a\u00f1os colaborando con los fabricantes y usuarios de maquinaria off-road y equipos de casi todas las aplicaciones. Tanto\u00a0<strong>construcci\u00f3n de carreteras<\/strong>\u00a0como equipos<strong>\u00a0de manipulaci\u00f3n portuaria<\/strong>,<strong>\u00a0miner\u00eda\u00a0<\/strong>y<strong>\u00a0canteras\u00a0<\/strong>.<\/p><p>La elecci\u00f3n de un motor Volvo Penta para su uso industrial es una forma excelente de maximizar el tiempo de actividad y la eficacia en general.<\/p><p>As\u00ed, calidad, t\u00e9cnica, fiabilidad y soporte en todo el mundo son las principales razones por las que los constructores de equipos y veh\u00edculos optan por Volvo Penta. Como parte del Grupo Volvo,\u00a0<strong>uno de los mayores fabricantes de motores industriales diesel del mundo<\/strong>, Volvo Penta tiene amplios recursos para la producci\u00f3n y el desarrollo continuo de los sistemas de energ\u00eda diesel.<\/p><p class=\"wp-block-heading\">La gama de<strong>\u00a0motores industriales Volvo Penta<\/strong>\u00a0se caracteriza por su<strong>\u00a0alto nivel de rendimiento, fiabilidad y ahorro de combustible<\/strong>, as\u00ed como por sus\u00a0<strong>bajos niveles de emisi\u00f3n<\/strong>. Est\u00e1n dise\u00f1ados para ser vers\u00e1tiles. Sin duda su peso reducido, su dise\u00f1o compacto, su instalaci\u00f3n sencilla y sus paquetes de equipamiento opcionales hacen que resulten perfectos para numerosas aplicaciones en m\u00e1quinas y equipos en una gran variedad de sectores.<\/p><p>Para los profesionales de la\u00a0<strong>industria<\/strong>\u00a0que buscan en sus\u00a0<strong>motores industriales<\/strong>:<\/p><ul class=\"wp-block-list\"><li>Rendimiento.<\/li><li>Fiabilidad.<\/li><li>Bajo consumo de combustible.<\/li><li>Seguridad.<\/li><li>Normas de emisiones.<\/li><\/ul><p>Para\u00a0<strong>maximizar el tiempo de actividad<\/strong>, casi todos los motores industriales Volvo Penta\u00a0<strong>pueden estar funcionando unas 1.000 horas\u00a0<\/strong>entre intervalos de servicio. Igualmente se puede aumentar la productividad utilizando el protocolo de servicio correspondiente. Y tambi\u00e9n con un an\u00e1lisis de aceite aprobado y filtros de aceite Volvo Penta genuinos, con la calidad adecuada de aceite y combustible .<\/p><p>Finalmente, el\u00a0<a href=\"http:\/\/www.volvopenta.com\/volvopenta\/industrial\/en-gb\/off_road_engines\/engine_range_industrial\/Pages\/industrial_engines.aspx\" target=\"_blank\" rel=\"noreferrer noopener\">rango de potencia<\/a>\u00a0de los Motores Industriales va de 105 kW a 565 kW (143 hp a 768 hp).<\/p><p>Para m\u00e1s informaci\u00f3n,\u00a0<a href=\"https:\/\/macawebtest.com\/pruebe-VOLVO\/contacto\/\">contacte<\/a>\u00a0con El\u00edas Blanco SL.<\/p>\t\t\t\t\t\t\t\t<\/div>\n\t\t\t\t<\/div>\n\t\t\t\t\t<\/div>\n\t\t\t\t<\/div>\n\t\t\t\t<\/div>\n\t\t","protected":false},"excerpt":{"rendered":"<p>Motores industriales Volvo Penta Volvo Penta lleva m\u00e1s de 100 a\u00f1os colaborando con los fabricantes y usuarios de maquinaria off-road y equipos de casi todas las aplicaciones. Tanto\u00a0construcci\u00f3n de carreteras\u00a0como equipos\u00a0de manipulaci\u00f3n portuaria,\u00a0miner\u00eda\u00a0y\u00a0canteras\u00a0. La elecci\u00f3n de un motor Volvo Penta para su uso industrial es una forma excelente de maximizar el tiempo de actividad y [&hellip;]<\/p>\n","protected":false},"author":6,"featured_media":0,"parent":0,"menu_order":0,"comment_status":"closed","ping_status":"closed","template":"elementor_canvas","meta":{"_genesis_hide_title":false,"_genesis_hide_breadcrumbs":false,"_genesis_hide_singular_image":false,"_genesis_hide_footer_widgets":false,"_genesis_custom_body_class":"","_genesis_custom_post_class":"","_genesis_layout":"","footnotes":""},"class_list":{"0":"post-3550","1":"page","2":"type-page","3":"status-publish","5":"entry"},"featured_image_src":null,"featured_image_src_square":null,"_links":{"self":[{"href":"https:\/\/eliasblanco.com\/volvopenta\/wp-json\/wp\/v2\/pages\/3550","targetHints":{"allow":["GET"]}}],"collection":[{"href":"https:\/\/eliasblanco.com\/volvopenta\/wp-json\/wp\/v2\/pages"}],"about":[{"href":"https:\/\/eliasblanco.com\/volvopenta\/wp-json\/wp\/v2\/types\/page"}],"author":[{"embeddable":true,"href":"https:\/\/eliasblanco.com\/volvopenta\/wp-json\/wp\/v2\/users\/6"}],"replies":[{"embeddable":true,"href":"https:\/\/eliasblanco.com\/volvopenta\/wp-json\/wp\/v2\/comments?post=3550"}],"version-history":[{"count":5,"href":"https:\/\/eliasblanco.com\/volvopenta\/wp-json\/wp\/v2\/pages\/3550\/revisions"}],"predecessor-version":[{"id":3731,"href":"https:\/\/eliasblanco.com\/volvopenta\/wp-json\/wp\/v2\/pages\/3550\/revisions\/3731"}],"wp:attachment":[{"href":"https:\/\/eliasblanco.com\/volvopenta\/wp-json\/wp\/v2\/media?parent=3550"}],"curies":[{"name":"wp","href":"https:\/\/api.w.org\/{rel}","templated":true}]}}