{"id":3545,"date":"2026-04-24T08:58:30","date_gmt":"2026-04-24T08:58:30","guid":{"rendered":"https:\/\/eliasblanco.com\/volvopenta\/?page_id=3545"},"modified":"2026-05-05T18:39:26","modified_gmt":"2026-05-05T18:39:26","slug":"generadores-marinos-volvo-penta","status":"publish","type":"page","link":"https:\/\/eliasblanco.com\/volvopenta\/generadores-marinos-volvo-penta\/","title":{"rendered":"Generadores Marinos Volvo Penta"},"content":{"rendered":"\t\t<div data-elementor-type=\"wp-page\" data-elementor-id=\"3545\" class=\"elementor elementor-3545\" data-elementor-post-type=\"page\">\n\t\t\t\t<div class=\"elementor-element elementor-element-afa45b2 e-flex e-con-boxed e-con e-parent\" data-id=\"afa45b2\" data-element_type=\"container\" data-e-type=\"container\">\n\t\t\t\t\t<div class=\"e-con-inner\">\n\t\t\t\t<div class=\"elementor-element elementor-element-c7cdae9 elementor-widget elementor-widget-heading\" data-id=\"c7cdae9\" data-element_type=\"widget\" data-e-type=\"widget\" data-widget_type=\"heading.default\">\n\t\t\t\t\t<h2 class=\"elementor-heading-title elementor-size-default\">generadores marinos Volvo penta<\/h2>\t\t\t\t<\/div>\n\t\t\t\t\t<\/div>\n\t\t\t\t<\/div>\n\t\t<div class=\"elementor-element elementor-element-3de84b3 e-flex e-con-boxed e-con e-parent\" data-id=\"3de84b3\" data-element_type=\"container\" data-e-type=\"container\">\n\t\t\t\t\t<div class=\"e-con-inner\">\n\t\t<div class=\"elementor-element elementor-element-9294069 e-con-full e-flex e-con e-child\" data-id=\"9294069\" data-element_type=\"container\" data-e-type=\"container\">\n\t\t\t\t<div class=\"elementor-element elementor-element-d9ae88f elementor-widget elementor-widget-image\" data-id=\"d9ae88f\" data-element_type=\"widget\" data-e-type=\"widget\" data-widget_type=\"image.default\">\n\t\t\t\t\t\t\t\t\t\t\t\t\t\t\t<img fetchpriority=\"high\" decoding=\"async\" width=\"1080\" height=\"1350\" src=\"https:\/\/eliasblanco.com\/volvopenta\/wp-content\/uploads\/2020\/04\/generadores-marinos-volvo-penta.png\" class=\"attachment-full size-full wp-image-2623\" alt=\"generadores marinos Volvo penta\" srcset=\"https:\/\/eliasblanco.com\/volvopenta\/wp-content\/uploads\/2020\/04\/generadores-marinos-volvo-penta.png 1080w, https:\/\/eliasblanco.com\/volvopenta\/wp-content\/uploads\/2020\/04\/generadores-marinos-volvo-penta-240x300.png 240w, https:\/\/eliasblanco.com\/volvopenta\/wp-content\/uploads\/2020\/04\/generadores-marinos-volvo-penta-819x1024.png 819w, https:\/\/eliasblanco.com\/volvopenta\/wp-content\/uploads\/2020\/04\/generadores-marinos-volvo-penta-768x960.png 768w\" sizes=\"(max-width: 1080px) 100vw, 1080px\" \/>\t\t\t\t\t\t\t\t\t\t\t\t\t\t\t<\/div>\n\t\t\t\t<\/div>\n\t\t<div class=\"elementor-element elementor-element-915c729 e-con-full e-flex e-con e-child\" data-id=\"915c729\" data-element_type=\"container\" data-e-type=\"container\">\n\t\t\t\t<div class=\"elementor-element elementor-element-5ec4d93 elementor-widget elementor-widget-text-editor\" data-id=\"5ec4d93\" data-element_type=\"widget\" data-e-type=\"widget\" data-widget_type=\"text-editor.default\">\n\t\t\t\t\t\t\t\t\t<p class=\"wp-block-heading\">La gama de generadores marinos de Volvo Penta ofrece una generaci\u00f3n el\u00e9ctrica fiable y econ\u00f3mica para grupos electr\u00f3genos de emergencia, propulsi\u00f3n el\u00e9ctrica di\u00e9sel y potencia a bordo.<\/p><p>Todos\u00a0<strong>los generadores marinos\u00a0Volvo Penta<\/strong>\u00a0se entregan completos y probados, listos para su instalaci\u00f3n a bordo. Todos los grupos electr\u00f3genos\u00a0y sistemas son de tipo aprobado por las principales sociedades de clasificaci\u00f3n. Por lo tanto\u00a0<strong>se pueden entregar con certificaciones<\/strong>.<\/p><p>As\u00ed mismo, los motores y grupos electr\u00f3genos volvo penta\u00a0<strong>ocupan menos espacio en la sala de m\u00e1quinas<\/strong>. Por su dise\u00f1o compacto y su buena accesibilidad, con unos puntos de servicio f\u00e1cilmente accesibles, ofrecen una buena accesibilidad para su\u00a0<a href=\"https:\/\/eliasblanco.com\/volvopenta\/contrato-de-servicios-volvo-penta\/\">mantenimiento<\/a>, lo que siempre ha sido un sello distintivo de la marca Volvo Penta.<\/p><p class=\"wp-block-heading\">Tambi\u00e9n son motores de\u00a0<strong>alta eficacia<\/strong>, que proporcionan una fiabilidad excepcional y maximizan el tiempo de actividad. As\u00ed, las ventajas de elegir un motor Volvo Penta son muchas:<\/p><ul class=\"wp-block-list\"><li>Gran aceptaci\u00f3n de carga<\/li><li>Mayor tiempo de actividad<\/li><li>Totalmente homologado<\/li><li>Instalaci\u00f3n sencilla<\/li><li>Alto ahorro de combustible<\/li><li>Bajo coste total de propiedad<\/li><li>Dise\u00f1o, montaje y pruebas internas<\/li><\/ul><p>Igualmente los generadores marinos Volvo Penta est\u00e1n disponibles en una amplia\u00a0<strong>variedad de opciones refrigeraci\u00f3n<\/strong>. Por ejemplo intercambiador de calor, refrigeraci\u00f3n por radiador o refrigeraci\u00f3n externa.<\/p><p>Adem\u00e1s de una\u00a0<strong>alta fiabilidad<\/strong>, los grupos electr\u00f3genos Volvo Penta tambi\u00e9n aportan ventajas obvias para el usuario, como una\u00a0<strong>gran facilidad de mantenimiento, bajos niveles de emisiones y ahorro de combustible<\/strong>.<\/p><p>Con los grupos electr\u00f3genos marinos de Volvo Penta, tendr\u00e1 acceso a una potencia plena desde el momento de arranque. Gracias al par alto a bajas revoluciones, responden inmediatamente a cualquier carga y por lo tanto ofrecen la potencia necesaria.<\/p><p>Est\u00e1n especialmente desarrollados para los profesionales que buscan:<\/p><ul class=\"wp-block-list\"><li>Rendimiento<\/li><li>Fiabilidad<\/li><li>Bajo consumo de combustible<\/li><li>Seguridad<\/li><\/ul><p>El rango de potencia de los generadores marinos es muy amplio. Es decir, va de 127 kWe a 529 kWe (239 kWm a 585 kWm). Por ejemplo, para 50Hz (380V, 400V, 415V, 440V) y para 60Hz (416V, 440V, 460V, 480V).<\/p><div class=\"wp-block-columns is-layout-flex wp-container-core-columns-is-layout-9d6595d7 wp-block-columns-is-layout-flex\"><div class=\"wp-block-column is-layout-flow wp-block-column-is-layout-flow\"><p><a href=\"https:\/\/www.volvopenta.com\/marine\/marine-commercial\/marine-generator\/\" target=\"_blank\" rel=\"noopener\">Gama de 50 Hz<\/a><\/p><\/div><div class=\"wp-block-column is-layout-flow wp-block-column-is-layout-flow\"><p><a href=\"https:\/\/www.volvopenta.com\/marine\/marine-commercial\/marine-generator\/\" target=\"_blank\" rel=\"noopener\">Gama de 60 Hz<\/a><\/p><\/div><\/div><p>Finalmente, si tiene alguna duda y necesita asesoramiento, puede\u00a0<a href=\"https:\/\/eliasblanco.com\/volvopenta\/contacto\/\">contactar\u00a0<\/a>con nosotros.<\/p>\t\t\t\t\t\t\t\t<\/div>\n\t\t\t\t<\/div>\n\t\t\t\t\t<\/div>\n\t\t\t\t<\/div>\n\t\t\t\t<\/div>\n\t\t","protected":false},"excerpt":{"rendered":"<p>generadores marinos Volvo penta La gama de generadores marinos de Volvo Penta ofrece una generaci\u00f3n el\u00e9ctrica fiable y econ\u00f3mica para grupos electr\u00f3genos de emergencia, propulsi\u00f3n el\u00e9ctrica di\u00e9sel y potencia a bordo. Todos\u00a0los generadores marinos\u00a0Volvo Penta\u00a0se entregan completos y probados, listos para su instalaci\u00f3n a bordo. Todos los grupos electr\u00f3genos\u00a0y sistemas son de tipo aprobado por [&hellip;]<\/p>\n","protected":false},"author":6,"featured_media":0,"parent":0,"menu_order":0,"comment_status":"closed","ping_status":"closed","template":"elementor_canvas","meta":{"_genesis_hide_title":false,"_genesis_hide_breadcrumbs":false,"_genesis_hide_singular_image":false,"_genesis_hide_footer_widgets":false,"_genesis_custom_body_class":"","_genesis_custom_post_class":"","_genesis_layout":"","footnotes":""},"class_list":{"0":"post-3545","1":"page","2":"type-page","3":"status-publish","5":"entry"},"featured_image_src":null,"featured_image_src_square":null,"_links":{"self":[{"href":"https:\/\/eliasblanco.com\/volvopenta\/wp-json\/wp\/v2\/pages\/3545","targetHints":{"allow":["GET"]}}],"collection":[{"href":"https:\/\/eliasblanco.com\/volvopenta\/wp-json\/wp\/v2\/pages"}],"about":[{"href":"https:\/\/eliasblanco.com\/volvopenta\/wp-json\/wp\/v2\/types\/page"}],"author":[{"embeddable":true,"href":"https:\/\/eliasblanco.com\/volvopenta\/wp-json\/wp\/v2\/users\/6"}],"replies":[{"embeddable":true,"href":"https:\/\/eliasblanco.com\/volvopenta\/wp-json\/wp\/v2\/comments?post=3545"}],"version-history":[{"count":8,"href":"https:\/\/eliasblanco.com\/volvopenta\/wp-json\/wp\/v2\/pages\/3545\/revisions"}],"predecessor-version":[{"id":3854,"href":"https:\/\/eliasblanco.com\/volvopenta\/wp-json\/wp\/v2\/pages\/3545\/revisions\/3854"}],"wp:attachment":[{"href":"https:\/\/eliasblanco.com\/volvopenta\/wp-json\/wp\/v2\/media?parent=3545"}],"curies":[{"name":"wp","href":"https:\/\/api.w.org\/{rel}","templated":true}]}}