{"id":3532,"date":"2026-04-24T08:54:35","date_gmt":"2026-04-24T08:54:35","guid":{"rendered":"https:\/\/eliasblanco.com\/volvopenta\/?page_id=3532"},"modified":"2026-04-24T10:52:48","modified_gmt":"2026-04-24T10:52:48","slug":"motores-comerciales-volvo-penta","status":"publish","type":"page","link":"https:\/\/eliasblanco.com\/volvopenta\/motores-comerciales-volvo-penta\/","title":{"rendered":"Motores Comerciales Volvo Penta"},"content":{"rendered":"\t\t<div data-elementor-type=\"wp-page\" data-elementor-id=\"3532\" class=\"elementor elementor-3532\" data-elementor-post-type=\"page\">\n\t\t\t\t<div class=\"elementor-element elementor-element-fffb379 e-flex e-con-boxed e-con e-parent\" data-id=\"fffb379\" data-element_type=\"container\" data-e-type=\"container\">\n\t\t\t\t\t<div class=\"e-con-inner\">\n\t\t\t\t<div class=\"elementor-element elementor-element-7bdd4fc elementor-widget elementor-widget-heading\" data-id=\"7bdd4fc\" data-element_type=\"widget\" data-e-type=\"widget\" data-widget_type=\"heading.default\">\n\t\t\t\t\t<h2 class=\"elementor-heading-title elementor-size-default\">Motores Comerciales Volvo Penta<\/h2>\t\t\t\t<\/div>\n\t\t\t\t\t<\/div>\n\t\t\t\t<\/div>\n\t\t<div class=\"elementor-element elementor-element-357e609 e-flex e-con-boxed e-con e-parent\" data-id=\"357e609\" data-element_type=\"container\" data-e-type=\"container\">\n\t\t\t\t\t<div class=\"e-con-inner\">\n\t\t<div class=\"elementor-element elementor-element-d4684a5 e-con-full e-flex e-con e-child\" data-id=\"d4684a5\" data-element_type=\"container\" data-e-type=\"container\">\n\t\t\t\t<div class=\"elementor-element elementor-element-2f35192 elementor-widget elementor-widget-image\" data-id=\"2f35192\" data-element_type=\"widget\" data-e-type=\"widget\" data-widget_type=\"image.default\">\n\t\t\t\t\t\t\t\t\t\t\t\t\t\t\t<img fetchpriority=\"high\" decoding=\"async\" width=\"2048\" height=\"2560\" src=\"https:\/\/eliasblanco.com\/volvopenta\/wp-content\/uploads\/2020\/04\/pagina-motores-comerciales.jpg\" class=\"attachment-full size-full wp-image-2424\" alt=\"motores comerciales volvo penta\" srcset=\"https:\/\/eliasblanco.com\/volvopenta\/wp-content\/uploads\/2020\/04\/pagina-motores-comerciales.jpg 2048w, https:\/\/eliasblanco.com\/volvopenta\/wp-content\/uploads\/2020\/04\/pagina-motores-comerciales-240x300.jpg 240w, https:\/\/eliasblanco.com\/volvopenta\/wp-content\/uploads\/2020\/04\/pagina-motores-comerciales-819x1024.jpg 819w, https:\/\/eliasblanco.com\/volvopenta\/wp-content\/uploads\/2020\/04\/pagina-motores-comerciales-768x960.jpg 768w, https:\/\/eliasblanco.com\/volvopenta\/wp-content\/uploads\/2020\/04\/pagina-motores-comerciales-1229x1536.jpg 1229w, https:\/\/eliasblanco.com\/volvopenta\/wp-content\/uploads\/2020\/04\/pagina-motores-comerciales-1638x2048.jpg 1638w\" sizes=\"(max-width: 2048px) 100vw, 2048px\" \/>\t\t\t\t\t\t\t\t\t\t\t\t\t\t\t<\/div>\n\t\t\t\t<\/div>\n\t\t<div class=\"elementor-element elementor-element-9eb74e7 e-con-full e-flex e-con e-child\" data-id=\"9eb74e7\" data-element_type=\"container\" data-e-type=\"container\">\n\t\t\t\t<div class=\"elementor-element elementor-element-a65d3c0 elementor-widget elementor-widget-text-editor\" data-id=\"a65d3c0\" data-element_type=\"widget\" data-e-type=\"widget\" data-widget_type=\"text-editor.default\">\n\t\t\t\t\t\t\t\t\t<p>La gama de\u00a0<strong>motores comerciales Volvo Penta<\/strong>\u00a0ofrece hoy una\u00a0<strong>combinaci\u00f3n de alta potencia y bajo peso, as\u00ed como bajo consumo de combustible y emisiones<\/strong>, que hace s\u00f3lo unos a\u00f1os eran inconcebibles.<\/p><p>Esencialmente, nuestros motores ofrecen un\u00a0<strong>par motor marino \u00fanico<\/strong>, que destaca frente a los de la competencia por ofrecer una mayor aceptaci\u00f3n de carga, una r\u00e1pida aceleraci\u00f3n y la capacidad de mantener una alta velocidad de crucero, independientemente de la carga o el estado del mar. En consecuencia se obtiene una r\u00e1pida aceleraci\u00f3n y una la velocidad de crucero eficiente.<\/p><p>As\u00ed, al combinar motores limpios con accesorios inteligentes para la conducci\u00f3n ecol\u00f3gica, el consumo y las emisiones de CO2 se mantienen a un nivel muy bajo.<br \/>Adem\u00e1s la\u00a0<a href=\"https:\/\/eliasblanco.com\/volvopenta\/accesorios-evc\/\">plataforma EVC<\/a>\u00a0(Control electr\u00f3nico de la embarcaci\u00f3n), le permite a\u00f1adir funciones inteligentes a su motor.<\/p><p>Para los clientes m\u00e1s exigentes:<\/p><ul class=\"wp-block-list\"><li>Guardacostas y patrullas n\u00e1uticas<\/li><li>Transporte fluvial y mar\u00edtimo de corta distancia<\/li><li>Buques de suministro y energ\u00eda para instalaciones mar\u00edtimas<\/li><li>Transporte tur\u00edstico y de pasajeros<\/li><li>Embarcaciones de trabajo y remolcadores<\/li><li>Pesca<\/li><\/ul><p>Especialmente creados para los profesionales del mar que buscan:<\/p><p><strong>Rendimiento<\/strong>,\u00a0<strong>fiabilidad<\/strong>,\u00a0<strong>bajo consumo<\/strong>\u00a0de combustible, un\u00a0<strong>par motor alto<\/strong>\u00a0as\u00ed como\u00a0<strong>seguridad<\/strong>\u00a0e\u00a0<strong>innovaci\u00f3n<\/strong>.<\/p><p class=\"wp-block-heading\">As\u00ed,\u00a0<strong>la gama de motores comerciales Volvo Penta ha sido desarrollada para ofrecer una fiabilidad extrema<\/strong>.<\/p><p>Estos motores di\u00e9sel marinos se han dise\u00f1ado de manera que se mantengan en funcionamiento a\u00f1o tras a\u00f1o. El dise\u00f1o b\u00e1sico incluye\u00a0<strong>bloques de motor robustos<\/strong>. \u00c9stos son fabricados a partir de piezas de fundici\u00f3n de alta resistencia, potentes cig\u00fce\u00f1ales y grandes superficies de cojinetes. Adem\u00e1s, todos los componentes est\u00e1n dise\u00f1ados\u00a0<strong>para soportar las condiciones m\u00e1s duras<\/strong>.<\/p><p>El\u00a0<strong>ahorro de combustible<\/strong>\u00a0es una de las principales ventajas que obtendr\u00e1, puesto que los motores Volvo Penta se basan en la plataforma de motores del Grupo Volvo. Sin duda, este aspecto es de vital importancia para sus gastos diarios de combustible y el coste de propiedad a largo plazo.<\/p><p>Por \u00faltimo, el rango de potencia de estos motores va de 110 hp a 800 hp.<\/p><div class=\"wp-block-columns is-layout-flex wp-container-core-columns-is-layout-9d6595d7 wp-block-columns-is-layout-flex\"><div class=\"wp-block-column is-layout-flow wp-block-column-is-layout-flow\"><p><a href=\"https:\/\/www.volvopenta.es\/marinecommercial\/es-es\/products\/propulsion-mc\/ranges\/inboard-shaft-propulsion-mc.html\" target=\"_blank\" rel=\"noreferrer noopener\">Gama Intraborda<\/a><\/p><\/div><div class=\"wp-block-column is-layout-flow wp-block-column-is-layout-flow\"><p><a href=\"https:\/\/www.volvopenta.es\/marinecommercial\/es-es\/products\/propulsion-mc\/ranges\/aquamatic-sterndrive-diesel-propulsion-mc.html#Select%20any%20one%20Anchor%20Name%20from%20below%20list%20%20\" target=\"_blank\" rel=\"noreferrer noopener\">Gama Aquamatic<\/a><\/p><\/div><\/div>\t\t\t\t\t\t\t\t<\/div>\n\t\t\t\t<\/div>\n\t\t\t\t\t<\/div>\n\t\t\t\t<\/div>\n\t\t\t\t<\/div>\n\t\t","protected":false},"excerpt":{"rendered":"<p>Motores Comerciales Volvo Penta La gama de\u00a0motores comerciales Volvo Penta\u00a0ofrece hoy una\u00a0combinaci\u00f3n de alta potencia y bajo peso, as\u00ed como bajo consumo de combustible y emisiones, que hace s\u00f3lo unos a\u00f1os eran inconcebibles. Esencialmente, nuestros motores ofrecen un\u00a0par motor marino \u00fanico, que destaca frente a los de la competencia por ofrecer una mayor aceptaci\u00f3n de [&hellip;]<\/p>\n","protected":false},"author":6,"featured_media":0,"parent":0,"menu_order":0,"comment_status":"closed","ping_status":"closed","template":"elementor_canvas","meta":{"_genesis_hide_title":false,"_genesis_hide_breadcrumbs":false,"_genesis_hide_singular_image":false,"_genesis_hide_footer_widgets":false,"_genesis_custom_body_class":"","_genesis_custom_post_class":"","_genesis_layout":"","footnotes":""},"class_list":{"0":"post-3532","1":"page","2":"type-page","3":"status-publish","5":"entry"},"featured_image_src":null,"featured_image_src_square":null,"_links":{"self":[{"href":"https:\/\/eliasblanco.com\/volvopenta\/wp-json\/wp\/v2\/pages\/3532","targetHints":{"allow":["GET"]}}],"collection":[{"href":"https:\/\/eliasblanco.com\/volvopenta\/wp-json\/wp\/v2\/pages"}],"about":[{"href":"https:\/\/eliasblanco.com\/volvopenta\/wp-json\/wp\/v2\/types\/page"}],"author":[{"embeddable":true,"href":"https:\/\/eliasblanco.com\/volvopenta\/wp-json\/wp\/v2\/users\/6"}],"replies":[{"embeddable":true,"href":"https:\/\/eliasblanco.com\/volvopenta\/wp-json\/wp\/v2\/comments?post=3532"}],"version-history":[{"count":5,"href":"https:\/\/eliasblanco.com\/volvopenta\/wp-json\/wp\/v2\/pages\/3532\/revisions"}],"predecessor-version":[{"id":3727,"href":"https:\/\/eliasblanco.com\/volvopenta\/wp-json\/wp\/v2\/pages\/3532\/revisions\/3727"}],"wp:attachment":[{"href":"https:\/\/eliasblanco.com\/volvopenta\/wp-json\/wp\/v2\/media?parent=3532"}],"curies":[{"name":"wp","href":"https:\/\/api.w.org\/{rel}","templated":true}]}}