{"id":3527,"date":"2026-04-24T08:52:29","date_gmt":"2026-04-24T08:52:29","guid":{"rendered":"https:\/\/eliasblanco.com\/volvopenta\/?page_id=3527"},"modified":"2026-04-24T10:56:42","modified_gmt":"2026-04-24T10:56:42","slug":"sistema-ips-volvo-penta","status":"publish","type":"page","link":"https:\/\/eliasblanco.com\/volvopenta\/sistema-ips-volvo-penta\/","title":{"rendered":"Sistema IPS Volvo Penta"},"content":{"rendered":"\t\t<div data-elementor-type=\"wp-page\" data-elementor-id=\"3527\" class=\"elementor elementor-3527\" data-elementor-post-type=\"page\">\n\t\t\t\t<div class=\"elementor-element elementor-element-4e8c796 e-flex e-con-boxed e-con e-parent\" data-id=\"4e8c796\" data-element_type=\"container\" data-e-type=\"container\">\n\t\t\t\t\t<div class=\"e-con-inner\">\n\t\t\t\t<div class=\"elementor-element elementor-element-9b5ec6e elementor-widget elementor-widget-heading\" data-id=\"9b5ec6e\" data-element_type=\"widget\" data-e-type=\"widget\" data-widget_type=\"heading.default\">\n\t\t\t\t\t<h2 class=\"elementor-heading-title elementor-size-default\">Sistema IPS Volvo Penta<\/h2>\t\t\t\t<\/div>\n\t\t\t\t\t<\/div>\n\t\t\t\t<\/div>\n\t\t<div class=\"elementor-element elementor-element-794070c e-flex e-con-boxed e-con e-parent\" data-id=\"794070c\" data-element_type=\"container\" data-e-type=\"container\">\n\t\t\t\t\t<div class=\"e-con-inner\">\n\t\t<div class=\"elementor-element elementor-element-17a3cdb e-con-full e-flex e-con e-child\" data-id=\"17a3cdb\" data-element_type=\"container\" data-e-type=\"container\">\n\t\t\t\t<div class=\"elementor-element elementor-element-a90de24 elementor-widget elementor-widget-image\" data-id=\"a90de24\" data-element_type=\"widget\" data-e-type=\"widget\" data-widget_type=\"image.default\">\n\t\t\t\t\t\t\t\t\t\t\t\t\t\t\t<img fetchpriority=\"high\" decoding=\"async\" width=\"1080\" height=\"1350\" src=\"https:\/\/eliasblanco.com\/volvopenta\/wp-content\/uploads\/2020\/04\/sistema-IPS-Volvo-Penta.png\" class=\"attachment-full size-full wp-image-2540\" alt=\"\" srcset=\"https:\/\/eliasblanco.com\/volvopenta\/wp-content\/uploads\/2020\/04\/sistema-IPS-Volvo-Penta.png 1080w, https:\/\/eliasblanco.com\/volvopenta\/wp-content\/uploads\/2020\/04\/sistema-IPS-Volvo-Penta-240x300.png 240w, https:\/\/eliasblanco.com\/volvopenta\/wp-content\/uploads\/2020\/04\/sistema-IPS-Volvo-Penta-819x1024.png 819w, https:\/\/eliasblanco.com\/volvopenta\/wp-content\/uploads\/2020\/04\/sistema-IPS-Volvo-Penta-768x960.png 768w\" sizes=\"(max-width: 1080px) 100vw, 1080px\" \/>\t\t\t\t\t\t\t\t\t\t\t\t\t\t\t<\/div>\n\t\t\t\t<\/div>\n\t\t<div class=\"elementor-element elementor-element-ca16cc7 e-con-full e-flex e-con e-child\" data-id=\"ca16cc7\" data-element_type=\"container\" data-e-type=\"container\">\n\t\t\t\t<div class=\"elementor-element elementor-element-0fdd2be elementor-widget elementor-widget-text-editor\" data-id=\"0fdd2be\" data-element_type=\"widget\" data-e-type=\"widget\" data-widget_type=\"text-editor.default\">\n\t\t\t\t\t\t\t\t\t<div class=\"wp-block-atomic-blocks-ab-container paginas-productos ab-block-container aligncenter\"><div class=\"ab-container-inside\"><div class=\"ab-container-content\"><div class=\"wp-block-media-text alignwide is-stacked-on-mobile\"><div class=\"wp-block-media-text__content\"><p><strong>Volvo Penta IPS (Inboard Performance\u00a0System)<\/strong>\u00a0es una revoluci\u00f3n tecnol\u00f3gica. Supera a los intraborda con ejes en muchos aspectos: la maniobrabilidad y comodidad a bordo, as\u00ed como la aceleraci\u00f3n, el consumo, el humo, etc\u2026<\/p><p>B\u00e1sicamente, desde 2004 y la primera generaci\u00f3n de IPS hasta la 3\u00aa, todos los fabricantes de barcos lo instalan. As\u00ed, m\u00e1s de 10,000 unidades han sido instaladas en m\u00e1s de 250 modelos de barco en el mundo. El rango se compone de 10 modelos, del IPS350 hasta el IPS1200, con 3 tallas de pods, para instalaci\u00f3n doble, triple o cu\u00e1druple. Igualmente\u00a0<strong>el sistema IPS permite\u00a0<a href=\"https:\/\/eliasblanco.com\/volvopenta\/motores-de-recreo-volvo-penta\/\">motorizar yates<\/a>\u00a0de hasta 30 metros<\/strong>.<\/p><p>De esta forma, comparando con motores con ejes:<\/p><ul class=\"wp-block-list\"><li>40% m\u00e1s de autonom\u00eda de crucero<\/li><li>20% m\u00e1s de velocidad m\u00e1xima<\/li><li>Reducci\u00f3n del consumo de combustible de hasta un\u00a030%<\/li><li>30%\u00a0menos de emisiones de\u00a0CO2<\/li><li>50% menos de nivel de ruido percibido<\/li><li>Atraque con Joystick<\/li><\/ul><p><strong>Volvo Penta IPS<\/strong>\u00a0<strong>es un sistema de propulsi\u00f3n completo e integrado<\/strong>, desde el puesto de pilotaje, pasando por el motor, hasta las h\u00e9lices. Gracias a esto el a<strong>umento de la calidad y la fiabilidad<\/strong>\u00a0es considerable. El sistema Volvo Penta IPS est\u00e1 dise\u00f1ado con la maniobrabilidad como caracter\u00edstica principal y ofrece una estructura s\u00f3lida.<\/p><p>Adem\u00e1s\u00a0<strong>la aceleraci\u00f3n<\/strong>\u00a0de los barcos equipados con Volvo Penta IPS es\u00a0<strong>mucho m\u00e1s r\u00e1pida<\/strong>, como tambi\u00e9n lo es su\u00a0<strong>velocidad m\u00e1xima<\/strong>.<\/p><p>Igualmente, junto con el sistema de control electr\u00f3nico de la embarcaci\u00f3n o EVC (Electronic Vessel Control), ofrece un rendimiento y una seguridad extraordinarios. El EVC proporciona completas prestaciones de supervisi\u00f3n, protecci\u00f3n y diagn\u00f3stico tanto para el motor como para la transmisi\u00f3n.<\/p><p class=\"wp-block-heading\">Por otro lado,<strong>\u00a0el dise\u00f1o de la instalaci\u00f3n del sistema IPS hace que la c\u00e1mara de m\u00e1quinas sea m\u00e1s peque\u00f1a y compacta<\/strong>, por lo que se crea un espacio de uso a bordo bastante mayor.<\/p><p><a href=\"https:\/\/www.volvopenta.es\/marineleisure\/es-es\/products\/motor-boats\/ranges\/volvo-penta-ips.html\" target=\"_blank\" rel=\"noreferrer noopener\">Rango de potencia IPS recreo<\/a><\/p><\/div><\/div><\/div><\/div><\/div>\t\t\t\t\t\t\t\t<\/div>\n\t\t\t\t<\/div>\n\t\t\t\t\t<\/div>\n\t\t\t\t<\/div>\n\t\t\t\t<\/div>\n\t\t","protected":false},"excerpt":{"rendered":"<p>Sistema IPS Volvo Penta Volvo Penta IPS (Inboard Performance\u00a0System)\u00a0es una revoluci\u00f3n tecnol\u00f3gica. Supera a los intraborda con ejes en muchos aspectos: la maniobrabilidad y comodidad a bordo, as\u00ed como la aceleraci\u00f3n, el consumo, el humo, etc\u2026 B\u00e1sicamente, desde 2004 y la primera generaci\u00f3n de IPS hasta la 3\u00aa, todos los fabricantes de barcos lo instalan. [&hellip;]<\/p>\n","protected":false},"author":6,"featured_media":0,"parent":0,"menu_order":0,"comment_status":"closed","ping_status":"closed","template":"elementor_canvas","meta":{"_genesis_hide_title":false,"_genesis_hide_breadcrumbs":false,"_genesis_hide_singular_image":false,"_genesis_hide_footer_widgets":false,"_genesis_custom_body_class":"","_genesis_custom_post_class":"","_genesis_layout":"","footnotes":""},"class_list":{"0":"post-3527","1":"page","2":"type-page","3":"status-publish","5":"entry"},"featured_image_src":null,"featured_image_src_square":null,"_links":{"self":[{"href":"https:\/\/eliasblanco.com\/volvopenta\/wp-json\/wp\/v2\/pages\/3527","targetHints":{"allow":["GET"]}}],"collection":[{"href":"https:\/\/eliasblanco.com\/volvopenta\/wp-json\/wp\/v2\/pages"}],"about":[{"href":"https:\/\/eliasblanco.com\/volvopenta\/wp-json\/wp\/v2\/types\/page"}],"author":[{"embeddable":true,"href":"https:\/\/eliasblanco.com\/volvopenta\/wp-json\/wp\/v2\/users\/6"}],"replies":[{"embeddable":true,"href":"https:\/\/eliasblanco.com\/volvopenta\/wp-json\/wp\/v2\/comments?post=3527"}],"version-history":[{"count":5,"href":"https:\/\/eliasblanco.com\/volvopenta\/wp-json\/wp\/v2\/pages\/3527\/revisions"}],"predecessor-version":[{"id":3749,"href":"https:\/\/eliasblanco.com\/volvopenta\/wp-json\/wp\/v2\/pages\/3527\/revisions\/3749"}],"wp:attachment":[{"href":"https:\/\/eliasblanco.com\/volvopenta\/wp-json\/wp\/v2\/media?parent=3527"}],"curies":[{"name":"wp","href":"https:\/\/api.w.org\/{rel}","templated":true}]}}