{"id":3522,"date":"2026-04-24T08:50:50","date_gmt":"2026-04-24T08:50:50","guid":{"rendered":"https:\/\/eliasblanco.com\/volvopenta\/?page_id=3522"},"modified":"2026-05-05T18:13:00","modified_gmt":"2026-05-05T18:13:00","slug":"colas-para-barcos-volvo-penta","status":"publish","type":"page","link":"https:\/\/eliasblanco.com\/volvopenta\/colas-para-barcos-volvo-penta\/","title":{"rendered":"Colas para barcos Volvo Penta"},"content":{"rendered":"\t\t<div data-elementor-type=\"wp-page\" data-elementor-id=\"3522\" class=\"elementor elementor-3522\" data-elementor-post-type=\"page\">\n\t\t\t\t<div class=\"elementor-element elementor-element-aa15955 e-flex e-con-boxed e-con e-parent\" data-id=\"aa15955\" data-element_type=\"container\" data-e-type=\"container\">\n\t\t\t\t\t<div class=\"e-con-inner\">\n\t\t\t\t<div class=\"elementor-element elementor-element-2beb6bf elementor-widget elementor-widget-heading\" data-id=\"2beb6bf\" data-element_type=\"widget\" data-e-type=\"widget\" data-widget_type=\"heading.default\">\n\t\t\t\t\t<h2 class=\"elementor-heading-title elementor-size-default\">Colas para barcos Volvo Penta<\/h2>\t\t\t\t<\/div>\n\t\t\t\t\t<\/div>\n\t\t\t\t<\/div>\n\t\t<div class=\"elementor-element elementor-element-b83286b e-flex e-con-boxed e-con e-parent\" data-id=\"b83286b\" data-element_type=\"container\" data-e-type=\"container\">\n\t\t\t\t\t<div class=\"e-con-inner\">\n\t\t<div class=\"elementor-element elementor-element-89d4b23 e-con-full e-flex e-con e-child\" data-id=\"89d4b23\" data-element_type=\"container\" data-e-type=\"container\">\n\t\t\t\t<div class=\"elementor-element elementor-element-9fa04a1 elementor-widget elementor-widget-image\" data-id=\"9fa04a1\" data-element_type=\"widget\" data-e-type=\"widget\" data-widget_type=\"image.default\">\n\t\t\t\t\t\t\t\t\t\t\t\t\t\t\t<img fetchpriority=\"high\" decoding=\"async\" width=\"2048\" height=\"2560\" src=\"https:\/\/eliasblanco.com\/volvopenta\/wp-content\/uploads\/2019\/12\/pagina-colas.jpg\" class=\"attachment-full size-full wp-image-2047\" alt=\"Colas para barcos Volvo Penta\" srcset=\"https:\/\/eliasblanco.com\/volvopenta\/wp-content\/uploads\/2019\/12\/pagina-colas.jpg 2048w, https:\/\/eliasblanco.com\/volvopenta\/wp-content\/uploads\/2019\/12\/pagina-colas-240x300.jpg 240w, https:\/\/eliasblanco.com\/volvopenta\/wp-content\/uploads\/2019\/12\/pagina-colas-819x1024.jpg 819w, https:\/\/eliasblanco.com\/volvopenta\/wp-content\/uploads\/2019\/12\/pagina-colas-768x960.jpg 768w, https:\/\/eliasblanco.com\/volvopenta\/wp-content\/uploads\/2019\/12\/pagina-colas-1229x1536.jpg 1229w, https:\/\/eliasblanco.com\/volvopenta\/wp-content\/uploads\/2019\/12\/pagina-colas-1638x2048.jpg 1638w\" sizes=\"(max-width: 2048px) 100vw, 2048px\" \/>\t\t\t\t\t\t\t\t\t\t\t\t\t\t\t<\/div>\n\t\t\t\t<\/div>\n\t\t<div class=\"elementor-element elementor-element-d4241b8 e-con-full e-flex e-con e-child\" data-id=\"d4241b8\" data-element_type=\"container\" data-e-type=\"container\">\n\t\t\t\t<div class=\"elementor-element elementor-element-81a1639 elementor-widget elementor-widget-text-editor\" data-id=\"81a1639\" data-element_type=\"widget\" data-e-type=\"widget\" data-widget_type=\"text-editor.default\">\n\t\t\t\t\t\t\t\t\t<p>Todos los sistemas de propulsi\u00f3n<strong>\u00a0Volvo Penta<\/strong>\u00a0forman parte de un sistema completo ya que se ha dise\u00f1ado especialmente para que se ajuste a una serie de motores. Por lo tanto no se pueden combinar libremente las propulsiones con los motores.<\/p><p class=\"wp-block-heading\">Integrando las\u00a0<strong>colas para barcos Volvo Penta<\/strong>, obtendr\u00e1:<\/p><ul class=\"wp-block-list\"><li>Un alto rendimiento<\/li><li>Bajo consumo de combustible<\/li><li>Alta fiabilidad<\/li><li>Una prolongada vida \u00fatil<\/li><li>Bajo nivel de ruidos y vibraciones<\/li><li>Grandes dosis de diversi\u00f3n al navegar<\/li><li>Alto ahorro de combustible<\/li><li>Emisiones de CO<sub>2<\/sub>\u00a0reducidas<\/li><li>Maniobrabilidad excelente a baja velocidad<\/li><li>Inclinaci\u00f3n en playas y aguas poco profundas<\/li><\/ul><p>As\u00ed,\u00a0<strong>el sistema de cola Volvo Penta<\/strong>\u00a0le aporta un completo sistema cuyas partes se han desarrollado en paralelo. Esto se traduce en\u00a0<strong>una mayor fiabilidad y un mejor rendimiento global<\/strong>. As\u00ed mismo, las unidades de transmisi\u00f3n y las h\u00e9lices se han dise\u00f1ado minuciosamente para obtener una combinaci\u00f3n perfecta de par motor y velocidad de la embarcaci\u00f3n. Como resultado se obtiene\u00a0<strong>el mayor empuje posible de cada gota de combustible<\/strong>.<\/p><p>El\u00a0<strong>sistema de cola Aquamatic<\/strong>\u00a0se puede ampliar con funciones \u00fanicas y opciones inteligentes, como son: el modo de remolque, el programador de velocidad o el sistema de trimado autom\u00e1tico. Con el\u00a0<strong>control electr\u00f3nico de la embarcaci\u00f3n o EVC\u00a0<\/strong>(Electronic Vessel Control), se abre la puerta a infinitas ventajas y beneficios, como la supervisi\u00f3n, protecci\u00f3n y diagn\u00f3stico completo tanto del motor como de la transmisi\u00f3n. De tal manera que se obtinen m\u00e1s control, m\u00e1s funciones y m\u00e1s diversi\u00f3n en el agua.<\/p><p>Desde que se introdujo en el mercado, el sistema Aquamatic ha proporcionado a los navegantes\u00a0<strong>la posibilidad de disfrutar de una navegaci\u00f3n m\u00e1s c\u00f3moda<\/strong>. Gracias a c\u00f3mo est\u00e1 colocado motor, puedes disfrutar de los beneficios de\u00a0<strong>un peto de popa despejado<\/strong>, de manera que podr\u00e1s disponer de una plataforma de ba\u00f1o o bien practicar deportes de agua sin obst\u00e1culos detr\u00e1s de la embarcaci\u00f3n.<\/p><p>Los diferentes tipos de cola de los que dispone Volvo Penta son: DPI,\u00a0 DPH,\u00a0DPS,\u00a0SX\u00a0as\u00ed como\u00a0Saildrive.<\/p><p>Finalmente, si tiene alguna duda y necesita asesoramiento, puede\u00a0<a href=\"https:\/\/eliasblanco.com\/volvopenta\/contacto\/\" target=\"_blank\" rel=\"noreferrer noopener\">contactar\u00a0<\/a>con nosotros.<\/p>\t\t\t\t\t\t\t\t<\/div>\n\t\t\t\t<\/div>\n\t\t\t\t\t<\/div>\n\t\t\t\t<\/div>\n\t\t\t\t<\/div>\n\t\t","protected":false},"excerpt":{"rendered":"<p>Colas para barcos Volvo Penta Todos los sistemas de propulsi\u00f3n\u00a0Volvo Penta\u00a0forman parte de un sistema completo ya que se ha dise\u00f1ado especialmente para que se ajuste a una serie de motores. Por lo tanto no se pueden combinar libremente las propulsiones con los motores. Integrando las\u00a0colas para barcos Volvo Penta, obtendr\u00e1: Un alto rendimiento Bajo [&hellip;]<\/p>\n","protected":false},"author":6,"featured_media":0,"parent":0,"menu_order":0,"comment_status":"closed","ping_status":"closed","template":"elementor_canvas","meta":{"_genesis_hide_title":false,"_genesis_hide_breadcrumbs":false,"_genesis_hide_singular_image":false,"_genesis_hide_footer_widgets":false,"_genesis_custom_body_class":"","_genesis_custom_post_class":"","_genesis_layout":"","footnotes":""},"class_list":{"0":"post-3522","1":"page","2":"type-page","3":"status-publish","5":"entry"},"featured_image_src":null,"featured_image_src_square":null,"_links":{"self":[{"href":"https:\/\/eliasblanco.com\/volvopenta\/wp-json\/wp\/v2\/pages\/3522","targetHints":{"allow":["GET"]}}],"collection":[{"href":"https:\/\/eliasblanco.com\/volvopenta\/wp-json\/wp\/v2\/pages"}],"about":[{"href":"https:\/\/eliasblanco.com\/volvopenta\/wp-json\/wp\/v2\/types\/page"}],"author":[{"embeddable":true,"href":"https:\/\/eliasblanco.com\/volvopenta\/wp-json\/wp\/v2\/users\/6"}],"replies":[{"embeddable":true,"href":"https:\/\/eliasblanco.com\/volvopenta\/wp-json\/wp\/v2\/comments?post=3522"}],"version-history":[{"count":8,"href":"https:\/\/eliasblanco.com\/volvopenta\/wp-json\/wp\/v2\/pages\/3522\/revisions"}],"predecessor-version":[{"id":3827,"href":"https:\/\/eliasblanco.com\/volvopenta\/wp-json\/wp\/v2\/pages\/3522\/revisions\/3827"}],"wp:attachment":[{"href":"https:\/\/eliasblanco.com\/volvopenta\/wp-json\/wp\/v2\/media?parent=3522"}],"curies":[{"name":"wp","href":"https:\/\/api.w.org\/{rel}","templated":true}]}}