{"id":3517,"date":"2026-04-24T08:49:16","date_gmt":"2026-04-24T08:49:16","guid":{"rendered":"https:\/\/eliasblanco.com\/volvopenta\/?page_id=3517"},"modified":"2026-04-24T10:53:05","modified_gmt":"2026-04-24T10:53:05","slug":"motores-de-recreo-volvo-penta","status":"publish","type":"page","link":"https:\/\/eliasblanco.com\/volvopenta\/motores-de-recreo-volvo-penta\/","title":{"rendered":"Motores de Recreo Volvo Penta"},"content":{"rendered":"\t\t<div data-elementor-type=\"wp-page\" data-elementor-id=\"3517\" class=\"elementor elementor-3517\" data-elementor-post-type=\"page\">\n\t\t\t\t<div class=\"elementor-element elementor-element-9fbc931 e-flex e-con-boxed e-con e-parent\" data-id=\"9fbc931\" data-element_type=\"container\" data-e-type=\"container\">\n\t\t\t\t\t<div class=\"e-con-inner\">\n\t\t\t\t<div class=\"elementor-element elementor-element-0370dba elementor-widget elementor-widget-heading\" data-id=\"0370dba\" data-element_type=\"widget\" data-e-type=\"widget\" data-widget_type=\"heading.default\">\n\t\t\t\t\t<h2 class=\"elementor-heading-title elementor-size-default\">Motores de Recreo<\/h2>\t\t\t\t<\/div>\n\t\t\t\t\t<\/div>\n\t\t\t\t<\/div>\n\t\t<div class=\"elementor-element elementor-element-7a22a0d e-flex e-con-boxed e-con e-parent\" data-id=\"7a22a0d\" data-element_type=\"container\" data-e-type=\"container\">\n\t\t\t\t\t<div class=\"e-con-inner\">\n\t\t<div class=\"elementor-element elementor-element-2e1d2b0 e-con-full e-flex e-con e-child\" data-id=\"2e1d2b0\" data-element_type=\"container\" data-e-type=\"container\">\n\t\t\t\t<div class=\"elementor-element elementor-element-bbbcbc1 elementor-widget elementor-widget-image\" data-id=\"bbbcbc1\" data-element_type=\"widget\" data-e-type=\"widget\" data-widget_type=\"image.default\">\n\t\t\t\t\t\t\t\t\t\t\t\t\t\t\t<img fetchpriority=\"high\" decoding=\"async\" width=\"2048\" height=\"2560\" src=\"https:\/\/eliasblanco.com\/volvopenta\/wp-content\/uploads\/2019\/12\/pagina-motores-de-recreo2.jpg\" class=\"attachment-full size-full wp-image-2088\" alt=\"\" srcset=\"https:\/\/eliasblanco.com\/volvopenta\/wp-content\/uploads\/2019\/12\/pagina-motores-de-recreo2.jpg 2048w, https:\/\/eliasblanco.com\/volvopenta\/wp-content\/uploads\/2019\/12\/pagina-motores-de-recreo2-240x300.jpg 240w, https:\/\/eliasblanco.com\/volvopenta\/wp-content\/uploads\/2019\/12\/pagina-motores-de-recreo2-819x1024.jpg 819w, https:\/\/eliasblanco.com\/volvopenta\/wp-content\/uploads\/2019\/12\/pagina-motores-de-recreo2-768x960.jpg 768w, https:\/\/eliasblanco.com\/volvopenta\/wp-content\/uploads\/2019\/12\/pagina-motores-de-recreo2-1229x1536.jpg 1229w, https:\/\/eliasblanco.com\/volvopenta\/wp-content\/uploads\/2019\/12\/pagina-motores-de-recreo2-1638x2048.jpg 1638w\" sizes=\"(max-width: 2048px) 100vw, 2048px\" \/>\t\t\t\t\t\t\t\t\t\t\t\t\t\t\t<\/div>\n\t\t\t\t<\/div>\n\t\t<div class=\"elementor-element elementor-element-a429062 e-con-full e-flex e-con e-child\" data-id=\"a429062\" data-element_type=\"container\" data-e-type=\"container\">\n\t\t\t\t<div class=\"elementor-element elementor-element-d514b1b elementor-widget elementor-widget-text-editor\" data-id=\"d514b1b\" data-element_type=\"widget\" data-e-type=\"widget\" data-widget_type=\"text-editor.default\">\n\t\t\t\t\t\t\t\t\t<p>Todos los\u00a0<strong>motores de recreo<\/strong>\u00a0volvo penta cumplen los requisitos medioambientales m\u00e1s rigurosos. Comparados con los anteriores, el nivel de emisiones de part\u00edculas se ha reducido un 40 % y el de \u00f3xido de nitr\u00f3geno e hidrocarburos, un 20 %.<\/p><p>Adem\u00e1s se caracterizan por:<\/p><p>Su<strong>\u00a0bajo consumo<\/strong>\u00a0de combustible,\u00a0<strong>emisiones reducidas<\/strong>\u00a0de CO2 y por el\u00a0<strong>bajo nivel de ruido y vibraciones<\/strong>.<\/p><p>Tambi\u00e9n por tener una excelente\u00a0<strong>maniobrabilidad<\/strong>\u00a0a baja velocidad.<\/p><p class=\"wp-block-heading\"><strong>Los motores de recreo volvo penta\u00a0<\/strong>est\u00e1n preparados para velocidades de crucero a bajas revoluciones de motor. Este hecho provoca unas vibraciones m\u00ednimas y bajos niveles de ruido.<\/p><p>La plataforma\u00a0<a href=\"https:\/\/eliasblanco.com\/volvopenta\/accesorios-evc-volvo-penta\/\" target=\"_blank\" rel=\"noreferrer noopener\">EVC\u00a0<\/a>(control electr\u00f3nico de la embarcaci\u00f3n) permite a\u00f1adir funciones inteligentes a su motor.<\/p><p>Existe una\u00a0<strong>gama completa de accesorios y opciones<\/strong>\u00a0(EVC) y tienen una\u00a0<strong>aceleraci\u00f3n potente<\/strong>\u00a0y buena\u00a0<strong>velocidad de crucero<\/strong>. Igualmente poseen una larga vida de motor y obtienen un buen valor de segunda mano.<\/p><p>Los\u00a0<strong>motores de recreo<\/strong>\u00a0volvo penta ofrecen un\u00a0<strong>par marino \u00fanico<\/strong>. Con \u00e9l que se logra una r\u00e1pida aceleraci\u00f3n, as\u00ed como una velocidad de crucero eficaz. Adem\u00e1s est\u00e1n dise\u00f1ados y fabricados para ser muy fuertes, con un\u00a0<strong>bloque de motor r\u00edgido y una culata de una pieza<\/strong>.<\/p><p>La combinaci\u00f3n de motores limpios con accesorios inteligentes resulta en una\u00a0<strong>navegaci\u00f3n ecol\u00f3gica<\/strong>. Por lo tanto se minimiza el consumo de combustible y se mantienen las emisiones de CO2 en un nivel muy bajo.<\/p><p>Todos los productos han sido cuidadosamente probados en nuestros centros de pruebas marinas. Por esta raz\u00f3n son motores y transmisiones que marcan la diferencia en cuanto a potencia y rendimiento, as\u00ed como en cuanto a bajos niveles de ruido, vibraciones y emisiones.<\/p><p>Todos los motores destacan por su\u00a0<strong>relaci\u00f3n potencia-peso<\/strong>\u00a0y la\u00a0<strong>fiabilidad<\/strong>, por lo tanto, independientemente de los requisitos de su barco, siempre puede encontrar un motor intraborda di\u00e9sel Volvo Penta que se adapte a sus necesidades.<\/p><div class=\"wp-block-columns is-layout-flex wp-container-core-columns-is-layout-9d6595d7 wp-block-columns-is-layout-flex\"><div class=\"wp-block-column is-layout-flow wp-block-column-is-layout-flow\"><p class=\"has-text-align-center\"><a href=\"https:\/\/www.volvopenta.es\/marineleisure\/es-es\/products\/motor-boats\/ranges\/aquamatic-sterndrive-gasoline.html\" target=\"_blank\" rel=\"noreferrer noopener\">Gasolina<\/a><\/p><\/div><div class=\"wp-block-column is-layout-flow wp-block-column-is-layout-flow\"><p class=\"has-text-align-center\"><a href=\"https:\/\/www.volvopenta.es\/marineleisure\/es-es\/products\/motor-yacht\/ranges\/inboard-shaft.html#Select%20any%20one%20Anchor%20Name%20from%20below%20list%20%20\" target=\"_blank\" rel=\"noreferrer noopener\">Intraborda Diesel<\/a><\/p><\/div><\/div><div class=\"wp-block-columns is-layout-flex wp-container-core-columns-is-layout-9d6595d7 wp-block-columns-is-layout-flex\"><div class=\"wp-block-column is-layout-flow wp-block-column-is-layout-flow\"><p class=\"has-text-align-center\"><a href=\"https:\/\/www.volvopenta.es\/marineleisure\/es-es\/products\/motor-boats\/ranges\/aquamatic-sterndrive-diesel.html#Select%20any%20one%20Anchor%20Name%20from%20below%20list%20%20\" target=\"_blank\" rel=\"noreferrer noopener\">Aquamatic Diesel<\/a><\/p><\/div><div class=\"wp-block-column is-layout-flow wp-block-column-is-layout-flow\"><p class=\"has-text-align-center\"><a href=\"https:\/\/www.volvopenta.es\/marineleisure\/es-es\/products\/sailboats\/ranges\/inboard-shaft.html\" target=\"_blank\" rel=\"noreferrer noopener\">Velero<\/a><\/p><\/div><\/div>\t\t\t\t\t\t\t\t<\/div>\n\t\t\t\t<\/div>\n\t\t\t\t\t<\/div>\n\t\t\t\t<\/div>\n\t\t\t\t<\/div>\n\t\t","protected":false},"excerpt":{"rendered":"<p>Motores de Recreo Todos los\u00a0motores de recreo\u00a0volvo penta cumplen los requisitos medioambientales m\u00e1s rigurosos. Comparados con los anteriores, el nivel de emisiones de part\u00edculas se ha reducido un 40 % y el de \u00f3xido de nitr\u00f3geno e hidrocarburos, un 20 %. Adem\u00e1s se caracterizan por: Su\u00a0bajo consumo\u00a0de combustible,\u00a0emisiones reducidas\u00a0de CO2 y por el\u00a0bajo nivel de [&hellip;]<\/p>\n","protected":false},"author":6,"featured_media":0,"parent":0,"menu_order":0,"comment_status":"closed","ping_status":"closed","template":"elementor_canvas","meta":{"_genesis_hide_title":false,"_genesis_hide_breadcrumbs":false,"_genesis_hide_singular_image":false,"_genesis_hide_footer_widgets":false,"_genesis_custom_body_class":"","_genesis_custom_post_class":"","_genesis_layout":"","footnotes":""},"class_list":{"0":"post-3517","1":"page","2":"type-page","3":"status-publish","5":"entry"},"featured_image_src":null,"featured_image_src_square":null,"_links":{"self":[{"href":"https:\/\/eliasblanco.com\/volvopenta\/wp-json\/wp\/v2\/pages\/3517","targetHints":{"allow":["GET"]}}],"collection":[{"href":"https:\/\/eliasblanco.com\/volvopenta\/wp-json\/wp\/v2\/pages"}],"about":[{"href":"https:\/\/eliasblanco.com\/volvopenta\/wp-json\/wp\/v2\/types\/page"}],"author":[{"embeddable":true,"href":"https:\/\/eliasblanco.com\/volvopenta\/wp-json\/wp\/v2\/users\/6"}],"replies":[{"embeddable":true,"href":"https:\/\/eliasblanco.com\/volvopenta\/wp-json\/wp\/v2\/comments?post=3517"}],"version-history":[{"count":5,"href":"https:\/\/eliasblanco.com\/volvopenta\/wp-json\/wp\/v2\/pages\/3517\/revisions"}],"predecessor-version":[{"id":3729,"href":"https:\/\/eliasblanco.com\/volvopenta\/wp-json\/wp\/v2\/pages\/3517\/revisions\/3729"}],"wp:attachment":[{"href":"https:\/\/eliasblanco.com\/volvopenta\/wp-json\/wp\/v2\/media?parent=3517"}],"curies":[{"name":"wp","href":"https:\/\/api.w.org\/{rel}","templated":true}]}}