{"id":3511,"date":"2026-04-24T08:47:27","date_gmt":"2026-04-24T08:47:27","guid":{"rendered":"https:\/\/eliasblanco.com\/volvopenta\/?page_id=3511"},"modified":"2026-04-24T10:52:06","modified_gmt":"2026-04-24T10:52:06","slug":"helices-de-barco-volvo-penta","status":"publish","type":"page","link":"https:\/\/eliasblanco.com\/volvopenta\/helices-de-barco-volvo-penta\/","title":{"rendered":"H\u00e9lices de barco Volvo Penta"},"content":{"rendered":"\t\t<div data-elementor-type=\"wp-page\" data-elementor-id=\"3511\" class=\"elementor elementor-3511\" data-elementor-post-type=\"page\">\n\t\t\t\t<div class=\"elementor-element elementor-element-c5c7c37 e-flex e-con-boxed e-con e-parent\" data-id=\"c5c7c37\" data-element_type=\"container\" data-e-type=\"container\">\n\t\t\t\t\t<div class=\"e-con-inner\">\n\t\t\t\t<div class=\"elementor-element elementor-element-64a47dc elementor-widget elementor-widget-heading\" data-id=\"64a47dc\" data-element_type=\"widget\" data-e-type=\"widget\" data-widget_type=\"heading.default\">\n\t\t\t\t\t<h2 class=\"elementor-heading-title elementor-size-default\">H\u00e9lices de barco Volvo Penta<\/h2>\t\t\t\t<\/div>\n\t\t\t\t\t<\/div>\n\t\t\t\t<\/div>\n\t\t<div class=\"elementor-element elementor-element-2095250 e-flex e-con-boxed e-con e-parent\" data-id=\"2095250\" data-element_type=\"container\" data-e-type=\"container\">\n\t\t\t\t\t<div class=\"e-con-inner\">\n\t\t<div class=\"elementor-element elementor-element-a17ff7f e-con-full e-flex e-con e-child\" data-id=\"a17ff7f\" data-element_type=\"container\" data-e-type=\"container\">\n\t\t\t\t<div class=\"elementor-element elementor-element-9b24044 elementor-widget elementor-widget-image\" data-id=\"9b24044\" data-element_type=\"widget\" data-e-type=\"widget\" data-widget_type=\"image.default\">\n\t\t\t\t\t\t\t\t\t\t\t\t\t\t\t<img fetchpriority=\"high\" decoding=\"async\" width=\"2048\" height=\"2560\" src=\"https:\/\/eliasblanco.com\/volvopenta\/wp-content\/uploads\/2019\/12\/pagina-helices.jpg\" class=\"attachment-full size-full wp-image-2050\" alt=\"helice de barco\" srcset=\"https:\/\/eliasblanco.com\/volvopenta\/wp-content\/uploads\/2019\/12\/pagina-helices.jpg 2048w, https:\/\/eliasblanco.com\/volvopenta\/wp-content\/uploads\/2019\/12\/pagina-helices-240x300.jpg 240w, https:\/\/eliasblanco.com\/volvopenta\/wp-content\/uploads\/2019\/12\/pagina-helices-819x1024.jpg 819w, https:\/\/eliasblanco.com\/volvopenta\/wp-content\/uploads\/2019\/12\/pagina-helices-768x960.jpg 768w, https:\/\/eliasblanco.com\/volvopenta\/wp-content\/uploads\/2019\/12\/pagina-helices-1229x1536.jpg 1229w, https:\/\/eliasblanco.com\/volvopenta\/wp-content\/uploads\/2019\/12\/pagina-helices-1638x2048.jpg 1638w\" sizes=\"(max-width: 2048px) 100vw, 2048px\" \/>\t\t\t\t\t\t\t\t\t\t\t\t\t\t\t<\/div>\n\t\t\t\t<\/div>\n\t\t<div class=\"elementor-element elementor-element-356da69 e-con-full e-flex e-con e-child\" data-id=\"356da69\" data-element_type=\"container\" data-e-type=\"container\">\n\t\t\t\t<div class=\"elementor-element elementor-element-0e892b3 elementor-widget elementor-widget-text-editor\" data-id=\"0e892b3\" data-element_type=\"widget\" data-e-type=\"widget\" data-widget_type=\"text-editor.default\">\n\t\t\t\t\t\t\t\t\t<p>Una correcta elecci\u00f3n de la h\u00e9lice de barco es absolutamente vital para obtener el m\u00e1ximo rendimiento de su motor y de la embarcaci\u00f3n. Las h\u00e9lices de barco Volvo Penta est\u00e1n dise\u00f1adas para este fin.<\/p><p>La amplia gama cubre desde el sistema propulsor de una h\u00e9lice hasta los sistemas Duodrop y Saildrives, as\u00ed como el sistema IPS.<\/p><p>As\u00ed mismo, las\u00a0<strong>h\u00e9lices Volvo Penta<\/strong>\u00a0son una obra de ingenier\u00eda. Detr\u00e1s de cada detalle hay un avanzado proceso de dise\u00f1o basado en a\u00f1os de experiencia. No s\u00f3lo conocemos las h\u00e9lices, sino que desarrollamos toda la l\u00ednea motriz. Por lo tanto podemos convertir la potencia en un rendimiento real que puedes sentir en el agua. Este rendimiento es lo que da lugar a una navegaci\u00f3n m\u00e1s agradable, a la vez que contribuye a mantener el buen estado de su l\u00ednea motriz a largo plazo.<\/p><p>Volvo Penta est\u00e1 a la\u00a0<strong>vanguardia de una ingenier\u00eda avanzada e innovadora<\/strong>\u00a0(cola Aquamatic, saildrive,\u00a0<a href=\"https:\/\/eliasblanco.com\/volvopenta\/sistema-ips\/\">Volvo Penta IPS<\/a>, el Forward Drive\u2026) que solo puede proceder de una amplia experiencia y un compromiso firme de proporcionar una navegaci\u00f3n a\u00fan m\u00e1s placentera. As\u00ed mismo, nuestras h\u00e9lices no son una excepci\u00f3n, sino que son y han sido siempre una parte vital de este proceso innovador y tienen un papel fundamental en el cambio de la definici\u00f3n de rendimiento, comodidad y placer de navegar.<\/p><p class=\"wp-block-heading\">Las\u00a0<strong>h\u00e9lices de barco Volvo Penta\u00a0<\/strong>est\u00e1n dise\u00f1adas como parte de un completo sistema de propulsi\u00f3n. De esta manera siempre se adaptan a tus necesidades, tanto si dispone de un lancha a motor como si tiene un velero.<\/p><p>Descargue la\u00a0<a href=\"https:\/\/eliasblanco.com\/volvopenta\/wp-content\/uploads\/2020\/06\/Guia-de-helices-volvo-penta-2016.compressed1.pdf\" target=\"_blank\" rel=\"noreferrer noopener\">gu\u00eda de h\u00e9lices<\/a>\u00a0para obtener informaci\u00f3n completa de nuestra gama de h\u00e9lices.<\/p><p>Puede comprar online su recambio original volvo penta en nuestra\u00a0<a href=\"https:\/\/www.volvopenta.com\/shop\/523839\" target=\"_blank\" rel=\"noreferrer noopener\">tienda virtual volvo penta shop<\/a>.<\/p><p>O si lo prefiere, puede\u00a0<a href=\"https:\/\/eliasblanco.com\/volvopenta\/contacto\/\">contactar<\/a>\u00a0con nosotros.<\/p>\t\t\t\t\t\t\t\t<\/div>\n\t\t\t\t<\/div>\n\t\t\t\t\t<\/div>\n\t\t\t\t<\/div>\n\t\t\t\t<\/div>\n\t\t","protected":false},"excerpt":{"rendered":"<p>H\u00e9lices de barco Volvo Penta Una correcta elecci\u00f3n de la h\u00e9lice de barco es absolutamente vital para obtener el m\u00e1ximo rendimiento de su motor y de la embarcaci\u00f3n. Las h\u00e9lices de barco Volvo Penta est\u00e1n dise\u00f1adas para este fin. La amplia gama cubre desde el sistema propulsor de una h\u00e9lice hasta los sistemas Duodrop y [&hellip;]<\/p>\n","protected":false},"author":6,"featured_media":0,"parent":0,"menu_order":0,"comment_status":"closed","ping_status":"closed","template":"elementor_canvas","meta":{"_genesis_hide_title":false,"_genesis_hide_breadcrumbs":false,"_genesis_hide_singular_image":false,"_genesis_hide_footer_widgets":false,"_genesis_custom_body_class":"","_genesis_custom_post_class":"","_genesis_layout":"","footnotes":""},"class_list":{"0":"post-3511","1":"page","2":"type-page","3":"status-publish","5":"entry"},"featured_image_src":null,"featured_image_src_square":null,"_links":{"self":[{"href":"https:\/\/eliasblanco.com\/volvopenta\/wp-json\/wp\/v2\/pages\/3511","targetHints":{"allow":["GET"]}}],"collection":[{"href":"https:\/\/eliasblanco.com\/volvopenta\/wp-json\/wp\/v2\/pages"}],"about":[{"href":"https:\/\/eliasblanco.com\/volvopenta\/wp-json\/wp\/v2\/types\/page"}],"author":[{"embeddable":true,"href":"https:\/\/eliasblanco.com\/volvopenta\/wp-json\/wp\/v2\/users\/6"}],"replies":[{"embeddable":true,"href":"https:\/\/eliasblanco.com\/volvopenta\/wp-json\/wp\/v2\/comments?post=3511"}],"version-history":[{"count":5,"href":"https:\/\/eliasblanco.com\/volvopenta\/wp-json\/wp\/v2\/pages\/3511\/revisions"}],"predecessor-version":[{"id":3723,"href":"https:\/\/eliasblanco.com\/volvopenta\/wp-json\/wp\/v2\/pages\/3511\/revisions\/3723"}],"wp:attachment":[{"href":"https:\/\/eliasblanco.com\/volvopenta\/wp-json\/wp\/v2\/media?parent=3511"}],"curies":[{"name":"wp","href":"https:\/\/api.w.org\/{rel}","templated":true}]}}