{"id":3498,"date":"2026-04-24T08:41:01","date_gmt":"2026-04-24T08:41:01","guid":{"rendered":"https:\/\/eliasblanco.com\/volvopenta\/?page_id=3498"},"modified":"2026-04-24T10:55:25","modified_gmt":"2026-04-24T10:55:25","slug":"recambios-originales-volvo-penta","status":"publish","type":"page","link":"https:\/\/eliasblanco.com\/volvopenta\/recambios-originales-volvo-penta\/","title":{"rendered":"Recambios originales Volvo Penta"},"content":{"rendered":"\t\t<div data-elementor-type=\"wp-page\" data-elementor-id=\"3498\" class=\"elementor elementor-3498\" data-elementor-post-type=\"page\">\n\t\t\t\t<div class=\"elementor-element elementor-element-9800e04 e-flex e-con-boxed e-con e-parent\" data-id=\"9800e04\" data-element_type=\"container\" data-e-type=\"container\">\n\t\t\t\t\t<div class=\"e-con-inner\">\n\t\t\t\t<div class=\"elementor-element elementor-element-f72f9cb elementor-widget elementor-widget-heading\" data-id=\"f72f9cb\" data-element_type=\"widget\" data-e-type=\"widget\" data-widget_type=\"heading.default\">\n\t\t\t\t\t<h2 class=\"elementor-heading-title elementor-size-default\">Recambios Originales Volvo Penta<\/h2>\t\t\t\t<\/div>\n\t\t\t\t\t<\/div>\n\t\t\t\t<\/div>\n\t\t<div class=\"elementor-element elementor-element-6532c0c e-flex e-con-boxed e-con e-parent\" data-id=\"6532c0c\" data-element_type=\"container\" data-e-type=\"container\">\n\t\t\t\t\t<div class=\"e-con-inner\">\n\t\t<div class=\"elementor-element elementor-element-f854eb4 e-con-full e-flex e-con e-child\" data-id=\"f854eb4\" data-element_type=\"container\" data-e-type=\"container\">\n\t\t\t\t<div class=\"elementor-element elementor-element-86f393e elementor-widget elementor-widget-image\" data-id=\"86f393e\" data-element_type=\"widget\" data-e-type=\"widget\" data-widget_type=\"image.default\">\n\t\t\t\t\t\t\t\t\t\t\t\t\t\t\t<img fetchpriority=\"high\" decoding=\"async\" width=\"2048\" height=\"2560\" src=\"https:\/\/eliasblanco.com\/volvopenta\/wp-content\/uploads\/2019\/12\/pagina-recambios.jpg\" class=\"attachment-full size-full wp-image-2092\" alt=\"\" srcset=\"https:\/\/eliasblanco.com\/volvopenta\/wp-content\/uploads\/2019\/12\/pagina-recambios.jpg 2048w, https:\/\/eliasblanco.com\/volvopenta\/wp-content\/uploads\/2019\/12\/pagina-recambios-240x300.jpg 240w, https:\/\/eliasblanco.com\/volvopenta\/wp-content\/uploads\/2019\/12\/pagina-recambios-819x1024.jpg 819w, https:\/\/eliasblanco.com\/volvopenta\/wp-content\/uploads\/2019\/12\/pagina-recambios-768x960.jpg 768w, https:\/\/eliasblanco.com\/volvopenta\/wp-content\/uploads\/2019\/12\/pagina-recambios-1229x1536.jpg 1229w, https:\/\/eliasblanco.com\/volvopenta\/wp-content\/uploads\/2019\/12\/pagina-recambios-1638x2048.jpg 1638w\" sizes=\"(max-width: 2048px) 100vw, 2048px\" \/>\t\t\t\t\t\t\t\t\t\t\t\t\t\t\t<\/div>\n\t\t\t\t<\/div>\n\t\t<div class=\"elementor-element elementor-element-91639df e-con-full e-flex e-con e-child\" data-id=\"91639df\" data-element_type=\"container\" data-e-type=\"container\">\n\t\t\t\t<div class=\"elementor-element elementor-element-327d8a3 elementor-widget elementor-widget-text-editor\" data-id=\"327d8a3\" data-element_type=\"widget\" data-e-type=\"widget\" data-widget_type=\"text-editor.default\">\n\t\t\t\t\t\t\t\t\t<p>La gama de\u00a0<strong>recambios originales Volvo Penta<\/strong>\u00a0es muy completa, con las piezas de repuesto directamente relacionadas con su motor. Cada pieza est\u00e1 sometida a pruebas rigurosas tanto en t\u00e9rminos de funcionamiento como en t\u00e9rminos de duraci\u00f3n. Por lo tanto el uso de los piezas originales Volvo Penta\u00a0<strong>ayudar\u00e1 a garantizar un rendimiento \u00f3ptimo, fiabilidad y una larga vida \u00fatil para su producto Volvo Penta<\/strong>.<\/p><p>Las piezas de origen propuestas por\u00a0<a href=\"http:\/\/www.eliasblanco.com\/\">Elias Blanco SL<\/a>\u00a0cumplen los estrictos requisitos de calidad y seguridad establecidos por Volvo Penta.<\/p><p class=\"wp-block-heading\">Recomendamos el uso de recambios originales\u00a0Volvo Penta para mantener su motor en perfectas condiciones y rendimiento \u00f3ptimo, evitar roturas inesperadas o reparaciones costosas.<\/p><p>Muchas son las ventajas de comprar recambios y accesorios originales :<\/p><ul class=\"wp-block-list\"><li>Se corresponden perfectamente con los productos Volva Penta<\/li><li>Tareas de servicio y de seguridad superiores<\/li><li>Mantenimiento r\u00e1pido gracias a una correspondencia perfecta<\/li><li>Precios y plazos de entrega \u00f3ptimos gracias a una log\u00edstica de impecable funcionamiento<\/li><li>Garant\u00eda normal Volvo Penta de 12 meses e incluso de 24 meses si se sirve de un concesionario autorizado<\/li><\/ul><p>Tenemos un\u00a0<a href=\"https:\/\/eliasblanco.com\/volvopenta\/productos\/\">stock\u00a0<\/a>de m\u00e1s de 4000 referencias disponible inmediato en nuestras tiendas de Algeciras y La L\u00ednea. As\u00ed como casi todo el material de mantenimiento en stock para los motores y colas de recreo: filtros, \u00e1nodos, correas, rodetes, fuelles,\u2026<\/p><p>Tanto los recambios originales como los accesorios originales Volvo Penta est\u00e1n cubiertos por una garant\u00eda est\u00e1ndar de 12 meses. Si los compra e instala con nosotros, ampliaremos su garant\u00eda a 24 meses, incluida la mano de obra.<\/p><p>Bajo pedido, podemos conseguir el 99,9% del material en 24 horas.<\/p><p><a href=\"https:\/\/eliasblanco.com\/volvopenta\/contacto\/\">Contacte<\/a>\u00a0con nosotros para conseguir su material siendo imprescindible tener el n\u00ba de serie de su motor o de su cola.<\/p><p>Tambi\u00e9n puede comprar online su recambio original en nuestra\u00a0<a href=\"https:\/\/www.volvopenta.com\/shop\/523839\" target=\"_blank\" rel=\"noreferrer noopener\">tienda virtual volvo penta shop<\/a>. En la tienda online, a la que puede acceder las 24 horas del d\u00eda, puede buscar recambios y realizar pedidos cuando le resulte m\u00e1s c\u00f3modo.<\/p>\t\t\t\t\t\t\t\t<\/div>\n\t\t\t\t<\/div>\n\t\t\t\t\t<\/div>\n\t\t\t\t<\/div>\n\t\t\t\t<\/div>\n\t\t","protected":false},"excerpt":{"rendered":"<p>Recambios Originales Volvo Penta La gama de\u00a0recambios originales Volvo Penta\u00a0es muy completa, con las piezas de repuesto directamente relacionadas con su motor. Cada pieza est\u00e1 sometida a pruebas rigurosas tanto en t\u00e9rminos de funcionamiento como en t\u00e9rminos de duraci\u00f3n. Por lo tanto el uso de los piezas originales Volvo Penta\u00a0ayudar\u00e1 a garantizar un rendimiento \u00f3ptimo, [&hellip;]<\/p>\n","protected":false},"author":6,"featured_media":0,"parent":0,"menu_order":0,"comment_status":"closed","ping_status":"closed","template":"elementor_canvas","meta":{"_genesis_hide_title":false,"_genesis_hide_breadcrumbs":false,"_genesis_hide_singular_image":false,"_genesis_hide_footer_widgets":false,"_genesis_custom_body_class":"","_genesis_custom_post_class":"","_genesis_layout":"","footnotes":""},"class_list":{"0":"post-3498","1":"page","2":"type-page","3":"status-publish","5":"entry"},"featured_image_src":null,"featured_image_src_square":null,"_links":{"self":[{"href":"https:\/\/eliasblanco.com\/volvopenta\/wp-json\/wp\/v2\/pages\/3498","targetHints":{"allow":["GET"]}}],"collection":[{"href":"https:\/\/eliasblanco.com\/volvopenta\/wp-json\/wp\/v2\/pages"}],"about":[{"href":"https:\/\/eliasblanco.com\/volvopenta\/wp-json\/wp\/v2\/types\/page"}],"author":[{"embeddable":true,"href":"https:\/\/eliasblanco.com\/volvopenta\/wp-json\/wp\/v2\/users\/6"}],"replies":[{"embeddable":true,"href":"https:\/\/eliasblanco.com\/volvopenta\/wp-json\/wp\/v2\/comments?post=3498"}],"version-history":[{"count":8,"href":"https:\/\/eliasblanco.com\/volvopenta\/wp-json\/wp\/v2\/pages\/3498\/revisions"}],"predecessor-version":[{"id":3741,"href":"https:\/\/eliasblanco.com\/volvopenta\/wp-json\/wp\/v2\/pages\/3498\/revisions\/3741"}],"wp:attachment":[{"href":"https:\/\/eliasblanco.com\/volvopenta\/wp-json\/wp\/v2\/media?parent=3498"}],"curies":[{"name":"wp","href":"https:\/\/api.w.org\/{rel}","templated":true}]}}