{"id":3486,"date":"2026-04-24T08:23:26","date_gmt":"2026-04-24T08:23:26","guid":{"rendered":"https:\/\/eliasblanco.com\/volvopenta\/?page_id=3486"},"modified":"2026-04-24T10:54:31","modified_gmt":"2026-04-24T10:54:31","slug":"productos-quimicos-volvo-penta","status":"publish","type":"page","link":"https:\/\/eliasblanco.com\/volvopenta\/productos-quimicos-volvo-penta\/","title":{"rendered":"Productos qu\u00edmicos Volvo Penta"},"content":{"rendered":"\t\t<div data-elementor-type=\"wp-page\" data-elementor-id=\"3486\" class=\"elementor elementor-3486\" data-elementor-post-type=\"page\">\n\t\t\t\t<div class=\"elementor-element elementor-element-9e4fbdf e-flex e-con-boxed e-con e-parent\" data-id=\"9e4fbdf\" data-element_type=\"container\" data-e-type=\"container\">\n\t\t\t\t\t<div class=\"e-con-inner\">\n\t\t\t\t<div class=\"elementor-element elementor-element-a66bd2d elementor-widget elementor-widget-heading\" data-id=\"a66bd2d\" data-element_type=\"widget\" data-e-type=\"widget\" data-widget_type=\"heading.default\">\n\t\t\t\t\t<h2 class=\"elementor-heading-title elementor-size-default\">Productos qu\u00edmicos Volvo Penta<\/h2>\t\t\t\t<\/div>\n\t\t\t\t\t<\/div>\n\t\t\t\t<\/div>\n\t\t<div class=\"elementor-element elementor-element-8ca0716 e-flex e-con-boxed e-con e-parent\" data-id=\"8ca0716\" data-element_type=\"container\" data-e-type=\"container\">\n\t\t\t\t\t<div class=\"e-con-inner\">\n\t\t<div class=\"elementor-element elementor-element-47c3652 e-con-full e-flex e-con e-child\" data-id=\"47c3652\" data-element_type=\"container\" data-e-type=\"container\">\n\t\t\t\t<div class=\"elementor-element elementor-element-4da4a61 elementor-widget elementor-widget-image\" data-id=\"4da4a61\" data-element_type=\"widget\" data-e-type=\"widget\" data-widget_type=\"image.default\">\n\t\t\t\t\t\t\t\t\t\t\t\t\t\t\t<img fetchpriority=\"high\" decoding=\"async\" width=\"2047\" height=\"2560\" src=\"https:\/\/eliasblanco.com\/volvopenta\/wp-content\/uploads\/2019\/12\/pagina-productos-quimicos-scaled.jpg\" class=\"attachment-full size-full wp-image-2091\" alt=\"\" srcset=\"https:\/\/eliasblanco.com\/volvopenta\/wp-content\/uploads\/2019\/12\/pagina-productos-quimicos-scaled.jpg 2047w, https:\/\/eliasblanco.com\/volvopenta\/wp-content\/uploads\/2019\/12\/pagina-productos-quimicos-240x300.jpg 240w, https:\/\/eliasblanco.com\/volvopenta\/wp-content\/uploads\/2019\/12\/pagina-productos-quimicos-819x1024.jpg 819w, https:\/\/eliasblanco.com\/volvopenta\/wp-content\/uploads\/2019\/12\/pagina-productos-quimicos-768x960.jpg 768w, https:\/\/eliasblanco.com\/volvopenta\/wp-content\/uploads\/2019\/12\/pagina-productos-quimicos-1228x1536.jpg 1228w, https:\/\/eliasblanco.com\/volvopenta\/wp-content\/uploads\/2019\/12\/pagina-productos-quimicos-1638x2048.jpg 1638w\" sizes=\"(max-width: 2047px) 100vw, 2047px\" \/>\t\t\t\t\t\t\t\t\t\t\t\t\t\t\t<\/div>\n\t\t\t\t<\/div>\n\t\t<div class=\"elementor-element elementor-element-8c95682 e-con-full e-flex e-con e-child\" data-id=\"8c95682\" data-element_type=\"container\" data-e-type=\"container\">\n\t\t\t\t<div class=\"elementor-element elementor-element-9eecd4b elementor-widget elementor-widget-text-editor\" data-id=\"9eecd4b\" data-element_type=\"widget\" data-e-type=\"widget\" data-widget_type=\"text-editor.default\">\n\t\t\t\t\t\t\t\t\t<p class=\"wp-block-heading\">Los productos qu\u00edmicos,\u00a0<strong>aceites, lubricantes y refrigerantes Volvo Penta<\/strong>\u00a0contienen muchos aditivos protectores que minimizan el desgaste, limpian el holl\u00edn, el lodo y las part\u00edculas met\u00e1licas, neutralizan los \u00e1cidos, retienen el agua y poseen propiedades conservantes.<\/p><p>Est\u00e1n elaborados especialmente\u00a0<strong>para optimizar el rendimiento de los motores<\/strong>\u00a0Volvo Penta y est\u00e1n adaptados tambi\u00e9n a las exigencias especiales de motores de bajas emisiones.<\/p><p>Los motores de barcos de recreo est\u00e1n sujetos a un mayor desgaste que otros motores. Esto es debido al hecho de que se utilizan muy intensamente durante per\u00edodos cortos y luego no se utilizan\u00a0durante meses. Por tanto,<strong>\u00a0es muy importante elegir el aceite, refrigerante y la grasa adecuada al uso marino<\/strong>. No s\u00f3lo por razones econ\u00f3micas, sino tambi\u00e9n para su propia seguridad en el mar.<\/p><p><strong>Los aceites Volvo Penta<\/strong>\u00a0ofrecen una\u00a0<strong>excelente proctecci\u00f3n contra la corrosi\u00f3n y el \u00f3xido<\/strong>. Tambi\u00e9n tienen una excelente capacidad de transporte de carga, tanto a baja como a alta temperatura. Tambi\u00e9n garntizan una buen equilibrio entre fricci\u00f3n, agarre y deslizamiento.<\/p><p>Las especificaciones del aceite as\u00ed como la cantidad exacta para su motor se encuentra en el manual del usuario. Estamos a su disposici\u00f3n para resolver todas sus dudas sobre los productos qu\u00edmicos volvo penta.<\/p><p>En cuesti\u00f3n de lubricantes, la\u00a0<strong>grasa resistente al agua<\/strong>\u00a0<strong>Volvo Penta<\/strong>\u00a0ha sido creada para ofrecer\u00a0<strong>excelentes propiedades de adhesi\u00f3n y resistencia al agua<\/strong>. De esta manera protege a largo plazo frente a la corrosi\u00f3n.<\/p><p>Las pinturas Volvo Penta est\u00e1n especialmente formuladas para soportar las elevadas temperaturas del motor. As\u00ed mismo dan protecci\u00f3n adicional contra el \u00f3xido y la corrosi\u00f3n. El formato en spray respeta el medio ambiente, ya que no contiene CFC.<\/p><p>Si se usan junto con la pintura de imprimaci\u00f3n en spray de Volvo Penta se obtiene un acabado suave y libre de \u00f3xido con un secado muy r\u00e1pido.<\/p><p>Tambi\u00e9n puede comprar online su aceite, lubricante, refrigerante y pinturas en nuestra\u00a0<a href=\"https:\/\/www.volvopenta.com\/shop\/523839\" target=\"_blank\" rel=\"noreferrer noopener\">tienda volvo penta shop<\/a>.<\/p><p>Para saber m\u00e1s, puede visitar la p\u00e1gina\u00a0<a href=\"https:\/\/eliasblanco.com\/volvopenta\/analisis-de-aceite\/\">An\u00e1lisis de aceite<\/a>.<\/p>\t\t\t\t\t\t\t\t<\/div>\n\t\t\t\t<\/div>\n\t\t\t\t\t<\/div>\n\t\t\t\t<\/div>\n\t\t\t\t<\/div>\n\t\t","protected":false},"excerpt":{"rendered":"<p>Productos qu\u00edmicos Volvo Penta Los productos qu\u00edmicos,\u00a0aceites, lubricantes y refrigerantes Volvo Penta\u00a0contienen muchos aditivos protectores que minimizan el desgaste, limpian el holl\u00edn, el lodo y las part\u00edculas met\u00e1licas, neutralizan los \u00e1cidos, retienen el agua y poseen propiedades conservantes. Est\u00e1n elaborados especialmente\u00a0para optimizar el rendimiento de los motores\u00a0Volvo Penta y est\u00e1n adaptados tambi\u00e9n a las exigencias [&hellip;]<\/p>\n","protected":false},"author":6,"featured_media":0,"parent":0,"menu_order":0,"comment_status":"closed","ping_status":"closed","template":"elementor_canvas","meta":{"_genesis_hide_title":false,"_genesis_hide_breadcrumbs":false,"_genesis_hide_singular_image":false,"_genesis_hide_footer_widgets":false,"_genesis_custom_body_class":"","_genesis_custom_post_class":"","_genesis_layout":"","footnotes":""},"class_list":{"0":"post-3486","1":"page","2":"type-page","3":"status-publish","5":"entry"},"featured_image_src":null,"featured_image_src_square":null,"_links":{"self":[{"href":"https:\/\/eliasblanco.com\/volvopenta\/wp-json\/wp\/v2\/pages\/3486","targetHints":{"allow":["GET"]}}],"collection":[{"href":"https:\/\/eliasblanco.com\/volvopenta\/wp-json\/wp\/v2\/pages"}],"about":[{"href":"https:\/\/eliasblanco.com\/volvopenta\/wp-json\/wp\/v2\/types\/page"}],"author":[{"embeddable":true,"href":"https:\/\/eliasblanco.com\/volvopenta\/wp-json\/wp\/v2\/users\/6"}],"replies":[{"embeddable":true,"href":"https:\/\/eliasblanco.com\/volvopenta\/wp-json\/wp\/v2\/comments?post=3486"}],"version-history":[{"count":6,"href":"https:\/\/eliasblanco.com\/volvopenta\/wp-json\/wp\/v2\/pages\/3486\/revisions"}],"predecessor-version":[{"id":3737,"href":"https:\/\/eliasblanco.com\/volvopenta\/wp-json\/wp\/v2\/pages\/3486\/revisions\/3737"}],"wp:attachment":[{"href":"https:\/\/eliasblanco.com\/volvopenta\/wp-json\/wp\/v2\/media?parent=3486"}],"curies":[{"name":"wp","href":"https:\/\/api.w.org\/{rel}","templated":true}]}}