{"id":3474,"date":"2026-04-24T07:40:16","date_gmt":"2026-04-24T07:40:16","guid":{"rendered":"https:\/\/eliasblanco.com\/volvopenta\/?page_id=3474"},"modified":"2026-05-05T18:15:49","modified_gmt":"2026-05-05T18:15:49","slug":"contrato-de-servicios-volvo-penta","status":"publish","type":"page","link":"https:\/\/eliasblanco.com\/volvopenta\/contrato-de-servicios-volvo-penta\/","title":{"rendered":"Contrato de servicios"},"content":{"rendered":"\t\t<div data-elementor-type=\"wp-page\" data-elementor-id=\"3474\" class=\"elementor elementor-3474\" data-elementor-post-type=\"page\">\n\t\t\t\t<div class=\"elementor-element elementor-element-1ec8e82 e-flex e-con-boxed e-con e-parent\" data-id=\"1ec8e82\" data-element_type=\"container\" data-e-type=\"container\">\n\t\t\t\t\t<div class=\"e-con-inner\">\n\t\t\t\t<div class=\"elementor-element elementor-element-dfa70fa elementor-widget elementor-widget-heading\" data-id=\"dfa70fa\" data-element_type=\"widget\" data-e-type=\"widget\" data-widget_type=\"heading.default\">\n\t\t\t\t\t<h2 class=\"elementor-heading-title elementor-size-default\">contrato de servicios<\/h2>\t\t\t\t<\/div>\n\t\t\t\t\t<\/div>\n\t\t\t\t<\/div>\n\t\t<div class=\"elementor-element elementor-element-91f1e66 e-flex e-con-boxed e-con e-parent\" data-id=\"91f1e66\" data-element_type=\"container\" data-e-type=\"container\">\n\t\t\t\t\t<div class=\"e-con-inner\">\n\t\t\t\t<div class=\"elementor-element elementor-element-d259700 elementor-widget elementor-widget-heading\" data-id=\"d259700\" data-element_type=\"widget\" data-e-type=\"widget\" data-widget_type=\"heading.default\">\n\t\t\t\t\t<h2 class=\"elementor-heading-title elementor-size-default\">Nos ocupamos de tu motor<\/h2>\t\t\t\t<\/div>\n\t\t\t\t\t<\/div>\n\t\t\t\t<\/div>\n\t\t<div class=\"elementor-element elementor-element-7b398ff e-flex e-con-boxed e-con e-parent\" data-id=\"7b398ff\" data-element_type=\"container\" data-e-type=\"container\">\n\t\t\t\t\t<div class=\"e-con-inner\">\n\t\t<div class=\"elementor-element elementor-element-c5ba6db e-con-full e-flex e-con e-child\" data-id=\"c5ba6db\" data-element_type=\"container\" data-e-type=\"container\">\n\t\t\t\t<div class=\"elementor-element elementor-element-433533f elementor-widget elementor-widget-image\" data-id=\"433533f\" data-element_type=\"widget\" data-e-type=\"widget\" data-widget_type=\"image.default\">\n\t\t\t\t\t\t\t\t\t\t\t\t\t\t\t<img fetchpriority=\"high\" decoding=\"async\" width=\"819\" height=\"1024\" src=\"https:\/\/eliasblanco.com\/volvopenta\/wp-content\/uploads\/2026\/04\/contrato-de-servicios2.png\" class=\"attachment-full size-full wp-image-3482\" alt=\"\" srcset=\"https:\/\/eliasblanco.com\/volvopenta\/wp-content\/uploads\/2026\/04\/contrato-de-servicios2.png 819w, https:\/\/eliasblanco.com\/volvopenta\/wp-content\/uploads\/2026\/04\/contrato-de-servicios2-240x300.png 240w, https:\/\/eliasblanco.com\/volvopenta\/wp-content\/uploads\/2026\/04\/contrato-de-servicios2-768x960.png 768w\" sizes=\"(max-width: 819px) 100vw, 819px\" \/>\t\t\t\t\t\t\t\t\t\t\t\t\t\t\t<\/div>\n\t\t\t\t<\/div>\n\t\t<div class=\"elementor-element elementor-element-e1f1803 e-con-full e-flex e-con e-child\" data-id=\"e1f1803\" data-element_type=\"container\" data-e-type=\"container\">\n\t\t\t\t<div class=\"elementor-element elementor-element-6c0255e elementor-widget elementor-widget-text-editor\" data-id=\"6c0255e\" data-element_type=\"widget\" data-e-type=\"widget\" data-widget_type=\"text-editor.default\">\n\t\t\t\t\t\t\t\t\t<p><strong>El\u00a0contrato de servicios Volvo Penta<\/strong>\u00a0(Service Agreements) est\u00e1 dise\u00f1ado para ayudar a maximizar el tiempo de actividad y mejorar el control de costes, as\u00ed como el costo total de propiedad, d\u00e1ndole m\u00e1s tiempo para centrarse en su negocio principal. Por tanto est\u00e1\u00a0<strong>dise\u00f1ado para ayudarte a mantener su equipo en \u00f3ptimas condiciones con el m\u00ednimo esfuerzo<\/strong>.<\/p><p>Se puede adaptar a sus necesidades de funcionamiento incluyendo cualquier cosa,\u00a0<strong>desde las inspecciones peri\u00f3dicas hasta un programa de servicio y mantenimiento integral<\/strong>\u00a0que incluye\u00a0<a href=\"https:\/\/eliasblanco.com\/volvopenta\/reparacion\/\">reparaciones preventivas<\/a>\u00a0y por tanto adaptarse a tu presupuesto.<\/p><p class=\"wp-block-heading\">Con un contrato de servicios de Volvo Penta, su motor est\u00e1 atendido por t\u00e9cnicos de Elias Blanco SL, capacitados y cualificados que conocen su motor y pueden asegurarse de que se mantiene de manera \u00f3ptima y de que trabaja de manera eficiente a la m\u00e1xima productividad. As\u00ed, nuestros mec\u00e1nicos est\u00e1n formados y certificados, de manera quepueden asegurar su motor funciona de forma segura. Igualmente de que consume el m\u00ednimo de combustible y de que presenta un rendimiento \u00f3ptimo.<\/p><p>Los beneficios de los acuerdos de servicios Volvo Penta:<\/p><ul class=\"wp-block-list\"><li>Gesti\u00f3n c\u00f3moda y f\u00e1cil<\/li><li>Planificaci\u00f3n previa del trabajo para un mantenimiento r\u00e1pido y eficaz<\/li><li>Por lo tanto, tiempo de trabajo optimizado<\/li><li>Costos predecibles, presupuesto simplificado<\/li><li>Adaptado a sus necesidades de funcionamiento<\/li><li>Aumento de la vida \u00fatil y del valor de reventa<\/li><li>Menor coste total de la propiedad<\/li><li>M\u00e1s tiempo para centrarse en su negocio principal o en la navegaci\u00f3n<\/li><li>T\u00e9cnicos formados que solo utilizan\u00a0<a href=\"https:\/\/eliasblanco.com\/volvopenta\/recambios-originales-volvo-penta\/\">Recambios originales Volvo Penta<\/a><\/li><\/ul><p>Un\u00a0<a href=\"https:\/\/eliasblanco.com\/volvopenta\/analisis-de-aceite\/\">an\u00e1lisis de aceite<\/a>\u00a0puede ser de ayuda para identificar problemas y tener un control del estado de tu motor.<\/p><p>Si necesita m\u00e1s informaci\u00f3n, p\u00f3ngase en\u00a0<a href=\"https:\/\/eliasblanco.com\/volvopenta\/contacto\/\">contacto<\/a>\u00a0con nosotros. Estaremos encantados de planificar contigo tu\u00a0<strong>contrato de servicios Volvo Penta<\/strong>.<\/p><p>Puede comprar online su recambio original volvo penta en nuestra\u00a0<a href=\"https:\/\/www.volvopenta.com\/shop\/523839\" target=\"_blank\" rel=\"noreferrer noopener\">tienda virtual volvo penta shop<\/a>.<\/p>\t\t\t\t\t\t\t\t<\/div>\n\t\t\t\t<\/div>\n\t\t\t\t\t<\/div>\n\t\t\t\t<\/div>\n\t\t\t\t<\/div>\n\t\t","protected":false},"excerpt":{"rendered":"<p>contrato de servicios Nos ocupamos de tu motor El\u00a0contrato de servicios Volvo Penta\u00a0(Service Agreements) est\u00e1 dise\u00f1ado para ayudar a maximizar el tiempo de actividad y mejorar el control de costes, as\u00ed como el costo total de propiedad, d\u00e1ndole m\u00e1s tiempo para centrarse en su negocio principal. Por tanto est\u00e1\u00a0dise\u00f1ado para ayudarte a mantener su equipo [&hellip;]<\/p>\n","protected":false},"author":6,"featured_media":0,"parent":0,"menu_order":0,"comment_status":"closed","ping_status":"closed","template":"elementor_canvas","meta":{"_genesis_hide_title":false,"_genesis_hide_breadcrumbs":false,"_genesis_hide_singular_image":false,"_genesis_hide_footer_widgets":false,"_genesis_custom_body_class":"","_genesis_custom_post_class":"","_genesis_layout":"","footnotes":""},"class_list":{"0":"post-3474","1":"page","2":"type-page","3":"status-publish","5":"entry","6":"has-post-thumbnail"},"featured_image_src":null,"featured_image_src_square":null,"_links":{"self":[{"href":"https:\/\/eliasblanco.com\/volvopenta\/wp-json\/wp\/v2\/pages\/3474","targetHints":{"allow":["GET"]}}],"collection":[{"href":"https:\/\/eliasblanco.com\/volvopenta\/wp-json\/wp\/v2\/pages"}],"about":[{"href":"https:\/\/eliasblanco.com\/volvopenta\/wp-json\/wp\/v2\/types\/page"}],"author":[{"embeddable":true,"href":"https:\/\/eliasblanco.com\/volvopenta\/wp-json\/wp\/v2\/users\/6"}],"replies":[{"embeddable":true,"href":"https:\/\/eliasblanco.com\/volvopenta\/wp-json\/wp\/v2\/comments?post=3474"}],"version-history":[{"count":14,"href":"https:\/\/eliasblanco.com\/volvopenta\/wp-json\/wp\/v2\/pages\/3474\/revisions"}],"predecessor-version":[{"id":3834,"href":"https:\/\/eliasblanco.com\/volvopenta\/wp-json\/wp\/v2\/pages\/3474\/revisions\/3834"}],"wp:attachment":[{"href":"https:\/\/eliasblanco.com\/volvopenta\/wp-json\/wp\/v2\/media?parent=3474"}],"curies":[{"name":"wp","href":"https:\/\/api.w.org\/{rel}","templated":true}]}}