{"id":3469,"date":"2026-04-24T06:39:24","date_gmt":"2026-04-24T06:39:24","guid":{"rendered":"https:\/\/eliasblanco.com\/volvopenta\/?page_id=3469"},"modified":"2026-05-05T18:07:21","modified_gmt":"2026-05-05T18:07:21","slug":"analisis-de-aceite-2","status":"publish","type":"page","link":"https:\/\/eliasblanco.com\/volvopenta\/analisis-de-aceite-2\/","title":{"rendered":"An\u00e1lisis de aceite"},"content":{"rendered":"\t\t<div data-elementor-type=\"wp-page\" data-elementor-id=\"3469\" class=\"elementor elementor-3469\" data-elementor-post-type=\"page\">\n\t\t\t\t<div class=\"elementor-element elementor-element-2788796 e-flex e-con-boxed e-con e-parent\" data-id=\"2788796\" data-element_type=\"container\" data-e-type=\"container\">\n\t\t\t\t\t<div class=\"e-con-inner\">\n\t\t\t\t<div class=\"elementor-element elementor-element-431852e elementor-widget elementor-widget-heading\" data-id=\"431852e\" data-element_type=\"widget\" data-e-type=\"widget\" data-widget_type=\"heading.default\">\n\t\t\t\t\t<h2 class=\"elementor-heading-title elementor-size-default\">an\u00e1lisis de aceite<\/h2>\t\t\t\t<\/div>\n\t\t\t\t\t<\/div>\n\t\t\t\t<\/div>\n\t\t<div class=\"elementor-element elementor-element-6b5b132 e-flex e-con-boxed e-con e-parent\" data-id=\"6b5b132\" data-element_type=\"container\" data-e-type=\"container\">\n\t\t\t\t\t<div class=\"e-con-inner\">\n\t\t\t\t<div class=\"elementor-element elementor-element-2ac9779 elementor-widget elementor-widget-heading\" data-id=\"2ac9779\" data-element_type=\"widget\" data-e-type=\"widget\" data-widget_type=\"heading.default\">\n\t\t\t\t\t<h2 class=\"elementor-heading-title elementor-size-default\">Controla el interior de tu motor<\/h2>\t\t\t\t<\/div>\n\t\t\t\t\t<\/div>\n\t\t\t\t<\/div>\n\t\t<div class=\"elementor-element elementor-element-d128656 e-flex e-con-boxed e-con e-parent\" data-id=\"d128656\" data-element_type=\"container\" data-e-type=\"container\">\n\t\t\t\t\t<div class=\"e-con-inner\">\n\t\t<div class=\"elementor-element elementor-element-78be16a e-con-full e-flex e-con e-child\" data-id=\"78be16a\" data-element_type=\"container\" data-e-type=\"container\">\n\t\t\t\t<div class=\"elementor-element elementor-element-2dce971 elementor-widget elementor-widget-image\" data-id=\"2dce971\" data-element_type=\"widget\" data-e-type=\"widget\" data-widget_type=\"image.default\">\n\t\t\t\t\t\t\t\t\t\t\t\t\t\t\t<img fetchpriority=\"high\" decoding=\"async\" width=\"1600\" height=\"2000\" src=\"https:\/\/eliasblanco.com\/volvopenta\/wp-content\/uploads\/2020\/04\/analisis-de-aceite-VP.png\" class=\"attachment-full size-full wp-image-2188\" alt=\"analisis de aceite Volvo Penta\" srcset=\"https:\/\/eliasblanco.com\/volvopenta\/wp-content\/uploads\/2020\/04\/analisis-de-aceite-VP.png 1600w, https:\/\/eliasblanco.com\/volvopenta\/wp-content\/uploads\/2020\/04\/analisis-de-aceite-VP-240x300.png 240w, https:\/\/eliasblanco.com\/volvopenta\/wp-content\/uploads\/2020\/04\/analisis-de-aceite-VP-819x1024.png 819w, https:\/\/eliasblanco.com\/volvopenta\/wp-content\/uploads\/2020\/04\/analisis-de-aceite-VP-768x960.png 768w, https:\/\/eliasblanco.com\/volvopenta\/wp-content\/uploads\/2020\/04\/analisis-de-aceite-VP-1229x1536.png 1229w\" sizes=\"(max-width: 1600px) 100vw, 1600px\" \/>\t\t\t\t\t\t\t\t\t\t\t\t\t\t\t<\/div>\n\t\t\t\t<\/div>\n\t\t<div class=\"elementor-element elementor-element-0eb1fe9 e-con-full e-flex e-con e-child\" data-id=\"0eb1fe9\" data-element_type=\"container\" data-e-type=\"container\">\n\t\t\t\t<div class=\"elementor-element elementor-element-2b09196 elementor-widget elementor-widget-text-editor\" data-id=\"2b09196\" data-element_type=\"widget\" data-e-type=\"widget\" data-widget_type=\"text-editor.default\">\n\t\t\t\t\t\t\t\t\t<p>El an\u00e1lisis de aceite Volvo Penta le ofrece un diagn\u00f3stico integral de la condici\u00f3n del motor. Tambi\u00e9n proporciona informaci\u00f3n tal como el contenido de combustible, de agua, la viscosidad, la suciedad y la cantidad de part\u00edculas met\u00e1licas en el aceite, resultado del desgaste de los componentes internos.<\/p><p>Con el uso regular del an\u00e1lisis de aceite, tiene una excelente herramienta de planificaci\u00f3n para un mejor control del estado de su motor. Igualmente tendr\u00e1 un diagn\u00f3stico del estado de la transmisi\u00f3n. Del mismo modo se pueden visualizar las tendencias y avisos con antelaci\u00f3n en caso de que se produzca un desgaste an\u00f3malo, para reducir as\u00ed los costes de reparaci\u00f3n y alargar la vida \u00fatil de su equipo.<\/p><p>Por tanto, gracias a las alertas tempranas que ofrece el an\u00e1lisis, se puede\u00a0<a href=\"https:\/\/eliasblanco.com\/volvopenta\/contrato-de-servicios-volvo-penta\/\">planificar el mantenimiento\u00a0<\/a>o cambios de componentes de manera preventiva, evitar roturas fatales al motor y as\u00ed prolongar su vida.<\/p><p class=\"wp-block-heading\">Los siguientes componentes presentes de manera excesiva en el an\u00e1lisis de aceite nos indican desgastes o problemas: (<a href=\"https:\/\/eliasblanco.com\/volvopenta\/wp-content\/uploads\/2020\/06\/V0239945.pdf\">ver ejemplo informe PDF)<\/a><\/p><ul class=\"wp-block-list\"><li>Fe-Hierro: Camisas, \u00e1rbol de levas, taqu\u00e9s, gu\u00edas de v\u00e1lvulas y cig\u00fce\u00f1al<\/li><li>PB-Plomo: Cojinetes de bancada y de biela, cojinetes de fricci\u00f3n<\/li><li>Cu-Cobre: Igual que PB-Plomo<\/li><li>Sn-Esta\u00f1o: Capa de desgaste de los cojinetes de fricci\u00f3n<\/li><li>Cr-Cromo: Segmentos, v\u00e1lvulas<\/li><li>Al-Aluminio: Pistones<\/li><li>Ni-N\u00edquel: Cojinetes de fricci\u00f3n<\/li><li>Si-Silicio: Arena, suciedad, etc<\/li><li>Insolubles: Aceite craquizado, residuos de combusti\u00f3n, holl\u00edn<\/li><li>H2O-Agua: Refrigerante, condensaci\u00f3n de agua, agua via \u201cblow-by\u201d<\/li><li>Combustible: Combusti\u00f3n incompleta, inyectores que fugan<\/li><\/ul><p class=\"wp-block-heading\">El an\u00e1lisis de aceite de alta calidad se realiza en laboratorios acreditados, con valores l\u00edmite concretos, definidos por Volvo Penta. Por lo tanto, el resultado de la prueba indicar\u00e1 la presencia de cualquier sustancia potencialmente da\u00f1ina de manera precisa, lo que le permitir\u00e1 tomar medidas antes de que se produzca un fallo importante.<\/p><p>Para obtener m\u00e1s informaci\u00f3n, p\u00f3ngase en\u00a0<a href=\"https:\/\/eliasblanco.com\/volvopenta\/contacto\/\">contacto<\/a>\u00a0con nosotros.<\/p>\t\t\t\t\t\t\t\t<\/div>\n\t\t\t\t<\/div>\n\t\t\t\t\t<\/div>\n\t\t\t\t<\/div>\n\t\t\t\t<\/div>\n\t\t","protected":false},"excerpt":{"rendered":"<p>an\u00e1lisis de aceite Controla el interior de tu motor El an\u00e1lisis de aceite Volvo Penta le ofrece un diagn\u00f3stico integral de la condici\u00f3n del motor. Tambi\u00e9n proporciona informaci\u00f3n tal como el contenido de combustible, de agua, la viscosidad, la suciedad y la cantidad de part\u00edculas met\u00e1licas en el aceite, resultado del desgaste de los componentes [&hellip;]<\/p>\n","protected":false},"author":6,"featured_media":0,"parent":0,"menu_order":0,"comment_status":"closed","ping_status":"closed","template":"elementor_canvas","meta":{"_genesis_hide_title":false,"_genesis_hide_breadcrumbs":false,"_genesis_hide_singular_image":false,"_genesis_hide_footer_widgets":false,"_genesis_custom_body_class":"","_genesis_custom_post_class":"","_genesis_layout":"","footnotes":""},"class_list":{"0":"post-3469","1":"page","2":"type-page","3":"status-publish","5":"entry"},"featured_image_src":null,"featured_image_src_square":null,"_links":{"self":[{"href":"https:\/\/eliasblanco.com\/volvopenta\/wp-json\/wp\/v2\/pages\/3469","targetHints":{"allow":["GET"]}}],"collection":[{"href":"https:\/\/eliasblanco.com\/volvopenta\/wp-json\/wp\/v2\/pages"}],"about":[{"href":"https:\/\/eliasblanco.com\/volvopenta\/wp-json\/wp\/v2\/types\/page"}],"author":[{"embeddable":true,"href":"https:\/\/eliasblanco.com\/volvopenta\/wp-json\/wp\/v2\/users\/6"}],"replies":[{"embeddable":true,"href":"https:\/\/eliasblanco.com\/volvopenta\/wp-json\/wp\/v2\/comments?post=3469"}],"version-history":[{"count":8,"href":"https:\/\/eliasblanco.com\/volvopenta\/wp-json\/wp\/v2\/pages\/3469\/revisions"}],"predecessor-version":[{"id":3824,"href":"https:\/\/eliasblanco.com\/volvopenta\/wp-json\/wp\/v2\/pages\/3469\/revisions\/3824"}],"wp:attachment":[{"href":"https:\/\/eliasblanco.com\/volvopenta\/wp-json\/wp\/v2\/media?parent=3469"}],"curies":[{"name":"wp","href":"https:\/\/api.w.org\/{rel}","templated":true}]}}