{"id":3450,"date":"2026-04-23T12:23:16","date_gmt":"2026-04-23T12:23:16","guid":{"rendered":"https:\/\/eliasblanco.com\/volvopenta\/?page_id=3450"},"modified":"2026-04-24T10:56:09","modified_gmt":"2026-04-24T10:56:09","slug":"reparacion","status":"publish","type":"page","link":"https:\/\/eliasblanco.com\/volvopenta\/reparacion\/","title":{"rendered":"Reparaci\u00f3n"},"content":{"rendered":"\t\t<div data-elementor-type=\"wp-page\" data-elementor-id=\"3450\" class=\"elementor elementor-3450\" data-elementor-post-type=\"page\">\n\t\t\t\t<div class=\"elementor-element elementor-element-28bc766 e-flex e-con-boxed e-con e-parent\" data-id=\"28bc766\" data-element_type=\"container\" data-e-type=\"container\">\n\t\t\t\t\t<div class=\"e-con-inner\">\n\t\t\t\t<div class=\"elementor-element elementor-element-224e9ee elementor-widget elementor-widget-heading\" data-id=\"224e9ee\" data-element_type=\"widget\" data-e-type=\"widget\" data-widget_type=\"heading.default\">\n\t\t\t\t\t<h2 class=\"elementor-heading-title elementor-size-default\">reparaci\u00f3n<\/h2>\t\t\t\t<\/div>\n\t\t\t\t\t<\/div>\n\t\t\t\t<\/div>\n\t\t<div class=\"elementor-element elementor-element-0b8fb31 e-flex e-con-boxed e-con e-parent\" data-id=\"0b8fb31\" data-element_type=\"container\" data-e-type=\"container\">\n\t\t\t\t\t<div class=\"e-con-inner\">\n\t\t\t\t<div class=\"elementor-element elementor-element-fc24087 elementor-widget elementor-widget-heading\" data-id=\"fc24087\" data-element_type=\"widget\" data-e-type=\"widget\" data-widget_type=\"heading.default\">\n\t\t\t\t\t<h2 class=\"elementor-heading-title elementor-size-default\">Nos ocupamos de tu motor<\/h2>\t\t\t\t<\/div>\n\t\t\t\t\t<\/div>\n\t\t\t\t<\/div>\n\t\t<div class=\"elementor-element elementor-element-371d98d e-flex e-con-boxed e-con e-parent\" data-id=\"371d98d\" data-element_type=\"container\" data-e-type=\"container\">\n\t\t\t\t\t<div class=\"e-con-inner\">\n\t\t<div class=\"elementor-element elementor-element-1f49f90 e-con-full e-flex e-con e-child\" data-id=\"1f49f90\" data-element_type=\"container\" data-e-type=\"container\">\n\t\t\t\t<div class=\"elementor-element elementor-element-9f6bfd0 elementor-widget elementor-widget-image\" data-id=\"9f6bfd0\" data-element_type=\"widget\" data-e-type=\"widget\" data-widget_type=\"image.default\">\n\t\t\t\t\t\t\t\t\t\t\t\t\t\t\t<img fetchpriority=\"high\" decoding=\"async\" width=\"1080\" height=\"1350\" src=\"https:\/\/eliasblanco.com\/volvopenta\/wp-content\/uploads\/2020\/04\/reparacion-D9-covid.png\" class=\"attachment-full size-full wp-image-2411\" alt=\"reparaci\u00f3n de motores Volvo Penta\" srcset=\"https:\/\/eliasblanco.com\/volvopenta\/wp-content\/uploads\/2020\/04\/reparacion-D9-covid.png 1080w, https:\/\/eliasblanco.com\/volvopenta\/wp-content\/uploads\/2020\/04\/reparacion-D9-covid-240x300.png 240w, https:\/\/eliasblanco.com\/volvopenta\/wp-content\/uploads\/2020\/04\/reparacion-D9-covid-819x1024.png 819w, https:\/\/eliasblanco.com\/volvopenta\/wp-content\/uploads\/2020\/04\/reparacion-D9-covid-768x960.png 768w\" sizes=\"(max-width: 1080px) 100vw, 1080px\" \/>\t\t\t\t\t\t\t\t\t\t\t\t\t\t\t<\/div>\n\t\t\t\t<\/div>\n\t\t<div class=\"elementor-element elementor-element-7696039 e-con-full e-flex e-con e-child\" data-id=\"7696039\" data-element_type=\"container\" data-e-type=\"container\">\n\t\t\t\t<div class=\"elementor-element elementor-element-f951c35 elementor-widget elementor-widget-text-editor\" data-id=\"f951c35\" data-element_type=\"widget\" data-e-type=\"widget\" data-widget_type=\"text-editor.default\">\n\t\t\t\t\t\t\t\t\t<p>El personal t\u00e9cnico de\u00a0<a href=\"http:\/\/www.eliasblanco.com\/\">Elias Blanco S.L<\/a>\u00a0est\u00e1 formado de manera continua. As\u00ed podemos intervenir tanto en\u00a0<strong>motores de \u00faltima<\/strong>\u00a0<strong>generaci\u00f3n Volvo Penta<\/strong>\u00a0como\u00a0<strong>motores de maquinarias industriales<\/strong>. Tambi\u00e9n\u00a0<strong>en barcos y grupos electr\u00f3genos, genset y powerpack<\/strong>.<\/p><p>En nuestras instalaciones\u00a0<strong>disponemos de todas las herramientas basicas y especiales<\/strong>\u00a0que nos permiten ocuparnos al 100% de tu motor. Todas ellas son\u00a0<strong>clasificadas y controladas cada a\u00f1o por el servicio tecnico de Volvo Penta<\/strong>\u00a0a trav\u00e9s de una auditoria documentada. Adem\u00e1s estamos certificados por Bureau Veritas, tanto en calidad como en medio ambiente.<\/p><p><a href=\"https:\/\/eliasblanco.com\/volvopenta\/garantia-elias-blanco-volvo-penta\/\">Nuestra experiencia<\/a>\u00a0es larga para poder identificar y arreglar\u00a0<strong>cualquier problema con su motor<\/strong>: ya sea reparaci\u00f3n completa de motor (overhaul), limpieza de sistema de refrigeraci\u00f3n o reparaci\u00f3n de turbo.<\/p><p class=\"wp-block-heading\">Tambi\u00e9n realizamos ajuste de v\u00e1lvulas, reparaci\u00f3n de inyectores, de bomba inyectora y de bombas de agua. Igualmente reparaci\u00f3n de culatas, calibraci\u00f3n de inyectores y diagnostico electr\u00f3nico con Vodia.<\/p><p>El\u00a0<strong>overhaul<\/strong>\u00a0de motor consiste en una reparacion completa desmontando todos los componentes, descartando las piezas excesivamente gastadas. As\u00ed se controla la tolerancia de todas las piezas criticas del motor, rectificandolas o cambiandolas.<\/p><p>Todas las juntas, retenes, y piezas de uso \u00fanico, se montan nuevas, respetando los protocolos y los pares aprietes de Volvo Penta. Luego probamos el motor.<\/p><p><strong>Se hace un overhaul despues de una rotura grave pero sobre todo de forma preventiva para alargar la vida del motor<\/strong>. Puede prevenir un posible problema que podr\u00eda ser fatal al motor sin posibilidad de repararlo.\u00a0<br \/>Igualmente somo expertos en sistema el\u00e9ctrico y electr\u00f3nica del motor.<\/p><p>Por tanto, no dude en\u00a0<a href=\"https:\/\/eliasblanco.com\/volvopenta\/contacto\/\">contactar<\/a>\u00a0con nosotros para cualquier tipo de s\u00edntoma anormal:<\/p><ul class=\"wp-block-list\"><li>humo blanco o humo negro<\/li><li>ruido anormal<\/li><li>olor o vibraciones excesivos<\/li><li>bajada de potencia<\/li><li>temperatura anormal<\/li><li>consumo excesivo de combustible o aceite, etc\u2026<\/li><\/ul><p>Puede comprar su recambio original volvo penta en nuestra\u00a0<a href=\"https:\/\/www.volvopenta.com\/shop\/523839\">tienda online volvo penta shop<\/a>.<\/p>\t\t\t\t\t\t\t\t<\/div>\n\t\t\t\t<\/div>\n\t\t\t\t\t<\/div>\n\t\t\t\t<\/div>\n\t\t\t\t<\/div>\n\t\t","protected":false},"excerpt":{"rendered":"<p>reparaci\u00f3n Nos ocupamos de tu motor El personal t\u00e9cnico de\u00a0Elias Blanco S.L\u00a0est\u00e1 formado de manera continua. As\u00ed podemos intervenir tanto en\u00a0motores de \u00faltima\u00a0generaci\u00f3n Volvo Penta\u00a0como\u00a0motores de maquinarias industriales. Tambi\u00e9n\u00a0en barcos y grupos electr\u00f3genos, genset y powerpack. En nuestras instalaciones\u00a0disponemos de todas las herramientas basicas y especiales\u00a0que nos permiten ocuparnos al 100% de tu motor. Todas [&hellip;]<\/p>\n","protected":false},"author":6,"featured_media":0,"parent":0,"menu_order":0,"comment_status":"closed","ping_status":"closed","template":"elementor_canvas","meta":{"_genesis_hide_title":false,"_genesis_hide_breadcrumbs":false,"_genesis_hide_singular_image":false,"_genesis_hide_footer_widgets":false,"_genesis_custom_body_class":"","_genesis_custom_post_class":"","_genesis_layout":"","footnotes":""},"class_list":{"0":"post-3450","1":"page","2":"type-page","3":"status-publish","5":"entry"},"featured_image_src":null,"featured_image_src_square":null,"_links":{"self":[{"href":"https:\/\/eliasblanco.com\/volvopenta\/wp-json\/wp\/v2\/pages\/3450","targetHints":{"allow":["GET"]}}],"collection":[{"href":"https:\/\/eliasblanco.com\/volvopenta\/wp-json\/wp\/v2\/pages"}],"about":[{"href":"https:\/\/eliasblanco.com\/volvopenta\/wp-json\/wp\/v2\/types\/page"}],"author":[{"embeddable":true,"href":"https:\/\/eliasblanco.com\/volvopenta\/wp-json\/wp\/v2\/users\/6"}],"replies":[{"embeddable":true,"href":"https:\/\/eliasblanco.com\/volvopenta\/wp-json\/wp\/v2\/comments?post=3450"}],"version-history":[{"count":5,"href":"https:\/\/eliasblanco.com\/volvopenta\/wp-json\/wp\/v2\/pages\/3450\/revisions"}],"predecessor-version":[{"id":3747,"href":"https:\/\/eliasblanco.com\/volvopenta\/wp-json\/wp\/v2\/pages\/3450\/revisions\/3747"}],"wp:attachment":[{"href":"https:\/\/eliasblanco.com\/volvopenta\/wp-json\/wp\/v2\/media?parent=3450"}],"curies":[{"name":"wp","href":"https:\/\/api.w.org\/{rel}","templated":true}]}}