{"id":3419,"date":"2026-04-23T12:07:31","date_gmt":"2026-04-23T12:07:31","guid":{"rendered":"https:\/\/eliasblanco.com\/volvopenta\/?page_id=3419"},"modified":"2026-04-24T10:55:58","modified_gmt":"2026-04-24T10:55:58","slug":"remotorizacion-cambio-de-motor","status":"publish","type":"page","link":"https:\/\/eliasblanco.com\/volvopenta\/remotorizacion-cambio-de-motor\/","title":{"rendered":"Remotorizaci\u00f3n"},"content":{"rendered":"\t\t<div data-elementor-type=\"wp-page\" data-elementor-id=\"3419\" class=\"elementor elementor-3419\" data-elementor-post-type=\"page\">\n\t\t\t\t<div class=\"elementor-element elementor-element-3f2305d e-flex e-con-boxed e-con e-parent\" data-id=\"3f2305d\" data-element_type=\"container\" data-e-type=\"container\">\n\t\t\t\t\t<div class=\"e-con-inner\">\n\t\t\t\t<div class=\"elementor-element elementor-element-eab8eea elementor-widget elementor-widget-heading\" data-id=\"eab8eea\" data-element_type=\"widget\" data-e-type=\"widget\" data-widget_type=\"heading.default\">\n\t\t\t\t\t<h2 class=\"elementor-heading-title elementor-size-default\">Remotorizaci\u00f3n \/ Cambio de motor<\/h2>\t\t\t\t<\/div>\n\t\t\t\t\t<\/div>\n\t\t\t\t<\/div>\n\t\t<div class=\"elementor-element elementor-element-79818b1 e-flex e-con-boxed e-con e-parent\" data-id=\"79818b1\" data-element_type=\"container\" data-e-type=\"container\">\n\t\t\t\t\t<div class=\"e-con-inner\">\n\t\t\t\t<div class=\"elementor-element elementor-element-a18dfc4 elementor-widget elementor-widget-heading\" data-id=\"a18dfc4\" data-element_type=\"widget\" data-e-type=\"widget\" data-widget_type=\"heading.default\">\n\t\t\t\t\t<h2 class=\"elementor-heading-title elementor-size-default\">Cambia tu motor y disfruta<\/h2>\t\t\t\t<\/div>\n\t\t\t\t\t<\/div>\n\t\t\t\t<\/div>\n\t\t<div class=\"elementor-element elementor-element-d727eea e-flex e-con-boxed e-con e-parent\" data-id=\"d727eea\" data-element_type=\"container\" data-e-type=\"container\">\n\t\t\t\t\t<div class=\"e-con-inner\">\n\t\t<div class=\"elementor-element elementor-element-6cac1fb e-con-full e-flex e-con e-child\" data-id=\"6cac1fb\" data-element_type=\"container\" data-e-type=\"container\">\n\t\t\t\t<div class=\"elementor-element elementor-element-3816a03 elementor-widget elementor-widget-image\" data-id=\"3816a03\" data-element_type=\"widget\" data-e-type=\"widget\" data-widget_type=\"image.default\">\n\t\t\t\t\t\t\t\t\t\t\t\t\t\t\t<img fetchpriority=\"high\" decoding=\"async\" width=\"2048\" height=\"2560\" src=\"https:\/\/eliasblanco.com\/volvopenta\/wp-content\/uploads\/2019\/12\/IMG_0534-Editar-scaled.jpg\" class=\"attachment-full size-full wp-image-1918\" alt=\"Remotorizaci\u00f3n Cambio de motor\" srcset=\"https:\/\/eliasblanco.com\/volvopenta\/wp-content\/uploads\/2019\/12\/IMG_0534-Editar-scaled.jpg 2048w, https:\/\/eliasblanco.com\/volvopenta\/wp-content\/uploads\/2019\/12\/IMG_0534-Editar-240x300.jpg 240w, https:\/\/eliasblanco.com\/volvopenta\/wp-content\/uploads\/2019\/12\/IMG_0534-Editar-819x1024.jpg 819w, https:\/\/eliasblanco.com\/volvopenta\/wp-content\/uploads\/2019\/12\/IMG_0534-Editar-768x960.jpg 768w, https:\/\/eliasblanco.com\/volvopenta\/wp-content\/uploads\/2019\/12\/IMG_0534-Editar-1229x1536.jpg 1229w, https:\/\/eliasblanco.com\/volvopenta\/wp-content\/uploads\/2019\/12\/IMG_0534-Editar-1638x2048.jpg 1638w\" sizes=\"(max-width: 2048px) 100vw, 2048px\" \/>\t\t\t\t\t\t\t\t\t\t\t\t\t\t\t<\/div>\n\t\t\t\t<\/div>\n\t\t<div class=\"elementor-element elementor-element-77fbed6 e-con-full e-flex e-con e-child\" data-id=\"77fbed6\" data-element_type=\"container\" data-e-type=\"container\">\n\t\t\t\t<div class=\"elementor-element elementor-element-befa303 elementor-widget elementor-widget-text-editor\" data-id=\"befa303\" data-element_type=\"widget\" data-e-type=\"widget\" data-widget_type=\"text-editor.default\">\n\t\t\t\t\t\t\t\t\t<p>Un nuevo motor te proporciona una navegaci\u00f3n m\u00e1s silenciosa, limpia, r\u00e1pida, f\u00e1cil, c\u00f3moda y placentera, a la vez que incrementa el valor de su embarcaci\u00f3n.<\/p><p>As\u00ed que, dedica unos instantes a leer la\u00a0<a href=\"https:\/\/eliasblanco.com\/volvopenta\/wp-content\/uploads\/2020\/06\/Guia-remotorizacion.pdf\">gu\u00eda de remotorizaci\u00f3n<\/a>\u00a0que te conducir\u00e1 a trav\u00e9s de las diferentes fases del cambio de motor y te ofrecer\u00e1 buenos consejos sobre las opciones de las que dispone.<\/p><p>El motor es el coraz\u00f3n de una embarcaci\u00f3n. Si no es fiable, ni duradero, ni puedes confiar en \u00e9l en cualquier tipo de situaci\u00f3n, tener una embarcaci\u00f3n no es un placer. Al contrario, se convierte en una lucha sin fin contra los elementos, independientemente de que sea un velero o un barco a motor. Si tienes una embarcaci\u00f3n que te gusta y con la que est\u00e1 satisfecho, pero que tiene un motor que ya no cumple con tus exigencias, ganar\u00e1s mucho con una remotorizaci\u00f3n. Gracias a los r\u00e1pidos avances tecnol\u00f3gicos recientes, notar\u00e1 sgrandes cambios al hacer un cambio de motor:<\/p><ul class=\"wp-block-list\"><li>Mayor seguridad, fiabilidad y confort<\/li><li>Placer de navegaci\u00f3n y seguridad en las maniobras<\/li><li>Mejora en las prestaciones<\/li><li>Impacto ambiental ampliamente reducido F\u00e1cil adaptaci\u00f3n de nuevos accesorios modernos<\/li><li>Mayor ahorro de combustible<\/li><li>Valor a\u00f1adido de tu embarcaci\u00f3n<\/li><\/ul><p>Nuestra secci\u00f3n\u00a0<a href=\"https:\/\/eliasblanco.com\/volvopenta\/elige-tu-motor-volvo-penta\/\">elige tu motor<\/a>\u00a0Volvo Penta te ayudar\u00e1 a determinar cu\u00e1l de nuestros motores es el m\u00e1s adecuado para tu embarcaci\u00f3n. Porque gracias a ella, s\u00f3lo tienes que indicar el tipo de embarcaci\u00f3n, el casco y los resultados que deseas alcanzar con tu barco. Igualmente, la gu\u00eda te muestra las alternativas de motor existentes m\u00e1s acordes con sus especificaciones.<\/p><p class=\"wp-block-heading\">No dude en\u00a0<a href=\"https:\/\/eliasblanco.com\/volvopenta\/contacto\/\" target=\"_blank\" rel=\"noreferrer noopener\">contactar\u00a0<\/a>con Elias Blanco SL para que un profesional le asesore para su remotorizaci\u00f3n \/ cambio de motor.<\/p>\t\t\t\t\t\t\t\t<\/div>\n\t\t\t\t<\/div>\n\t\t\t\t\t<\/div>\n\t\t\t\t<\/div>\n\t\t\t\t<\/div>\n\t\t","protected":false},"excerpt":{"rendered":"<p>Remotorizaci\u00f3n \/ Cambio de motor Cambia tu motor y disfruta Un nuevo motor te proporciona una navegaci\u00f3n m\u00e1s silenciosa, limpia, r\u00e1pida, f\u00e1cil, c\u00f3moda y placentera, a la vez que incrementa el valor de su embarcaci\u00f3n. As\u00ed que, dedica unos instantes a leer la\u00a0gu\u00eda de remotorizaci\u00f3n\u00a0que te conducir\u00e1 a trav\u00e9s de las diferentes fases del cambio [&hellip;]<\/p>\n","protected":false},"author":6,"featured_media":0,"parent":0,"menu_order":0,"comment_status":"closed","ping_status":"closed","template":"elementor_canvas","meta":{"_genesis_hide_title":false,"_genesis_hide_breadcrumbs":false,"_genesis_hide_singular_image":false,"_genesis_hide_footer_widgets":false,"_genesis_custom_body_class":"","_genesis_custom_post_class":"","_genesis_layout":"","footnotes":""},"class_list":{"0":"post-3419","1":"page","2":"type-page","3":"status-publish","5":"entry"},"featured_image_src":null,"featured_image_src_square":null,"_links":{"self":[{"href":"https:\/\/eliasblanco.com\/volvopenta\/wp-json\/wp\/v2\/pages\/3419","targetHints":{"allow":["GET"]}}],"collection":[{"href":"https:\/\/eliasblanco.com\/volvopenta\/wp-json\/wp\/v2\/pages"}],"about":[{"href":"https:\/\/eliasblanco.com\/volvopenta\/wp-json\/wp\/v2\/types\/page"}],"author":[{"embeddable":true,"href":"https:\/\/eliasblanco.com\/volvopenta\/wp-json\/wp\/v2\/users\/6"}],"replies":[{"embeddable":true,"href":"https:\/\/eliasblanco.com\/volvopenta\/wp-json\/wp\/v2\/comments?post=3419"}],"version-history":[{"count":27,"href":"https:\/\/eliasblanco.com\/volvopenta\/wp-json\/wp\/v2\/pages\/3419\/revisions"}],"predecessor-version":[{"id":3745,"href":"https:\/\/eliasblanco.com\/volvopenta\/wp-json\/wp\/v2\/pages\/3419\/revisions\/3745"}],"wp:attachment":[{"href":"https:\/\/eliasblanco.com\/volvopenta\/wp-json\/wp\/v2\/media?parent=3419"}],"curies":[{"name":"wp","href":"https:\/\/api.w.org\/{rel}","templated":true}]}}