{"id":1997,"date":"2019-01-07T20:01:08","date_gmt":"2019-01-07T20:01:08","guid":{"rendered":"https:\/\/macawebtest.com\/pruebe-VOLVO\/?page_id=1997"},"modified":"2026-04-24T10:49:36","modified_gmt":"2026-04-24T10:49:36","slug":"easy-connect-volvo-penta3","status":"publish","type":"page","link":"https:\/\/eliasblanco.com\/volvopenta\/easy-connect-volvo-penta3\/","title":{"rendered":"Easy Connect Volvo Penta3"},"content":{"rendered":"\n<p class=\"has-text-align-center encabezado\">easy connect Volvo Penta<\/p>\n\n\n\n<div style=\"color:#ddd\" class=\"wp-block-atomic-blocks-ab-spacer ab-block-spacer ab-divider-solid ab-divider-size-1\"><hr style=\"height:20px\"\/><\/div>\n\n\n\n<div style=\"background-color:#fafafa;padding-left:6%;padding-bottom:8%;padding-top:8%\" class=\"wp-block-atomic-blocks-ab-container paginas-productos ab-block-container aligncenter\"><div class=\"ab-container-inside\"><div class=\"ab-container-content\" style=\"max-width:1280px\">\n<div class=\"wp-block-media-text alignwide is-stacked-on-mobile\" style=\"grid-template-columns:40% auto\"><figure class=\"wp-block-media-text__media\"><img fetchpriority=\"high\" decoding=\"async\" width=\"819\" height=\"1024\" src=\"https:\/\/macawebtest.com\/pruebe-VOLVO\/wp-content\/uploads\/2019\/12\/pagina-easy-connect-819x1024.jpg\" alt=\"Easy Connect volvo penta\" class=\"wp-image-2048\" srcset=\"https:\/\/eliasblanco.com\/volvopenta\/wp-content\/uploads\/2019\/12\/pagina-easy-connect-819x1024.jpg 819w, https:\/\/eliasblanco.com\/volvopenta\/wp-content\/uploads\/2019\/12\/pagina-easy-connect-240x300.jpg 240w, https:\/\/eliasblanco.com\/volvopenta\/wp-content\/uploads\/2019\/12\/pagina-easy-connect-768x960.jpg 768w, https:\/\/eliasblanco.com\/volvopenta\/wp-content\/uploads\/2019\/12\/pagina-easy-connect-1229x1536.jpg 1229w, https:\/\/eliasblanco.com\/volvopenta\/wp-content\/uploads\/2019\/12\/pagina-easy-connect-1638x2048.jpg 1638w, https:\/\/eliasblanco.com\/volvopenta\/wp-content\/uploads\/2019\/12\/pagina-easy-connect.jpg 2048w\" sizes=\"(max-width: 819px) 100vw, 819px\" \/><\/figure><div class=\"wp-block-media-text__content\">\n<h3 class=\"wp-block-heading\">Si quieres hacer m\u00e1s c\u00f3moda la navegaci\u00f3n en tu barco de recreo y visualizar los datos de tu motor, embarcaci\u00f3n e incluso programar tu ruta con antelaci\u00f3n, el <strong>Easy Connect <\/strong>es tu dispositivo.<\/h3>\n\n\n\n<p>Adem\u00e1s tendr\u00e1s:<\/p>\n\n\n\n<ul class=\"wp-block-list\"><li> Conexi\u00f3n v\u00eda Bluetooth\u00ae<\/li><li>Acceso a trav\u00e9s de un panel de control port\u00e1til<\/li><li>Opci\u00f3n de planificar sus viajes desde casa<\/li><li>Posibilidad de recuperar datos de sus viajes anteriores<\/li><li>Contacto m\u00e1s fluido con su concesionario de Volvo Penta<\/li><li>Elecci\u00f3n de compartir sus experiencias a trav\u00e9s de medios sociales<\/li><\/ul>\n\n\n\n<p>Es tan simple como que <strong>tu m\u00f3vil o t\u00e1blet se convierten en un panel de control port\u00e1til<\/strong>. Tambi\u00e9n es una manera de permitir que nuestros amigos y familiares monitoricen el viaje cuando est\u00e9n a bordo.<\/p>\n\n\n\n<p>Una vez conectada, <strong>s\u00f3lo tienes que descargar la aplicaci\u00f3n e instalar la interfaz Easy Connect en tu barco<\/strong>. De esta manera, la interfaz transmitir\u00e1 la informaci\u00f3n a su dispositivo inteligente a trav\u00e9s de Bluetooth\u00ae. De esta manera mejorar\u00e1s tu experiencia de navegaci\u00f3n, tanto a trav\u00e9s de funciones que podr\u00e1s usar en tiempo real cuando est\u00e9s a bordo, como a trav\u00e9s de datos e informaci\u00f3n de la ruta almacenados en la aplicaci\u00f3n desde la \u00faltima vez que se conect\u00f3 a la embarcaci\u00f3n.<\/p>\n\n\n\n<p>Podr\u00e1s guardar todos tus viajes en la aplicaci\u00f3n, incluyendo los datos de la embarcaci\u00f3n, las horas de motor y los niveles de combustible. Por lo tanto es <strong>perfecta para planificar futuros viajes<\/strong>.<\/p>\n\n\n\n<p>El<strong> kit de la interfaz Easy Connect<\/strong> tiene todo lo que necesitas para empezar a utilizarla (salvo el dispositivo m\u00f3vil) y lo puedes adquirir en tu concesionario Volvo Penta. La interfaz se conecta directamente al multilink del sistema EVC en el puesto de pilotaje o en el cableado del motor en motores de gasolina sin EVC. <\/p>\n\n\n\n<p>Solo puede conectarse a la interfaz con un dispositivo inteligente cada vez.<\/p>\n\n\n\n<p>\u00bfQuieres saber m\u00e1s sobre esta herramienta? Visita la p\u00e1gina Oficial de <a rel=\"noreferrer noopener\" aria-label=\"Volvo Penta (se abre en una nueva pesta\u00f1a)\" href=\"https:\/\/www.volvopenta.es\/marineleisure\/es-es\/for-owners\/parts\/accessories\/easyconnect-specifications.html\" target=\"_blank\">Volvo Penta<\/a>.<\/p>\n\n\n\n<p>Si necesitas m\u00e1s informaci\u00f3n, <a href=\"https:\/\/eliasblanco.com\/volvopenta\/contacto\/\" target=\"_blank\" rel=\"noreferrer noopener\">contacta <\/a>con nosotros.<\/p>\n<\/div><\/div>\n<\/div><\/div><\/div>\n","protected":false},"excerpt":{"rendered":"<p>easy connect Volvo Penta<\/p>\n","protected":false},"author":4,"featured_media":2017,"parent":0,"menu_order":0,"comment_status":"closed","ping_status":"closed","template":"","meta":{"_genesis_hide_title":false,"_genesis_hide_breadcrumbs":false,"_genesis_hide_singular_image":false,"_genesis_hide_footer_widgets":false,"_genesis_custom_body_class":"","_genesis_custom_post_class":"","_genesis_layout":"","footnotes":""},"class_list":{"0":"post-1997","1":"page","2":"type-page","3":"status-publish","4":"has-post-thumbnail","6":"entry"},"featured_image_src":"https:\/\/eliasblanco.com\/volvopenta\/wp-content\/uploads\/2019\/12\/Easy-Connect-600x400.jpg","featured_image_src_square":"https:\/\/eliasblanco.com\/volvopenta\/wp-content\/uploads\/2019\/12\/Easy-Connect-600x600.jpg","_links":{"self":[{"href":"https:\/\/eliasblanco.com\/volvopenta\/wp-json\/wp\/v2\/pages\/1997","targetHints":{"allow":["GET"]}}],"collection":[{"href":"https:\/\/eliasblanco.com\/volvopenta\/wp-json\/wp\/v2\/pages"}],"about":[{"href":"https:\/\/eliasblanco.com\/volvopenta\/wp-json\/wp\/v2\/types\/page"}],"author":[{"embeddable":true,"href":"https:\/\/eliasblanco.com\/volvopenta\/wp-json\/wp\/v2\/users\/4"}],"replies":[{"embeddable":true,"href":"https:\/\/eliasblanco.com\/volvopenta\/wp-json\/wp\/v2\/comments?post=1997"}],"version-history":[{"count":16,"href":"https:\/\/eliasblanco.com\/volvopenta\/wp-json\/wp\/v2\/pages\/1997\/revisions"}],"predecessor-version":[{"id":3712,"href":"https:\/\/eliasblanco.com\/volvopenta\/wp-json\/wp\/v2\/pages\/1997\/revisions\/3712"}],"wp:featuredmedia":[{"embeddable":true,"href":"https:\/\/eliasblanco.com\/volvopenta\/wp-json\/wp\/v2\/media\/2017"}],"wp:attachment":[{"href":"https:\/\/eliasblanco.com\/volvopenta\/wp-json\/wp\/v2\/media?parent=1997"}],"curies":[{"name":"wp","href":"https:\/\/api.w.org\/{rel}","templated":true}]}}