{"id":1995,"date":"2019-01-07T20:04:36","date_gmt":"2019-01-07T20:04:36","guid":{"rendered":"https:\/\/macawebtest.com\/pruebe-VOLVO\/?page_id=1995"},"modified":"2026-04-24T10:48:17","modified_gmt":"2026-04-24T10:48:17","slug":"colas-para-barcos-volvo-penta3","status":"publish","type":"page","link":"https:\/\/eliasblanco.com\/volvopenta\/colas-para-barcos-volvo-penta3\/","title":{"rendered":"Colas para barcos Volvo Penta3"},"content":{"rendered":"\n<p class=\"encabezado\">Colas para barcos Volvo Penta<\/p>\n\n\n\n<div style=\"color:#ddd\" class=\"wp-block-atomic-blocks-ab-spacer ab-block-spacer ab-divider-solid ab-divider-size-1\"><hr style=\"height:20px\"\/><\/div>\n\n\n\n<div style=\"background-color:#fafafa;padding-left:6%;padding-bottom:8%;padding-top:8%\" class=\"wp-block-atomic-blocks-ab-container paginas-productos ab-block-container aligncenter\"><div class=\"ab-container-inside\"><div class=\"ab-container-content\" style=\"max-width:1280px\">\n<div class=\"wp-block-media-text alignwide is-stacked-on-mobile\" style=\"grid-template-columns:40% auto\"><figure class=\"wp-block-media-text__media\"><img fetchpriority=\"high\" decoding=\"async\" width=\"819\" height=\"1024\" src=\"https:\/\/macawebtest.com\/pruebe-VOLVO\/wp-content\/uploads\/2019\/12\/pagina-colas-819x1024.jpg\" alt=\"Colas para barcos Volvo Penta\" class=\"wp-image-2047\" srcset=\"https:\/\/eliasblanco.com\/volvopenta\/wp-content\/uploads\/2019\/12\/pagina-colas-819x1024.jpg 819w, https:\/\/eliasblanco.com\/volvopenta\/wp-content\/uploads\/2019\/12\/pagina-colas-240x300.jpg 240w, https:\/\/eliasblanco.com\/volvopenta\/wp-content\/uploads\/2019\/12\/pagina-colas-768x960.jpg 768w, https:\/\/eliasblanco.com\/volvopenta\/wp-content\/uploads\/2019\/12\/pagina-colas-1229x1536.jpg 1229w, https:\/\/eliasblanco.com\/volvopenta\/wp-content\/uploads\/2019\/12\/pagina-colas-1638x2048.jpg 1638w, https:\/\/eliasblanco.com\/volvopenta\/wp-content\/uploads\/2019\/12\/pagina-colas.jpg 2048w\" sizes=\"(max-width: 819px) 100vw, 819px\" \/><\/figure><div class=\"wp-block-media-text__content\">\n<p>Todos los sistemas de propulsi\u00f3n<strong> Volvo Penta<\/strong> forman parte de un sistema completo ya que se ha dise\u00f1ado especialmente para que se ajuste a una serie  de motores. Por lo tanto  no se pueden combinar libremente las propulsiones con los  motores. <\/p>\n\n\n\n<h3 class=\"wp-block-heading\">Integrando las <strong>colas para barcos Volvo Penta<\/strong>, obtendr\u00e1:<\/h3>\n\n\n\n<ul class=\"wp-block-list\"><li>Un alto rendimiento<\/li><li>Bajo consumo de combustible<\/li><li>Alta fiabilidad<\/li><li>Una prolongada vida \u00fatil<\/li><li>Bajo nivel de ruidos y vibraciones<\/li><li>Grandes dosis de diversi\u00f3n al navegar<\/li><li>Alto ahorro de combustible<\/li><li>Emisiones de CO<sub>2<\/sub>&nbsp;reducidas<\/li><li>Maniobrabilidad excelente a baja velocidad<\/li><li>Inclinaci\u00f3n en playas y aguas poco profundas<\/li><\/ul>\n\n\n\n<p>As\u00ed, <strong>el sistema de cola Volvo Penta<\/strong> le aporta un completo sistema cuyas partes se han desarrollado en paralelo. Esto se traduce en <strong>una mayor fiabilidad y un mejor rendimiento global<\/strong>. As\u00ed mismo, las unidades de transmisi\u00f3n y las h\u00e9lices se han dise\u00f1ado minuciosamente para obtener una combinaci\u00f3n perfecta de par motor y velocidad de la embarcaci\u00f3n. Como resultado se obtiene <strong>el mayor empuje posible de cada gota de combustible<\/strong>.<\/p>\n\n\n\n<p>El <strong>sistema de cola Aquamatic<\/strong> se puede ampliar con funciones \u00fanicas y opciones inteligentes, como son: el modo de remolque, el programador de velocidad o el sistema de trimado autom\u00e1tico. Con el <strong>control electr\u00f3nico de la embarcaci\u00f3n o EVC <\/strong>(Electronic Vessel Control), se abre la puerta a infinitas ventajas y beneficios, como la supervisi\u00f3n, protecci\u00f3n y diagn\u00f3stico completo tanto del motor como de la transmisi\u00f3n. De tal manera que se obtinen m\u00e1s control, m\u00e1s funciones y m\u00e1s diversi\u00f3n en el agua.<\/p>\n\n\n\n<p>Desde que se introdujo en el mercado, el sistema Aquamatic ha proporcionado a los navegantes <strong>la posibilidad de disfrutar de una navegaci\u00f3n m\u00e1s c\u00f3moda<\/strong>. Gracias a c\u00f3mo est\u00e1 colocado motor, puedes disfrutar de los beneficios de <strong>un peto de popa despejado<\/strong>, de manera que podr\u00e1s disponer de una plataforma de ba\u00f1o o bien practicar deportes de agua sin obst\u00e1culos detr\u00e1s de la embarcaci\u00f3n.<\/p>\n\n\n\n<p>Los diferentes tipos de cola de los que dispone Volvo Penta son: <a href=\"https:\/\/www.volvopenta.es\/marineleisure\/es-es\/products\/motor-boats\/ranges\/aquamatic-sterndrive-diesel\/options\/propellers-aquamatic-sterndrive-diesel-mb-ml\/dph-drives.html\">DPH<\/a>, <a href=\"https:\/\/www.volvopenta.es\/marineleisure\/es-es\/products\/motor-boats\/ranges\/aquamatic-sterndrive-diesel\/options\/propellers-aquamatic-sterndrive-diesel-mb-ml\/dps-drives.html\">DPS<\/a>, <a href=\"https:\/\/www.volvopenta.es\/marineleisure\/es-es\/products\/motor-boats\/ranges\/aquamatic-sterndrive-diesel\/options\/propellers-aquamatic-sterndrive-diesel-mb-ml\/sx-drives.html\">SX <\/a>as\u00ed como <a href=\"https:\/\/www.volvopenta.es\/marineleisure\/es-es\/products\/info\/for-sailboats\/saildrive.html\">Saildrive<\/a>.<\/p>\n\n\n\n<p>Finalmente, si tiene alguna duda y necesita asesoramiento, puede <a href=\"https:\/\/eliasblanco.com\/volvopenta\/contacto\/\" target=\"_blank\" rel=\"noreferrer noopener\">contactar <\/a>con nosotros.<\/p>\n<\/div><\/div>\n<\/div><\/div><\/div>\n","protected":false},"excerpt":{"rendered":"<p>Colas para barcos Volvo Penta<\/p>\n","protected":false},"author":4,"featured_media":2016,"parent":0,"menu_order":0,"comment_status":"closed","ping_status":"closed","template":"","meta":{"_genesis_hide_title":false,"_genesis_hide_breadcrumbs":false,"_genesis_hide_singular_image":false,"_genesis_hide_footer_widgets":false,"_genesis_custom_body_class":"","_genesis_custom_post_class":"","_genesis_layout":"","footnotes":""},"class_list":{"0":"post-1995","1":"page","2":"type-page","3":"status-publish","4":"has-post-thumbnail","6":"entry"},"featured_image_src":"https:\/\/eliasblanco.com\/volvopenta\/wp-content\/uploads\/2019\/12\/colas-600x400.jpg","featured_image_src_square":"https:\/\/eliasblanco.com\/volvopenta\/wp-content\/uploads\/2019\/12\/colas-600x600.jpg","_links":{"self":[{"href":"https:\/\/eliasblanco.com\/volvopenta\/wp-json\/wp\/v2\/pages\/1995","targetHints":{"allow":["GET"]}}],"collection":[{"href":"https:\/\/eliasblanco.com\/volvopenta\/wp-json\/wp\/v2\/pages"}],"about":[{"href":"https:\/\/eliasblanco.com\/volvopenta\/wp-json\/wp\/v2\/types\/page"}],"author":[{"embeddable":true,"href":"https:\/\/eliasblanco.com\/volvopenta\/wp-json\/wp\/v2\/users\/4"}],"replies":[{"embeddable":true,"href":"https:\/\/eliasblanco.com\/volvopenta\/wp-json\/wp\/v2\/comments?post=1995"}],"version-history":[{"count":16,"href":"https:\/\/eliasblanco.com\/volvopenta\/wp-json\/wp\/v2\/pages\/1995\/revisions"}],"predecessor-version":[{"id":3706,"href":"https:\/\/eliasblanco.com\/volvopenta\/wp-json\/wp\/v2\/pages\/1995\/revisions\/3706"}],"wp:featuredmedia":[{"embeddable":true,"href":"https:\/\/eliasblanco.com\/volvopenta\/wp-json\/wp\/v2\/media\/2016"}],"wp:attachment":[{"href":"https:\/\/eliasblanco.com\/volvopenta\/wp-json\/wp\/v2\/media?parent=1995"}],"curies":[{"name":"wp","href":"https:\/\/api.w.org\/{rel}","templated":true}]}}