{"id":1993,"date":"2019-01-07T20:05:27","date_gmt":"2019-01-07T20:05:27","guid":{"rendered":"https:\/\/macawebtest.com\/pruebe-VOLVO\/?page_id=1993"},"modified":"2026-04-24T10:52:00","modified_gmt":"2026-04-24T10:52:00","slug":"helices-de-barco-volvo-penta3","status":"publish","type":"page","link":"https:\/\/eliasblanco.com\/volvopenta\/helices-de-barco-volvo-penta3\/","title":{"rendered":"H\u00e9lices de barco Volvo Penta3"},"content":{"rendered":"\n<p class=\"encabezado\">H\u00e9lices de barco Volvo Penta<\/p>\n\n\n\n<div style=\"color:#ddd\" class=\"wp-block-atomic-blocks-ab-spacer ab-block-spacer ab-divider-solid ab-divider-size-1\"><hr style=\"height:20px\"\/><\/div>\n\n\n\n<div style=\"background-color:#fafafa;padding-left:6%;padding-bottom:8%;padding-top:8%\" class=\"wp-block-atomic-blocks-ab-container paginas-productos ab-block-container aligncenter\"><div class=\"ab-container-inside\"><div class=\"ab-container-content\" style=\"max-width:1280px\">\n<div class=\"wp-block-media-text alignwide is-stacked-on-mobile\" style=\"grid-template-columns:40% auto\"><figure class=\"wp-block-media-text__media\"><img fetchpriority=\"high\" decoding=\"async\" width=\"819\" height=\"1024\" src=\"https:\/\/macawebtest.com\/pruebe-VOLVO\/wp-content\/uploads\/2019\/12\/pagina-helices-819x1024.jpg\" alt=\"h\u00e9lice de barco Volvo Penta\" class=\"wp-image-2050\" srcset=\"https:\/\/eliasblanco.com\/volvopenta\/wp-content\/uploads\/2019\/12\/pagina-helices-819x1024.jpg 819w, https:\/\/eliasblanco.com\/volvopenta\/wp-content\/uploads\/2019\/12\/pagina-helices-240x300.jpg 240w, https:\/\/eliasblanco.com\/volvopenta\/wp-content\/uploads\/2019\/12\/pagina-helices-768x960.jpg 768w, https:\/\/eliasblanco.com\/volvopenta\/wp-content\/uploads\/2019\/12\/pagina-helices-1229x1536.jpg 1229w, https:\/\/eliasblanco.com\/volvopenta\/wp-content\/uploads\/2019\/12\/pagina-helices-1638x2048.jpg 1638w, https:\/\/eliasblanco.com\/volvopenta\/wp-content\/uploads\/2019\/12\/pagina-helices.jpg 2048w\" sizes=\"(max-width: 819px) 100vw, 819px\" \/><\/figure><div class=\"wp-block-media-text__content\">\n<p>Una correcta elecci\u00f3n de la h\u00e9lice de barco es  absolutamente vital para obtener el m\u00e1ximo rendimiento de su motor y de  la embarcaci\u00f3n. Las h\u00e9lices de barco Volvo Penta est\u00e1n dise\u00f1adas para  este fin.<\/p>\n\n\n\n<p>La amplia gama cubre desde el sistema propulsor de una h\u00e9lice hasta los sistemas Duodrop y Saildrives, as\u00ed como el sistema IPS.<\/p>\n\n\n\n<p>As\u00ed mismo, las <strong>h\u00e9lices Volvo Penta<\/strong> son una obra de ingenier\u00eda. Detr\u00e1s de cada detalle hay un avanzado proceso de dise\u00f1o basado en a\u00f1os de experiencia. No s\u00f3lo conocemos las h\u00e9lices, sino que desarrollamos toda la l\u00ednea motriz. Por lo tanto podemos convertir la potencia en un rendimiento real que puedes sentir en el agua. Este rendimiento es lo que da lugar a una navegaci\u00f3n m\u00e1s agradable, a la vez que contribuye a mantener el buen estado de su l\u00ednea motriz a largo plazo.<\/p>\n\n\n\n<p>Volvo Penta est\u00e1 a la <strong>vanguardia de una ingenier\u00eda avanzada e innovadora<\/strong> (cola Aquamatic, saildrive, <a href=\"https:\/\/eliasblanco.com\/volvopenta\/sistema-ips\/\">Volvo Penta IPS<\/a>, el Forward Drive&#8230;) que solo puede proceder de una amplia experiencia y un compromiso firme de proporcionar una navegaci\u00f3n a\u00fan m\u00e1s placentera. As\u00ed mismo, nuestras h\u00e9lices no son una excepci\u00f3n, sino que son y han sido siempre una parte vital de este proceso innovador y tienen un papel fundamental en el cambio de la definici\u00f3n de rendimiento, comodidad y placer de navegar.<\/p>\n\n\n\n<h3 class=\"wp-block-heading\">Las <strong>h\u00e9lices  de barco Volvo Penta <\/strong>est\u00e1n dise\u00f1adas como parte de un completo sistema de propulsi\u00f3n. De esta manera siempre se adaptan a tus necesidades, tanto si dispone de un lancha a motor como si tiene un velero.<\/h3>\n\n\n\n<p>Descargue la <a href=\"https:\/\/eliasblanco.com\/volvopenta\/wp-content\/uploads\/2020\/06\/Guia-de-helices-volvo-penta-2016.compressed1.pdf\" target=\"_blank\" rel=\"noreferrer noopener\">gu\u00eda de h\u00e9lices<\/a> para obtener informaci\u00f3n completa de nuestra gama de h\u00e9lices.<\/p>\n\n\n\n<p>Puede comprar online su recambio original volvo penta en nuestra\u00a0<a href=\"https:\/\/www.volvopenta.com\/shop\/523839\" target=\"_blank\" rel=\"noreferrer noopener\">tienda virtual volvo penta shop<\/a>.<\/p>\n\n\n\n<p>O si lo prefiere, puede <a href=\"https:\/\/eliasblanco.com\/volvopenta\/contacto\/\">contactar<\/a> con nosotros.<\/p>\n<\/div><\/div>\n<\/div><\/div><\/div>\n","protected":false},"excerpt":{"rendered":"<p>H\u00e9lices de barco Volvo Penta<\/p>\n","protected":false},"author":4,"featured_media":2019,"parent":0,"menu_order":0,"comment_status":"closed","ping_status":"closed","template":"","meta":{"_genesis_hide_title":false,"_genesis_hide_breadcrumbs":false,"_genesis_hide_singular_image":false,"_genesis_hide_footer_widgets":false,"_genesis_custom_body_class":"","_genesis_custom_post_class":"","_genesis_layout":"","footnotes":""},"class_list":{"0":"post-1993","1":"page","2":"type-page","3":"status-publish","4":"has-post-thumbnail","6":"entry"},"featured_image_src":"https:\/\/eliasblanco.com\/volvopenta\/wp-content\/uploads\/2019\/12\/helice-600x400.jpg","featured_image_src_square":"https:\/\/eliasblanco.com\/volvopenta\/wp-content\/uploads\/2019\/12\/helice-600x600.jpg","_links":{"self":[{"href":"https:\/\/eliasblanco.com\/volvopenta\/wp-json\/wp\/v2\/pages\/1993","targetHints":{"allow":["GET"]}}],"collection":[{"href":"https:\/\/eliasblanco.com\/volvopenta\/wp-json\/wp\/v2\/pages"}],"about":[{"href":"https:\/\/eliasblanco.com\/volvopenta\/wp-json\/wp\/v2\/types\/page"}],"author":[{"embeddable":true,"href":"https:\/\/eliasblanco.com\/volvopenta\/wp-json\/wp\/v2\/users\/4"}],"replies":[{"embeddable":true,"href":"https:\/\/eliasblanco.com\/volvopenta\/wp-json\/wp\/v2\/comments?post=1993"}],"version-history":[{"count":14,"href":"https:\/\/eliasblanco.com\/volvopenta\/wp-json\/wp\/v2\/pages\/1993\/revisions"}],"predecessor-version":[{"id":3722,"href":"https:\/\/eliasblanco.com\/volvopenta\/wp-json\/wp\/v2\/pages\/1993\/revisions\/3722"}],"wp:featuredmedia":[{"embeddable":true,"href":"https:\/\/eliasblanco.com\/volvopenta\/wp-json\/wp\/v2\/media\/2019"}],"wp:attachment":[{"href":"https:\/\/eliasblanco.com\/volvopenta\/wp-json\/wp\/v2\/media?parent=1993"}],"curies":[{"name":"wp","href":"https:\/\/api.w.org\/{rel}","templated":true}]}}