{"id":1989,"date":"2019-01-07T20:10:53","date_gmt":"2019-01-07T20:10:53","guid":{"rendered":"https:\/\/macawebtest.com\/pruebe-VOLVO\/?page_id=1989"},"modified":"2026-04-24T10:51:38","modified_gmt":"2026-04-24T10:51:38","slug":"generadores-marinos-volvo-penta3","status":"publish","type":"page","link":"https:\/\/eliasblanco.com\/volvopenta\/generadores-marinos-volvo-penta3\/","title":{"rendered":"Generadores Marinos Volvo Penta3"},"content":{"rendered":"\n<p class=\"encabezado\">generadores marinos Volvo penta<\/p>\n\n\n\n<div style=\"color:#ddd\" class=\"wp-block-atomic-blocks-ab-spacer ab-block-spacer ab-divider-solid ab-divider-size-1\"><hr style=\"height:20px\"\/><\/div>\n\n\n\n<div style=\"background-color:#fafafa;padding-left:6%;padding-bottom:8%;padding-top:8%\" class=\"wp-block-atomic-blocks-ab-container paginas-productos ab-block-container aligncenter\"><div class=\"ab-container-inside\"><div class=\"ab-container-content\" style=\"max-width:1280px\">\n<div class=\"wp-block-media-text alignwide is-stacked-on-mobile\" style=\"grid-template-columns:40% auto\"><figure class=\"wp-block-media-text__media\"><img fetchpriority=\"high\" decoding=\"async\" width=\"819\" height=\"1024\" src=\"https:\/\/macawebtest.com\/pruebe-VOLVO\/wp-content\/uploads\/2020\/04\/generadores-marinos-volvo-penta-819x1024.png\" alt=\"generadores marinos Volvo penta\" class=\"wp-image-2623\" srcset=\"https:\/\/eliasblanco.com\/volvopenta\/wp-content\/uploads\/2020\/04\/generadores-marinos-volvo-penta-819x1024.png 819w, https:\/\/eliasblanco.com\/volvopenta\/wp-content\/uploads\/2020\/04\/generadores-marinos-volvo-penta-240x300.png 240w, https:\/\/eliasblanco.com\/volvopenta\/wp-content\/uploads\/2020\/04\/generadores-marinos-volvo-penta-768x960.png 768w, https:\/\/eliasblanco.com\/volvopenta\/wp-content\/uploads\/2020\/04\/generadores-marinos-volvo-penta.png 1080w\" sizes=\"(max-width: 819px) 100vw, 819px\" \/><\/figure><div class=\"wp-block-media-text__content\">\n<h3 class=\"wp-block-heading\">La gama de generadores marinos de Volvo Penta ofrece una generaci\u00f3n el\u00e9ctrica fiable y econ\u00f3mica para grupos electr\u00f3genos de emergencia, propulsi\u00f3n el\u00e9ctrica di\u00e9sel y potencia a bordo.<\/h3>\n\n\n\n<p>Todos <strong>los generadores marinos&nbsp;Volvo Penta<\/strong> se entregan completos y probados, listos para su instalaci\u00f3n a bordo. Todos los grupos electr\u00f3genos&nbsp;y sistemas son de tipo aprobado por las principales sociedades de clasificaci\u00f3n. Por lo tanto <strong>se pueden entregar con certificaciones<\/strong>. <\/p>\n\n\n\n<p>As\u00ed mismo, los motores y grupos electr\u00f3genos volvo penta <strong>ocupan menos espacio en la sala de m\u00e1quinas<\/strong>. Por su dise\u00f1o compacto y su buena accesibilidad, con unos puntos de servicio f\u00e1cilmente accesibles, ofrecen una buena accesibilidad para su <a href=\"https:\/\/eliasblanco.com\/volvopenta\/contrato-de-servicios-volvo-penta\/\">mantenimiento<\/a>, lo que siempre ha sido un sello distintivo de la marca Volvo Penta.<\/p>\n\n\n\n<h3 class=\"wp-block-heading\">Tambi\u00e9n son motores de <strong>alta eficacia<\/strong>, que proporcionan una fiabilidad excepcional y maximizan el tiempo de actividad. As\u00ed, las ventajas de elegir un motor Volvo Penta son muchas:<\/h3>\n\n\n\n<ul class=\"wp-block-list\"><li>Gran aceptaci\u00f3n de carga<\/li><li>Mayor tiempo de actividad<\/li><li>Totalmente homologado<\/li><li>Instalaci\u00f3n sencilla<\/li><li>Alto ahorro de combustible<\/li><li>Bajo coste total de propiedad<\/li><li>Dise\u00f1o, montaje y pruebas internas<\/li><\/ul>\n\n\n\n<p>Igualmente los generadores marinos Volvo Penta est\u00e1n disponibles en una amplia <strong>variedad de opciones refrigeraci\u00f3n<\/strong>. Por ejemplo intercambiador de calor, refrigeraci\u00f3n por radiador o refrigeraci\u00f3n externa.<\/p>\n\n\n\n<p>Adem\u00e1s de una <strong>alta fiabilidad<\/strong>, los grupos electr\u00f3genos Volvo Penta tambi\u00e9n aportan ventajas obvias para el usuario, como una <strong>gran facilidad de mantenimiento, bajos niveles de emisiones y ahorro de combustible<\/strong>.<\/p>\n\n\n\n<p>Con los grupos electr\u00f3genos marinos de Volvo Penta, tendr\u00e1 acceso a una potencia plena desde el momento de arranque. Gracias al par alto a bajas revoluciones, responden inmediatamente a cualquier carga y por lo tanto ofrecen la potencia necesaria. <\/p>\n\n\n\n<p>Est\u00e1n especialmente desarrollados para los profesionales que buscan:<\/p>\n\n\n\n<ul class=\"wp-block-list\"><li>Rendimiento<\/li><li>Fiabilidad<\/li><li>Bajo consumo de combustible<\/li><li>Seguridad<\/li><\/ul>\n\n\n\n<p>El rango de potencia&nbsp;de los generadores marinos es muy amplio. Es decir, va de 62 kWe a 477 kWe (78 kVA a 596 kVA). Por ejemplo, para 50Hz (380V, 400V, 415V, 440V) y para 60Hz (416V, 440V, 460V, 480V).<\/p>\n\n\n\n<div class=\"wp-block-columns is-layout-flex wp-container-core-columns-is-layout-9d6595d7 wp-block-columns-is-layout-flex\">\n<div class=\"wp-block-column is-layout-flow wp-block-column-is-layout-flow\">\n<p><a href=\"https:\/\/www.volvopenta.es\/marinecommercial\/es-es\/products\/marine-genset-mc\/ranges\/50-hertz-marine-gensets-mc.html\">Gama de 50 Hz<\/a><\/p>\n<\/div>\n\n\n\n<div class=\"wp-block-column is-layout-flow wp-block-column-is-layout-flow\">\n<p><a href=\"https:\/\/www.volvopenta.es\/marinecommercial\/es-es\/products\/marine-genset-mc\/ranges\/60-hertz-marine-genset-mc.html\">Gama de 60 Hz<\/a><\/p>\n<\/div>\n<\/div>\n\n\n\n<p>Finalmente, si tiene alguna duda y necesita asesoramiento, puede <a href=\"https:\/\/eliasblanco.com\/volvopenta\/contact-us\/\">contactar <\/a>con nosotros.<\/p>\n<\/div><\/div>\n\n\n\n<p><\/p>\n<\/div><\/div><\/div>\n","protected":false},"excerpt":{"rendered":"<p>generadores marinos Volvo penta<\/p>\n","protected":false},"author":4,"featured_media":2018,"parent":0,"menu_order":0,"comment_status":"closed","ping_status":"closed","template":"","meta":{"_genesis_hide_title":false,"_genesis_hide_breadcrumbs":false,"_genesis_hide_singular_image":false,"_genesis_hide_footer_widgets":false,"_genesis_custom_body_class":"","_genesis_custom_post_class":"","_genesis_layout":"","footnotes":""},"class_list":{"0":"post-1989","1":"page","2":"type-page","3":"status-publish","4":"has-post-thumbnail","6":"entry"},"featured_image_src":"https:\/\/eliasblanco.com\/volvopenta\/wp-content\/uploads\/2019\/12\/generadores-marinos-600x400.jpg","featured_image_src_square":"https:\/\/eliasblanco.com\/volvopenta\/wp-content\/uploads\/2019\/12\/generadores-marinos-600x600.jpg","_links":{"self":[{"href":"https:\/\/eliasblanco.com\/volvopenta\/wp-json\/wp\/v2\/pages\/1989","targetHints":{"allow":["GET"]}}],"collection":[{"href":"https:\/\/eliasblanco.com\/volvopenta\/wp-json\/wp\/v2\/pages"}],"about":[{"href":"https:\/\/eliasblanco.com\/volvopenta\/wp-json\/wp\/v2\/types\/page"}],"author":[{"embeddable":true,"href":"https:\/\/eliasblanco.com\/volvopenta\/wp-json\/wp\/v2\/users\/4"}],"replies":[{"embeddable":true,"href":"https:\/\/eliasblanco.com\/volvopenta\/wp-json\/wp\/v2\/comments?post=1989"}],"version-history":[{"count":7,"href":"https:\/\/eliasblanco.com\/volvopenta\/wp-json\/wp\/v2\/pages\/1989\/revisions"}],"predecessor-version":[{"id":3720,"href":"https:\/\/eliasblanco.com\/volvopenta\/wp-json\/wp\/v2\/pages\/1989\/revisions\/3720"}],"wp:featuredmedia":[{"embeddable":true,"href":"https:\/\/eliasblanco.com\/volvopenta\/wp-json\/wp\/v2\/media\/2018"}],"wp:attachment":[{"href":"https:\/\/eliasblanco.com\/volvopenta\/wp-json\/wp\/v2\/media?parent=1989"}],"curies":[{"name":"wp","href":"https:\/\/api.w.org\/{rel}","templated":true}]}}