{"id":1987,"date":"2019-01-07T20:11:26","date_gmt":"2019-01-07T20:11:26","guid":{"rendered":"https:\/\/macawebtest.com\/pruebe-VOLVO\/?page_id=1987"},"modified":"2026-04-24T10:53:19","modified_gmt":"2026-04-24T10:53:19","slug":"motores-industriales-volvo-penta3","status":"publish","type":"page","link":"https:\/\/eliasblanco.com\/volvopenta\/motores-industriales-volvo-penta3\/","title":{"rendered":"Motores industriales Volvo Penta3"},"content":{"rendered":"\n<p class=\"encabezado\">Motores industriales Volvo Penta<\/p>\n\n\n\n<div style=\"color:#ddd\" class=\"wp-block-atomic-blocks-ab-spacer ab-block-spacer ab-divider-solid ab-divider-size-1\"><hr style=\"height:20px\"\/><\/div>\n\n\n\n<div style=\"background-color:#fafafa;padding-left:6%;padding-bottom:8%;padding-top:8%\" class=\"wp-block-atomic-blocks-ab-container paginas-productos ab-block-container aligncenter\"><div class=\"ab-container-inside\"><div class=\"ab-container-content\" style=\"max-width:1280px\">\n<div class=\"wp-block-media-text alignwide is-stacked-on-mobile\" style=\"grid-template-columns:40% auto\"><figure class=\"wp-block-media-text__media\"><img fetchpriority=\"high\" decoding=\"async\" width=\"819\" height=\"1024\" src=\"https:\/\/macawebtest.com\/pruebe-VOLVO\/wp-content\/uploads\/2019\/12\/pagina-motores-industriales-819x1024.jpg\" alt=\"motores industriales volvo penta\" class=\"wp-image-2089\" srcset=\"https:\/\/eliasblanco.com\/volvopenta\/wp-content\/uploads\/2019\/12\/pagina-motores-industriales-819x1024.jpg 819w, https:\/\/eliasblanco.com\/volvopenta\/wp-content\/uploads\/2019\/12\/pagina-motores-industriales-240x300.jpg 240w, https:\/\/eliasblanco.com\/volvopenta\/wp-content\/uploads\/2019\/12\/pagina-motores-industriales-768x960.jpg 768w, https:\/\/eliasblanco.com\/volvopenta\/wp-content\/uploads\/2019\/12\/pagina-motores-industriales.jpg 1080w\" sizes=\"(max-width: 819px) 100vw, 819px\" \/><\/figure><div class=\"wp-block-media-text__content\">\n<p>Volvo Penta lleva m\u00e1s de 100 a\u00f1os  colaborando con los fabricantes y usuarios de maquinaria off-road y  equipos de casi todas las aplicaciones. Tanto <strong>construcci\u00f3n de carreteras<\/strong> como equipos<strong><strong> de manipulaci\u00f3n portuaria<\/strong><\/strong>,<strong> miner\u00eda <\/strong>y<strong> canteras <\/strong>. <\/p>\n\n\n\n<p>La elecci\u00f3n de un motor Volvo Penta para su uso industrial es una forma excelente de maximizar el tiempo de actividad y la eficacia en general.<\/p>\n\n\n\n<p> As\u00ed, calidad, t\u00e9cnica, fiabilidad y soporte en todo el mundo son las principales razones por las que los constructores de equipos y veh\u00edculos optan por Volvo Penta. Como parte del Grupo Volvo, <strong>uno de los mayores  fabricantes de motores industriales diesel del mundo<\/strong>, Volvo Penta tiene amplios recursos para la producci\u00f3n y el desarrollo continuo de los sistemas de energ\u00eda diesel.<\/p>\n\n\n\n<h3 class=\"wp-block-heading\">La gama de<strong> motores industriales Volvo Penta<\/strong> se caracteriza por su<strong> alto nivel de rendimiento, fiabilidad y ahorro de combustible<\/strong>, as\u00ed como por sus <strong>bajos niveles de emisi\u00f3n<\/strong>. Est\u00e1n dise\u00f1ados para ser vers\u00e1tiles. Sin duda su peso reducido, su dise\u00f1o compacto, su instalaci\u00f3n sencilla y sus paquetes de equipamiento opcionales hacen que resulten perfectos para numerosas aplicaciones en m\u00e1quinas y equipos en una gran variedad de sectores.<\/h3>\n\n\n\n<p>Para los profesionales de la <strong>industria<\/strong> que buscan en sus <strong>motores industriales<\/strong>:<\/p>\n\n\n\n<ul class=\"wp-block-list\"><li>Rendimiento.<\/li><li>Fiabilidad.<\/li><li>Bajo consumo de combustible.<\/li><li>Seguridad.<\/li><li>Normas de emisiones.<\/li><\/ul>\n\n\n\n<p>Para <strong>maximizar el tiempo de actividad<\/strong>, casi todos los motores industriales Volvo Penta <strong>pueden estar funcionando unas 1.000 horas <\/strong>entre intervalos de servicio. Igualmente se puede aumentar la productividad utilizando el protocolo de servicio correspondiente. Y tambi\u00e9n con un an\u00e1lisis de aceite aprobado y filtros de aceite Volvo Penta genuinos, con la calidad adecuada de aceite y combustible .<\/p>\n\n\n\n<p>Finalmente, el <a rel=\"noreferrer noopener\" href=\"http:\/\/www.volvopenta.com\/volvopenta\/industrial\/en-gb\/off_road_engines\/engine_range_industrial\/Pages\/industrial_engines.aspx\" target=\"_blank\">rango de potencia<\/a>&nbsp;de los Motores Industriales va de 105 kW a 565 kW (143 hp a 768 hp).<\/p>\n\n\n\n<p>Para m\u00e1s informaci\u00f3n, <a href=\"https:\/\/macawebtest.com\/pruebe-VOLVO\/contacto\/\">contacte<\/a> con El\u00edas Blanco SL.<\/p>\n<\/div><\/div>\n\n\n\n<p><\/p>\n<\/div><\/div><\/div>\n","protected":false},"excerpt":{"rendered":"<p>Motores industriales Volvo Penta<\/p>\n","protected":false},"author":4,"featured_media":2022,"parent":0,"menu_order":0,"comment_status":"closed","ping_status":"closed","template":"","meta":{"_genesis_hide_title":false,"_genesis_hide_breadcrumbs":false,"_genesis_hide_singular_image":false,"_genesis_hide_footer_widgets":false,"_genesis_custom_body_class":"","_genesis_custom_post_class":"","_genesis_layout":"","footnotes":""},"class_list":{"0":"post-1987","1":"page","2":"type-page","3":"status-publish","4":"has-post-thumbnail","6":"entry"},"featured_image_src":"https:\/\/eliasblanco.com\/volvopenta\/wp-content\/uploads\/2019\/12\/motores-industriales-600x400.jpg","featured_image_src_square":"https:\/\/eliasblanco.com\/volvopenta\/wp-content\/uploads\/2019\/12\/motores-industriales-600x600.jpg","_links":{"self":[{"href":"https:\/\/eliasblanco.com\/volvopenta\/wp-json\/wp\/v2\/pages\/1987","targetHints":{"allow":["GET"]}}],"collection":[{"href":"https:\/\/eliasblanco.com\/volvopenta\/wp-json\/wp\/v2\/pages"}],"about":[{"href":"https:\/\/eliasblanco.com\/volvopenta\/wp-json\/wp\/v2\/types\/page"}],"author":[{"embeddable":true,"href":"https:\/\/eliasblanco.com\/volvopenta\/wp-json\/wp\/v2\/users\/4"}],"replies":[{"embeddable":true,"href":"https:\/\/eliasblanco.com\/volvopenta\/wp-json\/wp\/v2\/comments?post=1987"}],"version-history":[{"count":10,"href":"https:\/\/eliasblanco.com\/volvopenta\/wp-json\/wp\/v2\/pages\/1987\/revisions"}],"predecessor-version":[{"id":3730,"href":"https:\/\/eliasblanco.com\/volvopenta\/wp-json\/wp\/v2\/pages\/1987\/revisions\/3730"}],"wp:featuredmedia":[{"embeddable":true,"href":"https:\/\/eliasblanco.com\/volvopenta\/wp-json\/wp\/v2\/media\/2022"}],"wp:attachment":[{"href":"https:\/\/eliasblanco.com\/volvopenta\/wp-json\/wp\/v2\/media?parent=1987"}],"curies":[{"name":"wp","href":"https:\/\/api.w.org\/{rel}","templated":true}]}}