{"id":1983,"date":"2019-01-07T20:07:51","date_gmt":"2019-01-07T20:07:51","guid":{"rendered":"https:\/\/macawebtest.com\/pruebe-VOLVO\/?page_id=1983"},"modified":"2026-04-24T10:56:37","modified_gmt":"2026-04-24T10:56:37","slug":"sistema-ips-volvo-penta3","status":"publish","type":"page","link":"https:\/\/eliasblanco.com\/volvopenta\/sistema-ips-volvo-penta3\/","title":{"rendered":"Sistema IPS Volvo Penta3"},"content":{"rendered":"\n<p class=\"encabezado\">Sistema IPS Volvo Penta<\/p>\n\n\n\n<div style=\"color:#ddd\" class=\"wp-block-atomic-blocks-ab-spacer ab-block-spacer ab-divider-solid ab-divider-size-1\"><hr style=\"height:20px\"\/><\/div>\n\n\n\n<div style=\"background-color:#fafafa;padding-left:6%;padding-bottom:8%;padding-top:8%\" class=\"wp-block-atomic-blocks-ab-container paginas-productos ab-block-container aligncenter\"><div class=\"ab-container-inside\"><div class=\"ab-container-content\" style=\"max-width:1280px\">\n<div class=\"wp-block-media-text alignwide is-stacked-on-mobile\" style=\"grid-template-columns:40% auto\"><figure class=\"wp-block-media-text__media\"><img fetchpriority=\"high\" decoding=\"async\" width=\"819\" height=\"1024\" src=\"https:\/\/macawebtest.com\/pruebe-VOLVO\/wp-content\/uploads\/2020\/04\/sistema-IPS-Volvo-Penta-819x1024.png\" alt=\"Sistema IPS Volvo Penta\" class=\"wp-image-2540\" srcset=\"https:\/\/eliasblanco.com\/volvopenta\/wp-content\/uploads\/2020\/04\/sistema-IPS-Volvo-Penta-819x1024.png 819w, https:\/\/eliasblanco.com\/volvopenta\/wp-content\/uploads\/2020\/04\/sistema-IPS-Volvo-Penta-240x300.png 240w, https:\/\/eliasblanco.com\/volvopenta\/wp-content\/uploads\/2020\/04\/sistema-IPS-Volvo-Penta-768x960.png 768w, https:\/\/eliasblanco.com\/volvopenta\/wp-content\/uploads\/2020\/04\/sistema-IPS-Volvo-Penta.png 1080w\" sizes=\"(max-width: 819px) 100vw, 819px\" \/><\/figure><div class=\"wp-block-media-text__content\">\n<p><strong>Volvo Penta IPS (Inboard  Performance&nbsp;System)<\/strong> es una revoluci\u00f3n tecnol\u00f3gica. Supera a los intraborda con ejes en muchos aspectos: la maniobrabilidad y comodidad a  bordo, as\u00ed como la aceleraci\u00f3n, el consumo, el humo, etc\u2026 <\/p>\n\n\n\n<p>B\u00e1sicamente, desde 2004 y la primera generaci\u00f3n de IPS hasta la 3\u00aa, todos los fabricantes de barcos lo instalan. As\u00ed, m\u00e1s de 10,000 unidades han sido instaladas en m\u00e1s de 250 modelos de barco en  el mundo. El rango se compone de 10 modelos, del IPS350 hasta el  IPS1200, con 3 tallas de pods, para instalaci\u00f3n doble, triple o  cu\u00e1druple. Igualmente <strong>el sistema IPS permite <a href=\"https:\/\/eliasblanco.com\/volvopenta\/motores-de-recreo-volvo-penta\/\">motorizar yates<\/a> de hasta 30 metros<\/strong>.<\/p>\n\n\n\n<p>De esta forma, comparando con motores con ejes:<\/p>\n\n\n\n<ul class=\"wp-block-list\"><li>40% m\u00e1s de autonom\u00eda de crucero<\/li><li>20% m\u00e1s de velocidad m\u00e1xima<\/li><li>Reducci\u00f3n del consumo de combustible de hasta un&nbsp;30%<\/li><li>30%&nbsp;menos de emisiones de&nbsp;CO2<\/li><li>50% menos de nivel de ruido percibido<\/li><li>Atraque con Joystick<\/li><\/ul>\n\n\n\n<p><strong>Volvo Penta IPS<\/strong> <strong>es un sistema de propulsi\u00f3n completo e integrado<\/strong>, desde el puesto de pilotaje, pasando por el motor, hasta las h\u00e9lices. Gracias a esto el a<strong>umento de la calidad y la fiabilidad<\/strong> es considerable. El sistema Volvo Penta IPS est\u00e1 dise\u00f1ado con la maniobrabilidad como caracter\u00edstica principal y ofrece una estructura s\u00f3lida. <\/p>\n\n\n\n<p>Adem\u00e1s <strong>la aceleraci\u00f3n<\/strong> de los barcos equipados con Volvo Penta IPS es <strong>mucho m\u00e1s r\u00e1pida<\/strong>, como tambi\u00e9n lo es su <strong>velocidad m\u00e1xima<\/strong>.<\/p>\n\n\n\n<p>Igualmente, junto con el sistema de control electr\u00f3nico de la embarcaci\u00f3n o EVC (Electronic Vessel Control), ofrece un rendimiento y una seguridad extraordinarios. El EVC proporciona completas prestaciones de supervisi\u00f3n, protecci\u00f3n y diagn\u00f3stico tanto para el motor como para la transmisi\u00f3n.<\/p>\n\n\n\n<h3 class=\"wp-block-heading\">Por otro lado,<strong> el dise\u00f1o de la instalaci\u00f3n del sistema IPS hace que la c\u00e1mara de m\u00e1quinas sea m\u00e1s peque\u00f1a y compacta<\/strong>, por lo que se crea un espacio de uso a bordo bastante mayor.<\/h3>\n\n\n\n<p><a href=\"https:\/\/www.volvopenta.es\/marineleisure\/es-es\/products\/motor-boats\/ranges\/volvo-penta-ips.html\" target=\"_blank\" rel=\"noreferrer noopener\">Rango de potencia IPS recreo<\/a><\/p>\n<\/div><\/div>\n<\/div><\/div><\/div>\n","protected":false},"excerpt":{"rendered":"<p>Sistema IPS Volvo Penta<\/p>\n","protected":false},"author":4,"featured_media":2025,"parent":0,"menu_order":0,"comment_status":"closed","ping_status":"closed","template":"","meta":{"_genesis_hide_title":false,"_genesis_hide_breadcrumbs":false,"_genesis_hide_singular_image":false,"_genesis_hide_footer_widgets":false,"_genesis_custom_body_class":"","_genesis_custom_post_class":"","_genesis_layout":"","footnotes":""},"class_list":{"0":"post-1983","1":"page","2":"type-page","3":"status-publish","4":"has-post-thumbnail","6":"entry"},"featured_image_src":"https:\/\/eliasblanco.com\/volvopenta\/wp-content\/uploads\/2019\/12\/sistema-IPS-600x400.jpg","featured_image_src_square":"https:\/\/eliasblanco.com\/volvopenta\/wp-content\/uploads\/2019\/12\/sistema-IPS-600x600.jpg","_links":{"self":[{"href":"https:\/\/eliasblanco.com\/volvopenta\/wp-json\/wp\/v2\/pages\/1983","targetHints":{"allow":["GET"]}}],"collection":[{"href":"https:\/\/eliasblanco.com\/volvopenta\/wp-json\/wp\/v2\/pages"}],"about":[{"href":"https:\/\/eliasblanco.com\/volvopenta\/wp-json\/wp\/v2\/types\/page"}],"author":[{"embeddable":true,"href":"https:\/\/eliasblanco.com\/volvopenta\/wp-json\/wp\/v2\/users\/4"}],"replies":[{"embeddable":true,"href":"https:\/\/eliasblanco.com\/volvopenta\/wp-json\/wp\/v2\/comments?post=1983"}],"version-history":[{"count":12,"href":"https:\/\/eliasblanco.com\/volvopenta\/wp-json\/wp\/v2\/pages\/1983\/revisions"}],"predecessor-version":[{"id":3748,"href":"https:\/\/eliasblanco.com\/volvopenta\/wp-json\/wp\/v2\/pages\/1983\/revisions\/3748"}],"wp:featuredmedia":[{"embeddable":true,"href":"https:\/\/eliasblanco.com\/volvopenta\/wp-json\/wp\/v2\/media\/2025"}],"wp:attachment":[{"href":"https:\/\/eliasblanco.com\/volvopenta\/wp-json\/wp\/v2\/media?parent=1983"}],"curies":[{"name":"wp","href":"https:\/\/api.w.org\/{rel}","templated":true}]}}