{"id":1979,"date":"2019-01-07T20:06:16","date_gmt":"2019-01-07T20:06:16","guid":{"rendered":"https:\/\/macawebtest.com\/pruebe-VOLVO\/?page_id=1979"},"modified":"2026-04-24T10:52:57","modified_gmt":"2026-04-24T10:52:57","slug":"motores-de-recreo-volvo-penta3","status":"publish","type":"page","link":"https:\/\/eliasblanco.com\/volvopenta\/motores-de-recreo-volvo-penta3\/","title":{"rendered":"Motores de Recreo Volvo Penta3"},"content":{"rendered":"\n<p class=\"encabezado\">Motores de Recreo<\/p>\n\n\n\n<div style=\"color:#ddd\" class=\"wp-block-atomic-blocks-ab-spacer ab-block-spacer ab-divider-solid ab-divider-size-1\"><hr style=\"height:20px\"\/><\/div>\n\n\n\n<div style=\"background-color:#fafafa;padding-left:6%;padding-bottom:8%;padding-top:8%\" class=\"wp-block-atomic-blocks-ab-container paginas-productos ab-block-container aligncenter\"><div class=\"ab-container-inside\"><div class=\"ab-container-content\" style=\"max-width:1280px\">\n<div class=\"wp-block-media-text alignwide is-stacked-on-mobile\" style=\"grid-template-columns:40% auto\"><figure class=\"wp-block-media-text__media\"><img fetchpriority=\"high\" decoding=\"async\" width=\"819\" height=\"1024\" src=\"https:\/\/macawebtest.com\/pruebe-VOLVO\/wp-content\/uploads\/2019\/12\/pagina-motores-de-recreo2-819x1024.jpg\" alt=\"Motores de Recreo Volvo Penta\" class=\"wp-image-2088\" srcset=\"https:\/\/eliasblanco.com\/volvopenta\/wp-content\/uploads\/2019\/12\/pagina-motores-de-recreo2-819x1024.jpg 819w, https:\/\/eliasblanco.com\/volvopenta\/wp-content\/uploads\/2019\/12\/pagina-motores-de-recreo2-240x300.jpg 240w, https:\/\/eliasblanco.com\/volvopenta\/wp-content\/uploads\/2019\/12\/pagina-motores-de-recreo2-768x960.jpg 768w, https:\/\/eliasblanco.com\/volvopenta\/wp-content\/uploads\/2019\/12\/pagina-motores-de-recreo2-1229x1536.jpg 1229w, https:\/\/eliasblanco.com\/volvopenta\/wp-content\/uploads\/2019\/12\/pagina-motores-de-recreo2-1638x2048.jpg 1638w, https:\/\/eliasblanco.com\/volvopenta\/wp-content\/uploads\/2019\/12\/pagina-motores-de-recreo2.jpg 2048w\" sizes=\"(max-width: 819px) 100vw, 819px\" \/><\/figure><div class=\"wp-block-media-text__content\">\n<p>Todos los <strong>motores de recreo<\/strong> volvo penta  cumplen los requisitos medioambientales m\u00e1s rigurosos. Comparados con los anteriores, el nivel de emisiones de part\u00edculas se ha reducido un 40  % y el de \u00f3xido de nitr\u00f3geno e hidrocarburos, un 20 %.<\/p>\n\n\n\n<p>Adem\u00e1s se caracterizan por:<\/p>\n\n\n\n<p><span style=\"text-align: initial;\">Su<strong> bajo consumo<\/strong> de combustible<\/span>, <strong>emisiones reducidas<\/strong> de CO2 y por el <strong>bajo nivel de ruido y vibraciones<\/strong>.<\/p>\n\n\n\n<p>Tambi\u00e9n por tener una excelente <strong>maniobrabilidad<\/strong> a baja velocidad. <\/p>\n\n\n\n<h3 class=\"wp-block-heading\"><strong>Los motores de recreo volvo penta <\/strong>est\u00e1n preparados para velocidades de crucero a bajas revoluciones de motor. Este hecho provoca unas vibraciones m\u00ednimas y bajos niveles de ruido.<\/h3>\n\n\n\n<p>La plataforma <a href=\"https:\/\/eliasblanco.com\/volvopenta\/accesorios-evc-volvo-penta\/\" target=\"_blank\" rel=\"noreferrer noopener\">EVC <\/a>(control electr\u00f3nico de la embarcaci\u00f3n) permite a\u00f1adir funciones inteligentes a su motor.<\/p>\n\n\n\n<p>Existe una <strong>gama completa de accesorios y opciones<\/strong> (EVC) y tienen una <strong>aceleraci\u00f3n potente<\/strong> y buena <strong>velocidad de crucero<\/strong>. Igualmente poseen una larga vida de motor y obtienen un buen valor de segunda mano.<\/p>\n\n\n\n<p>Los <strong>motores de recreo<\/strong> volvo penta ofrecen un <strong>par  marino \u00fanico<\/strong>. Con \u00e9l que se logra una r\u00e1pida aceleraci\u00f3n, as\u00ed como una  velocidad de crucero eficaz. Adem\u00e1s est\u00e1n dise\u00f1ados y fabricados para ser muy fuertes, con un <strong>bloque de motor r\u00edgido y una culata de una pieza<\/strong>.<\/p>\n\n\n\n<p>La combinaci\u00f3n de motores limpios con accesorios inteligentes resulta en una <strong>navegaci\u00f3n ecol\u00f3gica<\/strong>. Por lo tanto se minimiza el consumo de combustible y se mantienen las emisiones de CO2 en un nivel muy bajo.<\/p>\n\n\n\n<p>Todos los productos han sido cuidadosamente probados en nuestros  centros de pruebas marinas. Por esta raz\u00f3n son motores y transmisiones que marcan la diferencia en cuanto a potencia y rendimiento, as\u00ed como en cuanto a bajos niveles de ruido, vibraciones y emisiones.<\/p>\n\n\n\n<p>Todos los motores destacan por su <strong>relaci\u00f3n potencia-peso<\/strong> y la <strong>fiabilidad<\/strong>, por lo tanto, independientemente de los requisitos de su barco, siempre puede encontrar un motor intraborda di\u00e9sel Volvo Penta que se adapte a sus necesidades.<\/p>\n\n\n\n<div class=\"wp-block-columns is-layout-flex wp-container-core-columns-is-layout-9d6595d7 wp-block-columns-is-layout-flex\">\n<div class=\"wp-block-column is-layout-flow wp-block-column-is-layout-flow\">\n<p class=\"has-text-align-center\"><a href=\"https:\/\/www.volvopenta.es\/marineleisure\/es-es\/products\/motor-boats\/ranges\/aquamatic-sterndrive-gasoline.html\" target=\"_blank\" rel=\"noreferrer noopener\">Gasolina<\/a><\/p>\n<\/div>\n\n\n\n<div class=\"wp-block-column is-layout-flow wp-block-column-is-layout-flow\">\n<p class=\"has-text-align-center\"><a href=\"https:\/\/www.volvopenta.es\/marineleisure\/es-es\/products\/motor-yacht\/ranges\/inboard-shaft.html#Select%20any%20one%20Anchor%20Name%20from%20below%20list%20%20\" target=\"_blank\" rel=\"noreferrer noopener\">Intraborda Diesel<\/a><\/p>\n<\/div>\n<\/div>\n\n\n\n<div class=\"wp-block-columns is-layout-flex wp-container-core-columns-is-layout-9d6595d7 wp-block-columns-is-layout-flex\">\n<div class=\"wp-block-column is-layout-flow wp-block-column-is-layout-flow\">\n<p class=\"has-text-align-center\"><a href=\"https:\/\/www.volvopenta.es\/marineleisure\/es-es\/products\/motor-boats\/ranges\/aquamatic-sterndrive-diesel.html#Select%20any%20one%20Anchor%20Name%20from%20below%20list%20%20\" target=\"_blank\" rel=\"noreferrer noopener\">Aquamatic Diesel<\/a><\/p>\n<\/div>\n\n\n\n<div class=\"wp-block-column is-layout-flow wp-block-column-is-layout-flow\">\n<p class=\"has-text-align-center\"><a href=\"https:\/\/www.volvopenta.es\/marineleisure\/es-es\/products\/sailboats\/ranges\/inboard-shaft.html\" target=\"_blank\" rel=\"noreferrer noopener\"> Velero<\/a><\/p>\n<\/div>\n<\/div>\n<\/div><\/div>\n<\/div><\/div><\/div>\n","protected":false},"excerpt":{"rendered":"<p>Motores de Recreo<\/p>\n","protected":false},"author":4,"featured_media":2021,"parent":0,"menu_order":0,"comment_status":"closed","ping_status":"closed","template":"","meta":{"_genesis_hide_title":false,"_genesis_hide_breadcrumbs":false,"_genesis_hide_singular_image":false,"_genesis_hide_footer_widgets":false,"_genesis_custom_body_class":"","_genesis_custom_post_class":"","_genesis_layout":"","footnotes":""},"class_list":{"0":"post-1979","1":"page","2":"type-page","3":"status-publish","4":"has-post-thumbnail","6":"entry"},"featured_image_src":"https:\/\/eliasblanco.com\/volvopenta\/wp-content\/uploads\/2019\/12\/motores-de-recreo-600x400.jpg","featured_image_src_square":"https:\/\/eliasblanco.com\/volvopenta\/wp-content\/uploads\/2019\/12\/motores-de-recreo-600x600.jpg","_links":{"self":[{"href":"https:\/\/eliasblanco.com\/volvopenta\/wp-json\/wp\/v2\/pages\/1979","targetHints":{"allow":["GET"]}}],"collection":[{"href":"https:\/\/eliasblanco.com\/volvopenta\/wp-json\/wp\/v2\/pages"}],"about":[{"href":"https:\/\/eliasblanco.com\/volvopenta\/wp-json\/wp\/v2\/types\/page"}],"author":[{"embeddable":true,"href":"https:\/\/eliasblanco.com\/volvopenta\/wp-json\/wp\/v2\/users\/4"}],"replies":[{"embeddable":true,"href":"https:\/\/eliasblanco.com\/volvopenta\/wp-json\/wp\/v2\/comments?post=1979"}],"version-history":[{"count":13,"href":"https:\/\/eliasblanco.com\/volvopenta\/wp-json\/wp\/v2\/pages\/1979\/revisions"}],"predecessor-version":[{"id":3728,"href":"https:\/\/eliasblanco.com\/volvopenta\/wp-json\/wp\/v2\/pages\/1979\/revisions\/3728"}],"wp:featuredmedia":[{"embeddable":true,"href":"https:\/\/eliasblanco.com\/volvopenta\/wp-json\/wp\/v2\/media\/2021"}],"wp:attachment":[{"href":"https:\/\/eliasblanco.com\/volvopenta\/wp-json\/wp\/v2\/media?parent=1979"}],"curies":[{"name":"wp","href":"https:\/\/api.w.org\/{rel}","templated":true}]}}