{"id":1977,"date":"2019-01-07T20:00:55","date_gmt":"2019-01-07T20:00:55","guid":{"rendered":"https:\/\/macawebtest.com\/pruebe-VOLVO\/?page_id=1977"},"modified":"2026-04-24T10:54:23","modified_gmt":"2026-04-24T10:54:23","slug":"productos-quimicos-volvo-penta3","status":"publish","type":"page","link":"https:\/\/eliasblanco.com\/volvopenta\/productos-quimicos-volvo-penta3\/","title":{"rendered":"Productos qu\u00edmicos Volvo Penta3"},"content":{"rendered":"\n<p class=\"has-text-align-center encabezado\">Productos qu\u00edmicos Volvo Penta<\/p>\n\n\n\n<div style=\"color:#ddd\" class=\"wp-block-atomic-blocks-ab-spacer ab-block-spacer ab-divider-solid ab-divider-size-1\"><hr style=\"height:20px\"\/><\/div>\n\n\n\n<div style=\"background-color:#fafafa;padding-left:6%;padding-bottom:8%;padding-top:8%\" class=\"wp-block-atomic-blocks-ab-container paginas-productos ab-block-container aligncenter\"><div class=\"ab-container-inside\"><div class=\"ab-container-content\" style=\"max-width:1280px\">\n<div class=\"wp-block-media-text alignwide is-stacked-on-mobile\" style=\"grid-template-columns:40% auto\"><figure class=\"wp-block-media-text__media\"><img fetchpriority=\"high\" decoding=\"async\" width=\"819\" height=\"1024\" src=\"https:\/\/macawebtest.com\/pruebe-VOLVO\/wp-content\/uploads\/2019\/12\/pagina-productos-quimicos-819x1024.jpg\" alt=\"productos quimicos Volvo Penta\" class=\"wp-image-2091\" srcset=\"https:\/\/eliasblanco.com\/volvopenta\/wp-content\/uploads\/2019\/12\/pagina-productos-quimicos-819x1024.jpg 819w, https:\/\/eliasblanco.com\/volvopenta\/wp-content\/uploads\/2019\/12\/pagina-productos-quimicos-240x300.jpg 240w, https:\/\/eliasblanco.com\/volvopenta\/wp-content\/uploads\/2019\/12\/pagina-productos-quimicos-768x960.jpg 768w, https:\/\/eliasblanco.com\/volvopenta\/wp-content\/uploads\/2019\/12\/pagina-productos-quimicos-1228x1536.jpg 1228w, https:\/\/eliasblanco.com\/volvopenta\/wp-content\/uploads\/2019\/12\/pagina-productos-quimicos-1638x2048.jpg 1638w, https:\/\/eliasblanco.com\/volvopenta\/wp-content\/uploads\/2019\/12\/pagina-productos-quimicos-scaled.jpg 2047w\" sizes=\"(max-width: 819px) 100vw, 819px\" \/><\/figure><div class=\"wp-block-media-text__content\">\n<h3 class=\"wp-block-heading\">Los productos qu\u00edmicos, <strong>aceites,  lubricantes y refrigerantes Volvo Penta<\/strong> contienen muchos aditivos protectores que minimizan el desgaste, limpian el holl\u00edn, el lodo y las  part\u00edculas met\u00e1licas, neutralizan los \u00e1cidos, retienen el agua y poseen  propiedades conservantes.<\/h3>\n\n\n\n<p>Est\u00e1n elaborados especialmente <strong>para optimizar el rendimiento de los motores<\/strong> Volvo Penta y est\u00e1n adaptados tambi\u00e9n a las exigencias especiales de motores de bajas emisiones.<\/p>\n\n\n\n<p>Los motores de barcos de recreo  est\u00e1n sujetos a un mayor desgaste que otros motores. Esto es debido al hecho de que se utilizan muy intensamente durante per\u00edodos cortos y luego no se utilizan&nbsp;durante meses. Por tanto,<strong> es muy  importante elegir el aceite, refrigerante y la grasa adecuada al uso marino<\/strong>. No s\u00f3lo por razones econ\u00f3micas, sino tambi\u00e9n para su propia seguridad en el mar.<\/p>\n\n\n\n<p><strong>Los aceites Volvo Penta<\/strong> ofrecen una <strong>excelente proctecci\u00f3n contra la corrosi\u00f3n y el \u00f3xido<\/strong>. Tambi\u00e9n tienen una excelente capacidad de transporte de carga, tanto a baja como a alta temperatura. Tambi\u00e9n garntizan una buen equilibrio entre fricci\u00f3n, agarre y deslizamiento.<\/p>\n\n\n\n<p>Las especificaciones del aceite as\u00ed como la cantidad exacta para su motor se encuentra en el manual del usuario.  Estamos a su disposici\u00f3n para resolver todas sus dudas sobre los  productos qu\u00edmicos volvo penta.<\/p>\n\n\n\n<p>En cuesti\u00f3n de lubricantes, la <strong>grasa resistente al agua<\/strong> <strong>Volvo Penta<\/strong> ha sido creada para ofrecer <strong>excelentes propiedades de adhesi\u00f3n y resistencia al agua<\/strong>. De esta manera protege a largo plazo frente a la corrosi\u00f3n.<\/p>\n\n\n\n<p>Las pinturas Volvo Penta est\u00e1n especialmente formuladas para soportar las elevadas temperaturas del motor. As\u00ed mismo dan protecci\u00f3n adicional contra el \u00f3xido y la corrosi\u00f3n. El formato en spray respeta el medio ambiente, ya que no contiene CFC.<\/p>\n\n\n\n<p>Si se usan junto con la pintura de imprimaci\u00f3n en spray de Volvo Penta se obtiene un acabado suave y libre de \u00f3xido con un secado muy r\u00e1pido. <\/p>\n\n\n\n<p>Tambi\u00e9n puede comprar online su aceite, lubricante, refrigerante y pinturas en nuestra <a href=\"https:\/\/www.volvopenta.com\/shop\/523839\" target=\"_blank\" rel=\"noreferrer noopener\">tienda volvo penta shop<\/a>.<\/p>\n\n\n\n<p>Para saber m\u00e1s, puede visitar la p\u00e1gina <a href=\"https:\/\/eliasblanco.com\/volvopenta\/analisis-de-aceite\/\">An\u00e1lisis de aceite<\/a>.<\/p>\n<\/div><\/div>\n<\/div><\/div><\/div>\n","protected":false},"excerpt":{"rendered":"<p>Productos qu\u00edmicos Volvo Penta<\/p>\n","protected":false},"author":4,"featured_media":2043,"parent":0,"menu_order":0,"comment_status":"closed","ping_status":"closed","template":"","meta":{"_genesis_hide_title":false,"_genesis_hide_breadcrumbs":false,"_genesis_hide_singular_image":false,"_genesis_hide_footer_widgets":false,"_genesis_custom_body_class":"","_genesis_custom_post_class":"","_genesis_layout":"","footnotes":""},"class_list":{"0":"post-1977","1":"page","2":"type-page","3":"status-publish","4":"has-post-thumbnail","6":"entry"},"featured_image_src":"https:\/\/eliasblanco.com\/volvopenta\/wp-content\/uploads\/2019\/12\/productos-quimicos-2-600x400.jpg","featured_image_src_square":"https:\/\/eliasblanco.com\/volvopenta\/wp-content\/uploads\/2019\/12\/productos-quimicos-2-600x600.jpg","_links":{"self":[{"href":"https:\/\/eliasblanco.com\/volvopenta\/wp-json\/wp\/v2\/pages\/1977","targetHints":{"allow":["GET"]}}],"collection":[{"href":"https:\/\/eliasblanco.com\/volvopenta\/wp-json\/wp\/v2\/pages"}],"about":[{"href":"https:\/\/eliasblanco.com\/volvopenta\/wp-json\/wp\/v2\/types\/page"}],"author":[{"embeddable":true,"href":"https:\/\/eliasblanco.com\/volvopenta\/wp-json\/wp\/v2\/users\/4"}],"replies":[{"embeddable":true,"href":"https:\/\/eliasblanco.com\/volvopenta\/wp-json\/wp\/v2\/comments?post=1977"}],"version-history":[{"count":11,"href":"https:\/\/eliasblanco.com\/volvopenta\/wp-json\/wp\/v2\/pages\/1977\/revisions"}],"predecessor-version":[{"id":3736,"href":"https:\/\/eliasblanco.com\/volvopenta\/wp-json\/wp\/v2\/pages\/1977\/revisions\/3736"}],"wp:featuredmedia":[{"embeddable":true,"href":"https:\/\/eliasblanco.com\/volvopenta\/wp-json\/wp\/v2\/media\/2043"}],"wp:attachment":[{"href":"https:\/\/eliasblanco.com\/volvopenta\/wp-json\/wp\/v2\/media?parent=1977"}],"curies":[{"name":"wp","href":"https:\/\/api.w.org\/{rel}","templated":true}]}}