{"id":1975,"date":"2019-01-07T20:02:17","date_gmt":"2019-01-07T20:02:17","guid":{"rendered":"https:\/\/macawebtest.com\/pruebe-VOLVO\/?page_id=1975"},"modified":"2026-04-24T10:55:13","modified_gmt":"2026-04-24T10:55:13","slug":"recambios-originales-volvo-penta3","status":"publish","type":"page","link":"https:\/\/eliasblanco.com\/volvopenta\/recambios-originales-volvo-penta3\/","title":{"rendered":"Recambios Originales Volvo Penta3"},"content":{"rendered":"\n<p class=\"encabezado\">Recambios Originales Volvo Penta<\/p>\n\n\n\n<div style=\"color:#ddd\" class=\"wp-block-atomic-blocks-ab-spacer ab-block-spacer ab-divider-solid ab-divider-size-1\"><hr style=\"height:20px\"\/><\/div>\n\n\n\n<div style=\"background-color:#fafafa;padding-left:6%;padding-bottom:8%;padding-top:8%\" class=\"wp-block-atomic-blocks-ab-container paginas-productos ab-block-container aligncenter\"><div class=\"ab-container-inside\"><div class=\"ab-container-content\" style=\"max-width:1280px\">\n<div class=\"wp-block-media-text alignwide is-stacked-on-mobile\" style=\"grid-template-columns:40% auto\"><figure class=\"wp-block-media-text__media\"><img fetchpriority=\"high\" decoding=\"async\" width=\"819\" height=\"1024\" src=\"https:\/\/macawebtest.com\/pruebe-VOLVO\/wp-content\/uploads\/2019\/12\/pagina-recambios-819x1024.jpg\" alt=\"Recambios originales volvo penta\" class=\"wp-image-2092\" srcset=\"https:\/\/eliasblanco.com\/volvopenta\/wp-content\/uploads\/2019\/12\/pagina-recambios-819x1024.jpg 819w, https:\/\/eliasblanco.com\/volvopenta\/wp-content\/uploads\/2019\/12\/pagina-recambios-240x300.jpg 240w, https:\/\/eliasblanco.com\/volvopenta\/wp-content\/uploads\/2019\/12\/pagina-recambios-768x960.jpg 768w, https:\/\/eliasblanco.com\/volvopenta\/wp-content\/uploads\/2019\/12\/pagina-recambios-1229x1536.jpg 1229w, https:\/\/eliasblanco.com\/volvopenta\/wp-content\/uploads\/2019\/12\/pagina-recambios-1638x2048.jpg 1638w, https:\/\/eliasblanco.com\/volvopenta\/wp-content\/uploads\/2019\/12\/pagina-recambios.jpg 2048w\" sizes=\"(max-width: 819px) 100vw, 819px\" \/><\/figure><div class=\"wp-block-media-text__content\">\n<p>La gama de <strong>recambios originales Volvo Penta<\/strong> es muy completa, con las piezas de repuesto directamente relacionadas con su motor. Cada pieza est\u00e1 sometida a pruebas rigurosas tanto en t\u00e9rminos de funcionamiento como en t\u00e9rminos de duraci\u00f3n. Por lo tanto el uso de los piezas originales Volvo Penta <strong>ayudar\u00e1 a garantizar un rendimiento \u00f3ptimo, fiabilidad y una larga vida \u00fatil para su producto Volvo Penta<\/strong>.<\/p>\n\n\n\n<p>Las piezas de origen propuestas por  <a href=\"http:\/\/www.eliasblanco.com\">Elias Blanco SL<\/a> cumplen los estrictos requisitos de calidad y seguridad  establecidos por Volvo Penta.<\/p>\n\n\n\n<h3 class=\"wp-block-heading\">Recomendamos el uso de recambios  originales&nbsp;Volvo Penta para mantener su motor en perfectas condiciones y  rendimiento \u00f3ptimo, evitar roturas inesperadas o reparaciones costosas.<\/h3>\n\n\n\n<p>Muchas son las ventajas de comprar recambios y accesorios originales :<\/p>\n\n\n\n<ul class=\"wp-block-list\"><li>Se corresponden perfectamente con los productos Volva Penta<\/li><li>Tareas de servicio y de seguridad superiores<\/li><li>Mantenimiento r\u00e1pido gracias a una correspondencia perfecta<\/li><li>Precios y plazos de entrega \u00f3ptimos gracias a una log\u00edstica de impecable funcionamiento<\/li><li>Garant\u00eda normal Volvo Penta de 12 meses e incluso de 24 meses si se sirve de un concesionario autorizado<\/li><\/ul>\n\n\n\n<p>Tenemos un <a href=\"https:\/\/eliasblanco.com\/volvopenta\/productos\/\">stock <\/a>de m\u00e1s de 4000  referencias disponible inmediato en nuestras tiendas de Algeciras y La  L\u00ednea. As\u00ed como casi todo el material de mantenimiento en stock para los  motores y colas de recreo: filtros, \u00e1nodos, correas, rodetes, fuelles,\u2026<\/p>\n\n\n\n<p>Tanto los recambios originales como los accesorios originales Volvo Penta est\u00e1n cubiertos por una garant\u00eda est\u00e1ndar de 12 meses. Si los compra e instala con nosotros, ampliaremos su garant\u00eda a 24 meses, incluida la mano de obra.<\/p>\n\n\n\n<p>Bajo pedido, podemos conseguir el 99,9% del material en 24 horas.<\/p>\n\n\n\n<p><a href=\"https:\/\/eliasblanco.com\/volvopenta\/contacto\/\">Contacte<\/a> con nosotros para conseguir su material siendo imprescindible tener el n\u00ba de serie de su motor o de su cola.<\/p>\n\n\n\n<p>Tambi\u00e9n puede comprar online su recambio original en nuestra <a href=\"https:\/\/www.volvopenta.com\/shop\/523839\" target=\"_blank\" rel=\"noreferrer noopener\">tienda virtual volvo penta shop<\/a>. En la tienda online, a la que puede acceder las 24 horas del d\u00eda, puede buscar recambios y realizar pedidos cuando le resulte m\u00e1s c\u00f3modo.<\/p>\n\n\n\n<p><\/p>\n<\/div><\/div>\n\n\n\n<p><\/p>\n<\/div><\/div><\/div>\n\n\n\n<p><\/p>\n","protected":false},"excerpt":{"rendered":"<p>Recambios Originales Volvo Penta<\/p>\n","protected":false},"author":4,"featured_media":2042,"parent":0,"menu_order":0,"comment_status":"closed","ping_status":"closed","template":"","meta":{"_genesis_hide_title":false,"_genesis_hide_breadcrumbs":false,"_genesis_hide_singular_image":false,"_genesis_hide_footer_widgets":false,"_genesis_custom_body_class":"","_genesis_custom_post_class":"","_genesis_layout":"","footnotes":""},"class_list":{"0":"post-1975","1":"page","2":"type-page","3":"status-publish","4":"has-post-thumbnail","6":"entry"},"featured_image_src":"https:\/\/eliasblanco.com\/volvopenta\/wp-content\/uploads\/2019\/12\/accesorios-2-600x400.jpg","featured_image_src_square":"https:\/\/eliasblanco.com\/volvopenta\/wp-content\/uploads\/2019\/12\/accesorios-2-600x600.jpg","_links":{"self":[{"href":"https:\/\/eliasblanco.com\/volvopenta\/wp-json\/wp\/v2\/pages\/1975","targetHints":{"allow":["GET"]}}],"collection":[{"href":"https:\/\/eliasblanco.com\/volvopenta\/wp-json\/wp\/v2\/pages"}],"about":[{"href":"https:\/\/eliasblanco.com\/volvopenta\/wp-json\/wp\/v2\/types\/page"}],"author":[{"embeddable":true,"href":"https:\/\/eliasblanco.com\/volvopenta\/wp-json\/wp\/v2\/users\/4"}],"replies":[{"embeddable":true,"href":"https:\/\/eliasblanco.com\/volvopenta\/wp-json\/wp\/v2\/comments?post=1975"}],"version-history":[{"count":9,"href":"https:\/\/eliasblanco.com\/volvopenta\/wp-json\/wp\/v2\/pages\/1975\/revisions"}],"predecessor-version":[{"id":3740,"href":"https:\/\/eliasblanco.com\/volvopenta\/wp-json\/wp\/v2\/pages\/1975\/revisions\/3740"}],"wp:featuredmedia":[{"embeddable":true,"href":"https:\/\/eliasblanco.com\/volvopenta\/wp-json\/wp\/v2\/media\/2042"}],"wp:attachment":[{"href":"https:\/\/eliasblanco.com\/volvopenta\/wp-json\/wp\/v2\/media?parent=1975"}],"curies":[{"name":"wp","href":"https:\/\/api.w.org\/{rel}","templated":true}]}}