{"id":1973,"date":"2019-01-07T20:03:08","date_gmt":"2019-01-07T20:03:08","guid":{"rendered":"https:\/\/macawebtest.com\/pruebe-VOLVO\/?page_id=1973"},"modified":"2026-05-09T17:23:58","modified_gmt":"2026-05-09T17:23:58","slug":"accesorios-evc-volvo-penta3","status":"publish","type":"page","link":"https:\/\/eliasblanco.com\/volvopenta\/accesorios-evc-volvo-penta3\/","title":{"rendered":"Accesorios &#038; EVC Volvo Penta3"},"content":{"rendered":"\t\t<div data-elementor-type=\"wp-page\" data-elementor-id=\"1973\" class=\"elementor elementor-1973\" data-elementor-post-type=\"page\">\n\t\t\t\t<div class=\"elementor-element elementor-element-26f77d31 e-flex e-con-boxed e-con e-parent\" data-id=\"26f77d31\" data-element_type=\"container\" data-e-type=\"container\">\n\t\t\t\t\t<div class=\"e-con-inner\">\n\t\t\t\t<div class=\"elementor-element elementor-element-20befe37 elementor-widget elementor-widget-text-editor\" data-id=\"20befe37\" data-element_type=\"widget\" data-e-type=\"widget\" data-widget_type=\"text-editor.default\">\n\t\t\t\t\t\t\t\t\t\n<p class=\"encabezado\">accesorios &amp; EVC Volvo Penta<\/p>\n\n<div class=\"wp-block-atomic-blocks-ab-spacer ab-block-spacer ab-divider-solid ab-divider-size-1\" style=\"color: #ddd;\"><hr style=\"height: 20px;\" \/><\/div>\n\n<div class=\"wp-block-atomic-blocks-ab-container paginas-productos ab-block-container aligncenter\" style=\"background-color: #fafafa; padding-left: 6%; padding-bottom: 8%; padding-top: 8%;\">\n<div class=\"ab-container-inside\">\n<div class=\"ab-container-content\" style=\"max-width: 1280px;\">\n<div class=\"wp-block-media-text alignwide is-stacked-on-mobile\" style=\"grid-template-columns: 40% auto;\">\n<figure class=\"wp-block-media-text__media\"><img fetchpriority=\"high\" decoding=\"async\" width=\"819\" height=\"1024\" class=\"wp-image-2049\" src=\"https:\/\/macawebtest.com\/pruebe-VOLVO\/wp-content\/uploads\/2019\/12\/pagina-EVC-819x1024.jpg\" alt=\"accesorios evc volvo penta\" srcset=\"https:\/\/eliasblanco.com\/volvopenta\/wp-content\/uploads\/2019\/12\/pagina-EVC-819x1024.jpg 819w, https:\/\/eliasblanco.com\/volvopenta\/wp-content\/uploads\/2019\/12\/pagina-EVC-240x300.jpg 240w, https:\/\/eliasblanco.com\/volvopenta\/wp-content\/uploads\/2019\/12\/pagina-EVC-768x960.jpg 768w, https:\/\/eliasblanco.com\/volvopenta\/wp-content\/uploads\/2019\/12\/pagina-EVC-1229x1536.jpg 1229w, https:\/\/eliasblanco.com\/volvopenta\/wp-content\/uploads\/2019\/12\/pagina-EVC-1638x2048.jpg 1638w, https:\/\/eliasblanco.com\/volvopenta\/wp-content\/uploads\/2019\/12\/pagina-EVC.jpg 2048w\" sizes=\"(max-width: 819px) 100vw, 819px\" \/><\/figure>\n<div class=\"wp-block-media-text__content\">\n<p>Volvo Penta propone una gama amplia de <strong>accesorios &amp; EVC<\/strong>\u00a0para su embarcaci\u00f3n y su motor. De hecho, ha dise\u00f1ado y fabricado en exclusividad:<\/p>\n\n<ul class=\"lista-productos wp-block-list\">\n<li>Mandos de control<\/li>\n<li>Volantes<\/li>\n<li>Sistema de direcci\u00f3n<\/li>\n<li>Sistema de trimado<\/li>\n<li>Monitores y pantallas<\/li>\n<li>Sistema de ventilaci\u00f3n<\/li>\n<li>Sistemas de protecci\u00f3n activa<\/li>\n<\/ul>\n\n<h3 class=\"wp-block-heading\">Los <strong>accesorios EVC Volvo Penta<\/strong> est\u00e1n dise\u00f1ados para controlar y monitorizar el motor de su embarcaci\u00f3n:<\/h3>\n\n<ul class=\"wp-block-list\">\n<li>Navegaci\u00f3n y Atraque con joystick.<\/li>\n<li>Piloto autom\u00e1tico.<\/li>\n<li>Programador de velocidad.<\/li>\n<li>Sistema de posicionamiento din\u00e1mico.<\/li>\n<li>Navegaci\u00f3n a Baja velocidad.<\/li>\n<li>Palanca \u00fanica.<\/li>\n<li>Modo de pesca deportiva.<\/li>\n<li>Modo para deporte acu\u00e1tico.<\/li>\n<li>Ordenador de a bordo.<\/li>\n<\/ul>\n\n<p>Mantenga un control completo, no s\u00f3lo de la velocidad y del rumbo en el agua, sino tambi\u00e9n del estado general de su motor, gracias a los <strong>monitores intuitivos y los mandos y timones de dise\u00f1o ergon\u00f3mico<\/strong>.<\/p>\n\n<p><strong>Para mejorar las maniobras<\/strong>, el sistema de control electr\u00f3nico de la embarcaci\u00f3n (EVC) de Volvo Penta responde a nuestra filosof\u00eda de navegaci\u00f3n sencilla. Con \u00e9l, podr\u00e1 a\u00f1adir <strong>funciones exclusivas de maniobra y control<\/strong>, as\u00ed como otras funciones que mejorar\u00e1n a\u00fan m\u00e1s su experiencia de navegaci\u00f3n.<\/p>\n\n<p>En cuesti\u00f3n de <strong>din\u00e1mica de la embarcaci\u00f3n<\/strong>, la tecnolog\u00eda de interceptores ofrece un modo autom\u00e1tico preciso y uniforme que se encarga de todos los <strong>ajustes de trimado<\/strong>.<\/p>\n\n<p>En cuanto a gesti\u00f3n de la potencia, los alternadores Volvo Penta se adaptan a la capacidad de cada motor para garantizar una carga eficaz. As\u00ed, al instalar el M\u00f3dulo de control de la bater\u00eda, todo el sistema el\u00e9ctrico de la embarcaci\u00f3n ser\u00e1 m\u00e1s fiable y f\u00e1cil de supervisar.<\/p>\n\n<p><a href=\"https:\/\/eliasblanco.com\/volvopenta\/contacto\/\">Contacte<\/a> con nosotros y le informaremos sobre los accesorios disponibles para su embarcaci\u00f3n y que por lo tanto podr\u00edan mejorar tu embarcaci\u00f3n(numero serie del motor imprescindible).<\/p>\n\n<p><strong>Las opciones dependen de la generaci\u00f3n EVC del motor de su barco<\/strong>. Para saber si un accesorio integrado en el EVC es compatible con su sistema de propulsi\u00f3n, consulte la\u00a0<a href=\"https:\/\/www.volvopenta.com\/marine\/accessories\/evc-configurator\/\" target=\"_blank\" rel=\"noopener\">lista de compatibilidad.<\/a><\/p>\n\n<p>Tambi\u00e9n puede comprar online su recambio original Volvo Penta en nuestra <a href=\"https:\/\/www.volvopenta.com\/shop\/523839\" target=\"_blank\" rel=\"noreferrer noopener\">tienda virtual volvo penta shop<\/a>.<\/p>\n<\/div>\n<\/div>\n<\/div>\n<\/div>\n<\/div>\n\t\t\t\t\t\t\t\t<\/div>\n\t\t\t\t\t<\/div>\n\t\t\t\t<\/div>\n\t\t\t\t<\/div>\n\t\t","protected":false},"excerpt":{"rendered":"<p>accesorios &amp; EVC Volvo Penta<\/p>\n","protected":false},"author":4,"featured_media":2014,"parent":0,"menu_order":0,"comment_status":"closed","ping_status":"closed","template":"","meta":{"_genesis_hide_title":false,"_genesis_hide_breadcrumbs":false,"_genesis_hide_singular_image":false,"_genesis_hide_footer_widgets":false,"_genesis_custom_body_class":"","_genesis_custom_post_class":"","_genesis_layout":"","footnotes":""},"class_list":{"0":"post-1973","1":"page","2":"type-page","3":"status-publish","4":"has-post-thumbnail","6":"entry"},"featured_image_src":"https:\/\/eliasblanco.com\/volvopenta\/wp-content\/uploads\/2019\/12\/accesorios-EVC-600x400.jpg","featured_image_src_square":"https:\/\/eliasblanco.com\/volvopenta\/wp-content\/uploads\/2019\/12\/accesorios-EVC-600x600.jpg","_links":{"self":[{"href":"https:\/\/eliasblanco.com\/volvopenta\/wp-json\/wp\/v2\/pages\/1973","targetHints":{"allow":["GET"]}}],"collection":[{"href":"https:\/\/eliasblanco.com\/volvopenta\/wp-json\/wp\/v2\/pages"}],"about":[{"href":"https:\/\/eliasblanco.com\/volvopenta\/wp-json\/wp\/v2\/types\/page"}],"author":[{"embeddable":true,"href":"https:\/\/eliasblanco.com\/volvopenta\/wp-json\/wp\/v2\/users\/4"}],"replies":[{"embeddable":true,"href":"https:\/\/eliasblanco.com\/volvopenta\/wp-json\/wp\/v2\/comments?post=1973"}],"version-history":[{"count":28,"href":"https:\/\/eliasblanco.com\/volvopenta\/wp-json\/wp\/v2\/pages\/1973\/revisions"}],"predecessor-version":[{"id":3914,"href":"https:\/\/eliasblanco.com\/volvopenta\/wp-json\/wp\/v2\/pages\/1973\/revisions\/3914"}],"wp:featuredmedia":[{"embeddable":true,"href":"https:\/\/eliasblanco.com\/volvopenta\/wp-json\/wp\/v2\/media\/2014"}],"wp:attachment":[{"href":"https:\/\/eliasblanco.com\/volvopenta\/wp-json\/wp\/v2\/media?parent=1973"}],"curies":[{"name":"wp","href":"https:\/\/api.w.org\/{rel}","templated":true}]}}