{"id":1909,"date":"2019-12-05T17:56:49","date_gmt":"2019-12-05T17:56:49","guid":{"rendered":"https:\/\/macawebtest.com\/pruebe-VOLVO\/?page_id=1909"},"modified":"2026-05-09T16:19:19","modified_gmt":"2026-05-09T16:19:19","slug":"servicios","status":"publish","type":"page","link":"https:\/\/eliasblanco.com\/volvopenta\/servicios\/","title":{"rendered":"Servicios"},"content":{"rendered":"\t\t<div data-elementor-type=\"wp-page\" data-elementor-id=\"1909\" class=\"elementor elementor-1909\" data-elementor-post-type=\"page\">\n\t\t\t\t<div class=\"elementor-element elementor-element-192dfb46 e-flex e-con-boxed e-con e-parent\" data-id=\"192dfb46\" data-element_type=\"container\" data-e-type=\"container\">\n\t\t\t\t\t<div class=\"e-con-inner\">\n\t\t\t\t<div class=\"elementor-element elementor-element-160bbd86 elementor-widget elementor-widget-text-editor\" data-id=\"160bbd86\" data-element_type=\"widget\" data-e-type=\"widget\" data-widget_type=\"text-editor.default\">\n\t\t\t\t\t\t\t\t\t\n<figure class=\"wp-block-image alignfull size-large foto-servicios\"><img fetchpriority=\"high\" decoding=\"async\" width=\"1024\" height=\"360\" class=\"wp-image-2233\" src=\"https:\/\/macawebtest.com\/pruebe-VOLVO\/wp-content\/uploads\/2020\/04\/servicios-vp-1024x360.jpg\" alt=\"\" srcset=\"https:\/\/eliasblanco.com\/volvopenta\/wp-content\/uploads\/2020\/04\/servicios-vp-1024x360.jpg 1024w, https:\/\/eliasblanco.com\/volvopenta\/wp-content\/uploads\/2020\/04\/servicios-vp-300x105.jpg 300w, https:\/\/eliasblanco.com\/volvopenta\/wp-content\/uploads\/2020\/04\/servicios-vp-768x270.jpg 768w, https:\/\/eliasblanco.com\/volvopenta\/wp-content\/uploads\/2020\/04\/servicios-vp-1536x540.jpg 1536w, https:\/\/eliasblanco.com\/volvopenta\/wp-content\/uploads\/2020\/04\/servicios-vp-2048x720.jpg 2048w\" sizes=\"(max-width: 1024px) 100vw, 1024px\" \/><\/figure>\n\n<div class=\"wp-block-atomic-blocks-ab-spacer ab-block-spacer ab-divider-solid ab-divider-size-1\" style=\"color: #ddd;\"><hr style=\"height: 15px;\" \/><\/div>\n\n<h1 class=\"has-text-align-center h1-servicios wp-block-heading\">SERVICIOS<\/h1>\n\n<div class=\"wp-block-atomic-blocks-ab-container texto-varadero ab-block-container alignfull\">\n<div class=\"ab-container-inside\">\n<div class=\"ab-container-content\" style=\"max-width: 1280px;\">\n<p class=\"justify\">El personal t\u00e9cnico de Elias Blanco S.L. est\u00e1 formado de manera continua para intervenir en motores de \u00faltima generaci\u00f3n Volvo Penta, motores de maquinarias industriales, barcos y grupos electr\u00f3genos, <a href=\"https:\/\/eliasblanco.com\/volvopenta\/motores-para-genset\/\" target=\"_blank\" rel=\"noreferrer noopener\">genset <\/a>y powerpack. Tenemos un amplio stock de repuestos y accesorios volvo penta. Tambi\u00e9n puedes comprar a trav\u00e9s de nuestra <a href=\"https:\/\/www.volvopenta.com\/shop\/523839\" target=\"_blank\" rel=\"noreferrer noopener\">tienda online recambios<\/a> originales volvo penta.<\/p>\n<\/div>\n<\/div>\n<\/div>\n\n<div class=\"wp-block-atomic-blocks-ab-spacer ab-block-spacer ab-divider-solid ab-divider-size-1\" style=\"color: #ddd;\"><hr style=\"height: 20px;\" \/><\/div>\n\n<div class=\"wp-block-columns alignwide columnas-iconos is-layout-flex wp-container-core-columns-is-layout-9d6595d7 wp-block-columns-is-layout-flex\">\n<div class=\"wp-block-column is-layout-flow wp-block-column-is-layout-flow\"><center><i class=\"fas fa-cogs\"><\/i><\/center>\n<h2 class=\"has-text-align-center titulos-servicios-volvo wp-block-heading\"><a href=\"https:\/\/eliasblanco.com\/volvopenta\/remotorizacion-cambio-de-motor\/\">Remotorizaci\u00f3n<\/a><\/h2>\n<\/div>\n\n<div class=\"wp-block-column is-layout-flow wp-block-column-is-layout-flow\"><center><i class=\"fas fa-award\"><\/i><\/center>\n<h2 class=\"has-text-align-center titulos-servicios-volvo wp-block-heading\"><a href=\"https:\/\/eliasblanco.com\/volvopenta\/garantia-elias-blanco-volvo-penta\/\">Garant\u00eda<\/a><\/h2>\n\n<p>\u00a0<\/p>\n<\/div>\n\n<div class=\"wp-block-column is-layout-flow wp-block-column-is-layout-flow\"><center><i class=\"fas fa-tools\"><\/i><\/center>\n<h2 class=\"has-text-align-center titulos-servicios-volvo wp-block-heading\"><a href=\"https:\/\/eliasblanco.com\/volvopenta\/reparacion\/\">Reparaci\u00f3n <\/a><\/h2>\n\n<p>\u00a0<\/p>\n<\/div>\n<\/div>\n\n<div class=\"wp-block-atomic-blocks-ab-spacer ab-block-spacer ab-divider-solid ab-divider-size-1\" style=\"color: #ddd;\"><hr style=\"height: 20px;\" \/><\/div>\n\n<div class=\"wp-block-columns alignwide columnas-iconos is-layout-flex wp-container-core-columns-is-layout-9d6595d7 wp-block-columns-is-layout-flex\">\n<div class=\"wp-block-column is-layout-flow wp-block-column-is-layout-flow\"><center><i class=\"fas fa-water\"><\/i><\/center>\n<h2 class=\"has-text-align-center titulos-servicios-volvo wp-block-heading\"><a href=\"https:\/\/eliasblanco.com\/volvopenta\/varadero-alcaidesa\/\">Varadero<\/a><\/h2>\n<\/div>\n\n<div class=\"wp-block-column is-layout-flow wp-block-column-is-layout-flow\"><center><i class=\"fas fa-oil-can\"><\/i><\/center>\n<h2 class=\"has-text-align-center titulos-servicios-volvo wp-block-heading\"><a href=\"https:\/\/eliasblanco.com\/volvopenta\/analisis-de-aceite\/\">An\u00e1lisis de Aceite<\/a><\/h2>\n\n<p>\u00a0<\/p>\n<\/div>\n\n<div class=\"wp-block-column is-layout-flow wp-block-column-is-layout-flow\"><center><i class=\"fas fa-handshake\"><\/i><\/center>\n<h2 class=\"has-text-align-center titulos-servicios-volvo wp-block-heading\"><a href=\"https:\/\/eliasblanco.com\/volvopenta\/contrato-de-servicios-volvo-penta\/\">Contrato de Servicio<\/a><\/h2>\n<\/div>\n<\/div>\n\t\t\t\t\t\t\t\t<\/div>\n\t\t\t\t\t<\/div>\n\t\t\t\t<\/div>\n\t\t\t\t<\/div>\n\t\t","protected":false},"excerpt":{"rendered":"<p>SERVICIOS Remotorizaci\u00f3n Garant\u00eda \u00a0 Reparaci\u00f3n \u00a0 Varadero An\u00e1lisis de Aceite \u00a0 Contrato de Servicio<\/p>\n","protected":false},"author":4,"featured_media":0,"parent":0,"menu_order":0,"comment_status":"closed","ping_status":"closed","template":"","meta":{"_genesis_hide_title":true,"_genesis_hide_breadcrumbs":false,"_genesis_hide_singular_image":false,"_genesis_hide_footer_widgets":false,"_genesis_custom_body_class":"servicios","_genesis_custom_post_class":"servicios","_genesis_layout":"","footnotes":""},"class_list":{"0":"post-1909","1":"page","2":"type-page","3":"status-publish","5":"entry","6":"has-post-thumbnail","7":"servicios"},"featured_image_src":null,"featured_image_src_square":null,"_links":{"self":[{"href":"https:\/\/eliasblanco.com\/volvopenta\/wp-json\/wp\/v2\/pages\/1909","targetHints":{"allow":["GET"]}}],"collection":[{"href":"https:\/\/eliasblanco.com\/volvopenta\/wp-json\/wp\/v2\/pages"}],"about":[{"href":"https:\/\/eliasblanco.com\/volvopenta\/wp-json\/wp\/v2\/types\/page"}],"author":[{"embeddable":true,"href":"https:\/\/eliasblanco.com\/volvopenta\/wp-json\/wp\/v2\/users\/4"}],"replies":[{"embeddable":true,"href":"https:\/\/eliasblanco.com\/volvopenta\/wp-json\/wp\/v2\/comments?post=1909"}],"version-history":[{"count":29,"href":"https:\/\/eliasblanco.com\/volvopenta\/wp-json\/wp\/v2\/pages\/1909\/revisions"}],"predecessor-version":[{"id":3858,"href":"https:\/\/eliasblanco.com\/volvopenta\/wp-json\/wp\/v2\/pages\/1909\/revisions\/3858"}],"wp:attachment":[{"href":"https:\/\/eliasblanco.com\/volvopenta\/wp-json\/wp\/v2\/media?parent=1909"}],"curies":[{"name":"wp","href":"https:\/\/api.w.org\/{rel}","templated":true}]}}