{"id":1859,"date":"2019-12-05T12:09:38","date_gmt":"2019-12-05T12:09:38","guid":{"rendered":"https:\/\/macawebtest.com\/pruebe-VOLVO\/?page_id=1859"},"modified":"2026-04-24T10:47:41","modified_gmt":"2026-04-24T10:47:41","slug":"campanas-volvo-penta3","status":"publish","type":"page","link":"https:\/\/eliasblanco.com\/volvopenta\/campanas-volvo-penta3\/","title":{"rendered":"Campa\u00f1as3"},"content":{"rendered":"\n<p class=\"encabezado\">campa\u00f1as Volvo Penta<\/p>\n\n\n\n<div style=\"color:#ddd\" class=\"wp-block-atomic-blocks-ab-spacer ab-block-spacer ab-divider-solid ab-divider-size-1\"><hr style=\"height:20px\"\/><\/div>\n\n\n\n<div class=\"wp-block-atomic-blocks-ab-container ab-block-container\"><div class=\"ab-container-inside\"><div class=\"ab-container-content\">\n<div class=\"wp-block-atomic-blocks-ab-columns campanas ab-layout-columns-3 ab-3-col-equal ab-columns-center alignfull\"><div class=\"ab-layout-column-wrap ab-block-layout-column-gap-3 ab-is-responsive-column\" style=\"max-width:1280px\">\n<div class=\"wp-block-atomic-blocks-ab-column ab-block-layout-column\"><div class=\"ab-block-layout-column-inner\">\n<div class=\"wp-block-image\"><figure class=\"aligncenter size-large\"><img fetchpriority=\"high\" decoding=\"async\" width=\"819\" height=\"1024\" src=\"https:\/\/eliasblanco.com\/volvopenta\/wp-content\/uploads\/2021\/05\/easy-boating-2021-819x1024.png\" alt=\"\" class=\"wp-image-3264\" srcset=\"https:\/\/eliasblanco.com\/volvopenta\/wp-content\/uploads\/2021\/05\/easy-boating-2021-819x1024.png 819w, https:\/\/eliasblanco.com\/volvopenta\/wp-content\/uploads\/2021\/05\/easy-boating-2021-240x300.png 240w, https:\/\/eliasblanco.com\/volvopenta\/wp-content\/uploads\/2021\/05\/easy-boating-2021-768x960.png 768w, https:\/\/eliasblanco.com\/volvopenta\/wp-content\/uploads\/2021\/05\/easy-boating-2021.png 1080w\" sizes=\"(max-width: 819px) 100vw, 819px\" \/><\/figure><\/div>\n\n\n\n<p>Volvo Penta lanza una <strong>campa\u00f1a especial accesorios para tu embarcaci\u00f3n<\/strong>, que har\u00e1n que tu experiencia de navegaci\u00f3n sea m\u00e1s agradable y la maniobrabilidad m\u00e1s sencilla.<\/p>\n\n\n\n<p><strong>Desde el 20 de Mayo de 2021 hasta el 31 de Agosto 2021 ofercemos un 15% de descuento<\/strong> en accesorios como:<\/p>\n\n\n\n<ul class=\"wp-block-list\"><li>Trip computer<\/li><li>Speed limiter<\/li><li>Cruise control<\/li><li>Sportfish mode<\/li><li>Tow mode for watersports<\/li><li>Autopilot<\/li><li>Single lever mode<\/li><li>Low speed mode<\/li><li>DPS<\/li><li>Joystick driving &amp; Joystick Docking<\/li><li>Interceptor system<\/li><li>Automatic Boat trim System<\/li><li>Powertrim asistant<\/li><\/ul>\n\n\n\n<p>El descuento se aplica tambi\u00e9n a todo el harware necesario para la instalaci\u00f3n.<\/p>\n\n\n\n<p><\/p>\n<\/div><\/div>\n\n\n\n<div class=\"wp-block-atomic-blocks-ab-column ab-block-layout-column\"><div class=\"ab-block-layout-column-inner\">\n<div class=\"wp-block-image\"><figure class=\"aligncenter size-full\"><img decoding=\"async\" width=\"1080\" height=\"1350\" src=\"https:\/\/macawebtest.com\/pruebe-VOLVO\/wp-content\/uploads\/2020\/04\/easy-connect-1.jpg\" alt=\"campa\u00f1as Volvo Penta Easy connect\" class=\"wp-image-2247\" srcset=\"https:\/\/eliasblanco.com\/volvopenta\/wp-content\/uploads\/2020\/04\/easy-connect-1.jpg 1080w, https:\/\/eliasblanco.com\/volvopenta\/wp-content\/uploads\/2020\/04\/easy-connect-1-240x300.jpg 240w, https:\/\/eliasblanco.com\/volvopenta\/wp-content\/uploads\/2020\/04\/easy-connect-1-819x1024.jpg 819w, https:\/\/eliasblanco.com\/volvopenta\/wp-content\/uploads\/2020\/04\/easy-connect-1-768x960.jpg 768w\" sizes=\"(max-width: 1080px) 100vw, 1080px\" \/><\/figure><\/div>\n\n\n\n<h3 class=\"justify wp-block-heading\">\u00bfA\u00fan no conoces <a href=\"https:\/\/eliasblanco.com\/volvopenta\/easy-connect-volvo-penta\/\">Easy Connect<\/a>?<br>Es un dispositivo para hacer m\u00e1s c\u00f3moda la navegaci\u00f3n en los barcos de recreo, que te permite visualizar los datos de tu motor, embarcaci\u00f3n e incluso programar tu ruta con antelaci\u00f3n.<br>Y adem\u00e1s\u2026<\/h3>\n\n\n\n<ul class=\"wp-block-list\"><li> Conexi\u00f3n v\u00eda Bluetooth\u00ae<\/li><li> Posibilidad de recuperar datos de sus viajes anteriores<\/li><li> Contacto m\u00e1s fluido con su concesionario de Volvo Penta<\/li><li>Tambi\u00e9n la posibilidad de planificar sus viajes desde casa<\/li><li> Acceso a trav\u00e9s de un panel de control port\u00e1til<\/li><li> Posibilidad de compartir sus experiencias a trav\u00e9s de medios sociales\u2026 y mucho m\u00e1s.<\/li><\/ul>\n\n\n\n<p><\/p>\n<\/div><\/div>\n\n\n\n<div class=\"wp-block-atomic-blocks-ab-column ab-block-layout-column\"><div class=\"ab-block-layout-column-inner\">\n<div class=\"wp-block-image\"><figure class=\"aligncenter size-full\"><img decoding=\"async\" width=\"1080\" height=\"1350\" src=\"https:\/\/macawebtest.com\/pruebe-VOLVO\/wp-content\/uploads\/2020\/04\/2Warranty_Folder_ES-1.png\" alt=\"campa\u00f1as Volvo Penta garant\u00eda 2x1\" class=\"wp-image-2254\" srcset=\"https:\/\/eliasblanco.com\/volvopenta\/wp-content\/uploads\/2020\/04\/2Warranty_Folder_ES-1.png 1080w, https:\/\/eliasblanco.com\/volvopenta\/wp-content\/uploads\/2020\/04\/2Warranty_Folder_ES-1-240x300.png 240w, https:\/\/eliasblanco.com\/volvopenta\/wp-content\/uploads\/2020\/04\/2Warranty_Folder_ES-1-819x1024.png 819w, https:\/\/eliasblanco.com\/volvopenta\/wp-content\/uploads\/2020\/04\/2Warranty_Folder_ES-1-768x960.png 768w\" sizes=\"(max-width: 1080px) 100vw, 1080px\" \/><\/figure><\/div>\n\n\n\n<p class=\"justify\">Para duplicar tu garant\u00eda no tienes m\u00e1s que comprar e instalar tus recambios en un concesionario <a href=\"https:\/\/www.volvopentashop.com\/eliasblanco\/es-ES\">VOLVO PENTA AUTORIZADO<\/a>.<\/p>\n\n\n\n<p class=\"justify\">Como Volvo Penta Center que somos, tenemos acceso a unos servicios de log\u00edstica y de cadena de suministro de primer nivel, lo que garantiza que obtendr\u00e1s los recambios correctos, en el lugar y el momento id\u00f3neos. As\u00ed, comprando e instalando en <a href=\"http:\/\/www.eliasblanco.com\">Elias Blanco S.L<\/a> no s\u00f3lo duplicar\u00e1s la garant\u00eda de tus recambios, sino que tambi\u00e9n te beneficiar\u00e1s de la calidad de nuestro servicio y experiencia. Igualmente,<\/p>\n\n\n\n<p class=\"justify\">Y no s\u00f3lo duplicas la garant\u00eda de los recambios en s\u00ed, sino tambi\u00e9n de la mano de obra empleada en su instalaci\u00f3n.<\/p>\n\n\n\n<h3 class=\"justify wp-block-heading\">Adem\u00e1s, esta es la \u00fanica de las campa\u00f1as Volvo Penta que es v\u00e1lida todo el a\u00f1o.<\/h3>\n\n\n\n<p><\/p>\n<\/div><\/div>\n<\/div><\/div>\n\n\n\n<div style=\"color:#ddd\" class=\"wp-block-atomic-blocks-ab-spacer ab-block-spacer ab-divider-solid ab-divider-size-1\"><hr style=\"height:30px\"\/><\/div>\n\n\n\n<div class=\"wp-block-atomic-blocks-ab-container ab-block-container alignfull\"><div class=\"ab-container-inside\"><div class=\"ab-container-content\">\n<div style=\"color:#ddd\" class=\"wp-block-atomic-blocks-ab-spacer ab-block-spacer ab-divider-solid ab-spacer-divider ab-divider-size-1\"><hr style=\"height:75px\"\/><\/div>\n\n\n\n<div style=\"color:#ddd\" class=\"wp-block-atomic-blocks-ab-spacer ab-block-spacer ab-divider-solid ab-divider-size-1\"><hr style=\"height:30px\"\/><\/div>\n\n\n\n<div class=\"wp-block-atomic-blocks-ab-container prefooter ab-block-container alignfull\"><div class=\"ab-container-inside\"><div class=\"ab-container-content\" style=\"max-width:1280px\">\n<div class=\"wp-block-atomic-blocks-ab-columns ab-layout-columns-3 ab-3-col-equal aligncenter\"><div class=\"ab-layout-column-wrap ab-block-layout-column-gap-2 ab-is-responsive-column\">\n<div class=\"wp-block-atomic-blocks-ab-column ab-block-layout-column\"><div class=\"ab-block-layout-column-inner\" style=\"text-align:center\">\n<div class=\"wp-block-image\"><figure class=\"aligncenter size-large\"><a href=\"https:\/\/www.volvopenta.es\/\" target=\"_blank\" rel=\"noopener noreferrer\"><img loading=\"lazy\" decoding=\"async\" width=\"948\" height=\"191\" src=\"https:\/\/macawebtest.com\/pruebe-VOLVO\/wp-content\/uploads\/2020\/04\/VPC-prefooter.png\" alt=\"\" class=\"wp-image-2886\" srcset=\"https:\/\/eliasblanco.com\/volvopenta\/wp-content\/uploads\/2020\/04\/VPC-prefooter.png 948w, https:\/\/eliasblanco.com\/volvopenta\/wp-content\/uploads\/2020\/04\/VPC-prefooter-300x60.png 300w, https:\/\/eliasblanco.com\/volvopenta\/wp-content\/uploads\/2020\/04\/VPC-prefooter-768x155.png 768w\" sizes=\"(max-width: 948px) 100vw, 948px\" \/><\/a><\/figure><\/div>\n\n\n\n<div class=\"wp-block-image\"><figure class=\"aligncenter size-large\"><a href=\"https:\/\/www.eliasblanco.com\/\" target=\"_blank\" rel=\"noopener noreferrer\"><img loading=\"lazy\" decoding=\"async\" width=\"948\" height=\"225\" src=\"https:\/\/macawebtest.com\/pruebe-VOLVO\/wp-content\/uploads\/2020\/04\/EB-prefooter.png\" alt=\"\" class=\"wp-image-2899\" srcset=\"https:\/\/eliasblanco.com\/volvopenta\/wp-content\/uploads\/2020\/04\/EB-prefooter.png 948w, https:\/\/eliasblanco.com\/volvopenta\/wp-content\/uploads\/2020\/04\/EB-prefooter-300x71.png 300w, https:\/\/eliasblanco.com\/volvopenta\/wp-content\/uploads\/2020\/04\/EB-prefooter-768x182.png 768w\" sizes=\"(max-width: 948px) 100vw, 948px\" \/><\/a><\/figure><\/div>\n\n\n\n<div class=\"wp-block-image\"><figure class=\"aligncenter size-large\"><a href=\"https:\/\/www.ebengineering.eu\/\" target=\"_blank\" rel=\"noopener noreferrer\"><img loading=\"lazy\" decoding=\"async\" width=\"948\" height=\"191\" src=\"https:\/\/macawebtest.com\/pruebe-VOLVO\/wp-content\/uploads\/2020\/04\/EBe-prefooter.png\" alt=\"\" class=\"wp-image-2900\" srcset=\"https:\/\/eliasblanco.com\/volvopenta\/wp-content\/uploads\/2020\/04\/EBe-prefooter.png 948w, https:\/\/eliasblanco.com\/volvopenta\/wp-content\/uploads\/2020\/04\/EBe-prefooter-300x60.png 300w, https:\/\/eliasblanco.com\/volvopenta\/wp-content\/uploads\/2020\/04\/EBe-prefooter-768x155.png 768w\" sizes=\"(max-width: 948px) 100vw, 948px\" \/><\/a><\/figure><\/div>\n<\/div><\/div>\n\n\n\n<div class=\"wp-block-atomic-blocks-ab-column ab-block-layout-column\"><div class=\"ab-block-layout-column-inner\" style=\"text-align:center\">\n<div class=\"wp-block-image\"><figure class=\"aligncenter size-large\"><a href=\"https:\/\/www.volvopenta.com\/shop\/523839\" target=\"_blank\" rel=\"noopener noreferrer\"><img loading=\"lazy\" decoding=\"async\" width=\"948\" height=\"872\" src=\"https:\/\/macawebtest.com\/pruebe-VOLVO\/wp-content\/uploads\/2020\/04\/VPS-prefooter.png\" alt=\"\" class=\"wp-image-2887\" srcset=\"https:\/\/eliasblanco.com\/volvopenta\/wp-content\/uploads\/2020\/04\/VPS-prefooter.png 948w, https:\/\/eliasblanco.com\/volvopenta\/wp-content\/uploads\/2020\/04\/VPS-prefooter-300x276.png 300w, https:\/\/eliasblanco.com\/volvopenta\/wp-content\/uploads\/2020\/04\/VPS-prefooter-768x706.png 768w\" sizes=\"(max-width: 948px) 100vw, 948px\" \/><\/a><\/figure><\/div>\n<\/div><\/div>\n\n\n\n<div class=\"wp-block-atomic-blocks-ab-column ab-block-layout-column\"><div class=\"ab-block-layout-column-inner\">\n<div class=\"wp-block-image\"><figure class=\"aligncenter size-large\"><a href=\"https:\/\/www.volvopenta.es\/marineleisure\/es-es\/for-owners\/service\/volvo-penta-action-service.html\" target=\"_blank\" rel=\"noopener noreferrer\"><img loading=\"lazy\" decoding=\"async\" width=\"948\" height=\"872\" src=\"https:\/\/macawebtest.com\/pruebe-VOLVO\/wp-content\/uploads\/2020\/04\/VPAS-prefooter.png\" alt=\"\" class=\"wp-image-2888\" srcset=\"https:\/\/eliasblanco.com\/volvopenta\/wp-content\/uploads\/2020\/04\/VPAS-prefooter.png 948w, https:\/\/eliasblanco.com\/volvopenta\/wp-content\/uploads\/2020\/04\/VPAS-prefooter-300x276.png 300w, https:\/\/eliasblanco.com\/volvopenta\/wp-content\/uploads\/2020\/04\/VPAS-prefooter-768x706.png 768w\" sizes=\"(max-width: 948px) 100vw, 948px\" \/><\/a><\/figure><\/div>\n<\/div><\/div>\n<\/div><\/div>\n\n\n\n<p><\/p>\n<\/div><\/div><\/div>\n\n\n\n<p><\/p>\n<\/div><\/div><\/div>\n<\/div><\/div><\/div>\n","protected":false},"excerpt":{"rendered":"<p>campa\u00f1as Volvo Penta<\/p>\n","protected":false},"author":4,"featured_media":2254,"parent":0,"menu_order":0,"comment_status":"closed","ping_status":"closed","template":"","meta":{"_genesis_hide_title":false,"_genesis_hide_breadcrumbs":false,"_genesis_hide_singular_image":false,"_genesis_hide_footer_widgets":false,"_genesis_custom_body_class":"","_genesis_custom_post_class":"","_genesis_layout":"","footnotes":""},"class_list":{"0":"post-1859","1":"page","2":"type-page","3":"status-publish","4":"has-post-thumbnail","6":"entry"},"featured_image_src":"https:\/\/eliasblanco.com\/volvopenta\/wp-content\/uploads\/2020\/04\/2Warranty_Folder_ES-1-600x400.png","featured_image_src_square":"https:\/\/eliasblanco.com\/volvopenta\/wp-content\/uploads\/2020\/04\/2Warranty_Folder_ES-1-600x600.png","_links":{"self":[{"href":"https:\/\/eliasblanco.com\/volvopenta\/wp-json\/wp\/v2\/pages\/1859","targetHints":{"allow":["GET"]}}],"collection":[{"href":"https:\/\/eliasblanco.com\/volvopenta\/wp-json\/wp\/v2\/pages"}],"about":[{"href":"https:\/\/eliasblanco.com\/volvopenta\/wp-json\/wp\/v2\/types\/page"}],"author":[{"embeddable":true,"href":"https:\/\/eliasblanco.com\/volvopenta\/wp-json\/wp\/v2\/users\/4"}],"replies":[{"embeddable":true,"href":"https:\/\/eliasblanco.com\/volvopenta\/wp-json\/wp\/v2\/comments?post=1859"}],"version-history":[{"count":29,"href":"https:\/\/eliasblanco.com\/volvopenta\/wp-json\/wp\/v2\/pages\/1859\/revisions"}],"predecessor-version":[{"id":3704,"href":"https:\/\/eliasblanco.com\/volvopenta\/wp-json\/wp\/v2\/pages\/1859\/revisions\/3704"}],"wp:featuredmedia":[{"embeddable":true,"href":"https:\/\/eliasblanco.com\/volvopenta\/wp-json\/wp\/v2\/media\/2254"}],"wp:attachment":[{"href":"https:\/\/eliasblanco.com\/volvopenta\/wp-json\/wp\/v2\/media?parent=1859"}],"curies":[{"name":"wp","href":"https:\/\/api.w.org\/{rel}","templated":true}]}}