{"id":1853,"date":"2019-12-05T12:08:14","date_gmt":"2019-12-05T12:08:14","guid":{"rendered":"https:\/\/macawebtest.com\/pruebe-VOLVO\/?page_id=1853"},"modified":"2026-05-09T16:42:10","modified_gmt":"2026-05-09T16:42:10","slug":"informacion3","status":"publish","type":"page","link":"https:\/\/eliasblanco.com\/volvopenta\/informacion3\/","title":{"rendered":"Informaci\u00f3n3"},"content":{"rendered":"\t\t<div data-elementor-type=\"wp-page\" data-elementor-id=\"1853\" class=\"elementor elementor-1853\" data-elementor-post-type=\"page\">\n\t\t\t\t<div class=\"elementor-element elementor-element-2b903b9c e-flex e-con-boxed e-con e-parent\" data-id=\"2b903b9c\" data-element_type=\"container\" data-e-type=\"container\">\n\t\t\t\t\t<div class=\"e-con-inner\">\n\t\t\t\t<div class=\"elementor-element elementor-element-67025382 elementor-widget elementor-widget-text-editor\" data-id=\"67025382\" data-element_type=\"widget\" data-e-type=\"widget\" data-widget_type=\"text-editor.default\">\n\t\t\t\t\t\t\t\t\t\n<figure class=\"wp-block-image alignfull size-large\"><img fetchpriority=\"high\" decoding=\"async\" width=\"1024\" height=\"360\" class=\"wp-image-2380\" src=\"https:\/\/macawebtest.com\/pruebe-VOLVO\/wp-content\/uploads\/2020\/04\/fachada-recta-1024x360.png\" alt=\"\" srcset=\"https:\/\/eliasblanco.com\/volvopenta\/wp-content\/uploads\/2020\/04\/fachada-recta-1024x360.png 1024w, https:\/\/eliasblanco.com\/volvopenta\/wp-content\/uploads\/2020\/04\/fachada-recta-300x105.png 300w, https:\/\/eliasblanco.com\/volvopenta\/wp-content\/uploads\/2020\/04\/fachada-recta-768x270.png 768w, https:\/\/eliasblanco.com\/volvopenta\/wp-content\/uploads\/2020\/04\/fachada-recta-1536x540.png 1536w, https:\/\/eliasblanco.com\/volvopenta\/wp-content\/uploads\/2020\/04\/fachada-recta-2048x720.png 2048w\" sizes=\"(max-width: 1024px) 100vw, 1024px\" \/><\/figure>\n\n<div class=\"wp-block-atomic-blocks-ab-spacer ab-block-spacer ab-divider-solid ab-divider-size-1\" style=\"color: #ddd;\"><hr style=\"height: 16px;\" \/><\/div>\n\n<h1 class=\"has-text-align-center h1-informacion wp-block-heading\">INFORMACI\u00d3N<\/h1>\n\n<div class=\"wp-block-atomic-blocks-ab-spacer ab-block-spacer ab-divider-solid ab-divider-size-1\" style=\"color: #ddd;\"><hr style=\"height: 15px;\" \/><\/div>\n\n<div class=\"wp-block-columns alignwide columnas-iconos is-layout-flex wp-container-core-columns-is-layout-9d6595d7 wp-block-columns-is-layout-flex\">\n<div class=\"wp-block-column is-layout-flow wp-block-column-is-layout-flow\"><center><i class=\"fas fa-euro-sign\"><\/i><\/center>\n<h2 class=\"has-text-align-center titulos-servicios-volvo wp-block-heading\"><a href=\"https:\/\/eliasblanco.com\/venta\/\" target=\"_blank\" rel=\"noreferrer noopener\">Venta\/Ocasi\u00f3n<\/a><\/h2>\n<\/div>\n\n<div class=\"wp-block-column is-layout-flow wp-block-column-is-layout-flow\"><center><i class=\"fab fa-searchengin\"><\/i><\/center>\n<h2 class=\"has-text-align-center titulos-servicios-volvo wp-block-heading\"><a href=\"https:\/\/www.volvopenta.com\/marine\/all-marine-engines\/\" target=\"_blank\" rel=\"noreferrer noopener\">Configura tu Motor<\/a><\/h2>\n<\/div>\n\n<div class=\"wp-block-column is-layout-flow wp-block-column-is-layout-flow\"><center><i class=\"fas fa-wind\"><\/i><\/center>\n<h2 class=\"has-text-align-center titulos-servicios-volvo wp-block-heading\"><a href=\"https:\/\/eliasblanco.com\/volvopenta\/normas-de-emisiones\/\">Normas de Emisiones<\/a><\/h2>\n<\/div>\n<\/div>\n\n<div class=\"wp-block-columns alignwide columnas-iconos is-layout-flex wp-container-core-columns-is-layout-9d6595d7 wp-block-columns-is-layout-flex\">\n<div class=\"wp-block-column is-layout-flow wp-block-column-is-layout-flow\"><center><i class=\"fas fa-chalkboard-teacher\"><\/i><\/center>\n<h2 class=\"has-text-align-center titulos-servicios-volvo wp-block-heading\"><a href=\"https:\/\/eliasblanco.com\/volvopenta\/formacion\/\">Formaci\u00f3n<\/a><\/h2>\n<\/div>\n\n<div class=\"wp-block-column is-layout-flow wp-block-column-is-layout-flow\"><center><i class=\"fas fa-briefcase-medical\"><\/i><\/center>\n<h2 class=\"has-text-align-center titulos-servicios-volvo wp-block-heading\"><a href=\"https:\/\/eliasblanco.com\/volvopenta\/garantia-volvo-penta\/\">Garant\u00eda<\/a><\/h2>\n<\/div>\n\n<div class=\"wp-block-column is-layout-flow wp-block-column-is-layout-flow\"><center><i class=\"far fa-snowflake\"><\/i><\/center>\n<h2 class=\"has-text-align-center titulos-servicios-volvo wp-block-heading\"><a href=\"https:\/\/eliasblanco.com\/volvopenta\/invernaje\/\">Invernaje<\/a><\/h2>\n<\/div>\n<\/div>\n\n<div class=\"wp-block-atomic-blocks-ab-container ab-block-container alignfull\">\n<div class=\"ab-container-inside\">\n<div class=\"ab-container-content\">\n<div class=\"wp-block-atomic-blocks-ab-spacer ab-block-spacer ab-divider-solid ab-divider-size-1\" style=\"color: #ddd;\"><hr style=\"height: 20px;\" \/><\/div>\n\n<div class=\"wp-block-atomic-blocks-ab-spacer ab-block-spacer ab-divider-solid ab-spacer-divider ab-divider-size-1\" style=\"color: #ddd;\"><hr style=\"height: 50px;\" \/><\/div>\n\n<div class=\"wp-block-atomic-blocks-ab-spacer ab-block-spacer ab-divider-solid ab-divider-size-1\" style=\"color: #ddd;\"><hr style=\"height: 30px;\" \/><\/div>\n<\/div>\n<\/div>\n<\/div>\n\n<div class=\"wp-block-atomic-blocks-ab-container prefooter ab-block-container alignfull\"><div class=\"ab-container-inside\"><div class=\"ab-container-content\" style=\"max-width:1280px\">\n<div class=\"wp-block-atomic-blocks-ab-columns ab-layout-columns-3 ab-3-col-equal aligncenter\"><div class=\"ab-layout-column-wrap ab-block-layout-column-gap-2 ab-is-responsive-column\">\n<div class=\"wp-block-atomic-blocks-ab-column ab-block-layout-column\"><div class=\"ab-block-layout-column-inner\" style=\"text-align:center\">\n<div class=\"wp-block-image\"><figure class=\"aligncenter size-large\"><a href=\"https:\/\/www.volvopenta.es\/\" target=\"_blank\" rel=\"noopener noreferrer\"><img decoding=\"async\" width=\"948\" height=\"191\" src=\"https:\/\/macawebtest.com\/pruebe-VOLVO\/wp-content\/uploads\/2020\/04\/VPC-prefooter.png\" alt=\"\" class=\"wp-image-2886\" srcset=\"https:\/\/eliasblanco.com\/volvopenta\/wp-content\/uploads\/2020\/04\/VPC-prefooter.png 948w, https:\/\/eliasblanco.com\/volvopenta\/wp-content\/uploads\/2020\/04\/VPC-prefooter-300x60.png 300w, https:\/\/eliasblanco.com\/volvopenta\/wp-content\/uploads\/2020\/04\/VPC-prefooter-768x155.png 768w\" sizes=\"(max-width: 948px) 100vw, 948px\" \/><\/a><\/figure><\/div>\n\n\n\n<div class=\"wp-block-image\"><figure class=\"aligncenter size-large\"><a href=\"https:\/\/www.eliasblanco.com\/\" target=\"_blank\" rel=\"noopener noreferrer\"><img decoding=\"async\" width=\"948\" height=\"225\" src=\"https:\/\/macawebtest.com\/pruebe-VOLVO\/wp-content\/uploads\/2020\/04\/EB-prefooter.png\" alt=\"\" class=\"wp-image-2899\" srcset=\"https:\/\/eliasblanco.com\/volvopenta\/wp-content\/uploads\/2020\/04\/EB-prefooter.png 948w, https:\/\/eliasblanco.com\/volvopenta\/wp-content\/uploads\/2020\/04\/EB-prefooter-300x71.png 300w, https:\/\/eliasblanco.com\/volvopenta\/wp-content\/uploads\/2020\/04\/EB-prefooter-768x182.png 768w\" sizes=\"(max-width: 948px) 100vw, 948px\" \/><\/a><\/figure><\/div>\n\n\n\n<div class=\"wp-block-image\"><figure class=\"aligncenter size-large\"><a href=\"https:\/\/www.ebengineering.eu\/\" target=\"_blank\" rel=\"noopener noreferrer\"><img loading=\"lazy\" decoding=\"async\" width=\"948\" height=\"191\" src=\"https:\/\/macawebtest.com\/pruebe-VOLVO\/wp-content\/uploads\/2020\/04\/EBe-prefooter.png\" alt=\"\" class=\"wp-image-2900\" srcset=\"https:\/\/eliasblanco.com\/volvopenta\/wp-content\/uploads\/2020\/04\/EBe-prefooter.png 948w, https:\/\/eliasblanco.com\/volvopenta\/wp-content\/uploads\/2020\/04\/EBe-prefooter-300x60.png 300w, https:\/\/eliasblanco.com\/volvopenta\/wp-content\/uploads\/2020\/04\/EBe-prefooter-768x155.png 768w\" sizes=\"(max-width: 948px) 100vw, 948px\" \/><\/a><\/figure><\/div>\n<\/div><\/div>\n\n\n\n<div class=\"wp-block-atomic-blocks-ab-column ab-block-layout-column\"><div class=\"ab-block-layout-column-inner\" style=\"text-align:center\">\n<div class=\"wp-block-image\"><figure class=\"aligncenter size-large\"><a href=\"https:\/\/www.volvopenta.com\/shop\/523839\" target=\"_blank\" rel=\"noopener noreferrer\"><img loading=\"lazy\" decoding=\"async\" width=\"948\" height=\"872\" src=\"https:\/\/macawebtest.com\/pruebe-VOLVO\/wp-content\/uploads\/2020\/04\/VPS-prefooter.png\" alt=\"\" class=\"wp-image-2887\" srcset=\"https:\/\/eliasblanco.com\/volvopenta\/wp-content\/uploads\/2020\/04\/VPS-prefooter.png 948w, https:\/\/eliasblanco.com\/volvopenta\/wp-content\/uploads\/2020\/04\/VPS-prefooter-300x276.png 300w, https:\/\/eliasblanco.com\/volvopenta\/wp-content\/uploads\/2020\/04\/VPS-prefooter-768x706.png 768w\" sizes=\"(max-width: 948px) 100vw, 948px\" \/><\/a><\/figure><\/div>\n<\/div><\/div>\n\n\n\n<div class=\"wp-block-atomic-blocks-ab-column ab-block-layout-column\"><div class=\"ab-block-layout-column-inner\">\n<div class=\"wp-block-image\"><figure class=\"aligncenter size-large\"><a href=\"https:\/\/www.volvopenta.es\/marineleisure\/es-es\/for-owners\/service\/volvo-penta-action-service.html\" target=\"_blank\" rel=\"noopener noreferrer\"><img loading=\"lazy\" decoding=\"async\" width=\"948\" height=\"872\" src=\"https:\/\/macawebtest.com\/pruebe-VOLVO\/wp-content\/uploads\/2020\/04\/VPAS-prefooter.png\" alt=\"\" class=\"wp-image-2888\" srcset=\"https:\/\/eliasblanco.com\/volvopenta\/wp-content\/uploads\/2020\/04\/VPAS-prefooter.png 948w, https:\/\/eliasblanco.com\/volvopenta\/wp-content\/uploads\/2020\/04\/VPAS-prefooter-300x276.png 300w, https:\/\/eliasblanco.com\/volvopenta\/wp-content\/uploads\/2020\/04\/VPAS-prefooter-768x706.png 768w\" sizes=\"(max-width: 948px) 100vw, 948px\" \/><\/a><\/figure><\/div>\n<\/div><\/div>\n<\/div><\/div>\n\n\n\n<p><\/p>\n<\/div><\/div><\/div>\n\t\t\t\t\t\t\t\t<\/div>\n\t\t\t\t\t<\/div>\n\t\t\t\t<\/div>\n\t\t\t\t<\/div>\n\t\t","protected":false},"excerpt":{"rendered":"<p>INFORMACI\u00d3N Venta\/Ocasi\u00f3n Configura tu Motor Normas de Emisiones Formaci\u00f3n Garant\u00eda Invernaje<\/p>\n","protected":false},"author":4,"featured_media":0,"parent":0,"menu_order":0,"comment_status":"closed","ping_status":"closed","template":"","meta":{"_genesis_hide_title":false,"_genesis_hide_breadcrumbs":false,"_genesis_hide_singular_image":false,"_genesis_hide_footer_widgets":false,"_genesis_custom_body_class":"informacion","_genesis_custom_post_class":"informacion","_genesis_layout":"","footnotes":""},"class_list":{"0":"post-1853","1":"page","2":"type-page","3":"status-publish","5":"entry","6":"has-post-thumbnail","7":"informacion"},"featured_image_src":null,"featured_image_src_square":null,"_links":{"self":[{"href":"https:\/\/eliasblanco.com\/volvopenta\/wp-json\/wp\/v2\/pages\/1853","targetHints":{"allow":["GET"]}}],"collection":[{"href":"https:\/\/eliasblanco.com\/volvopenta\/wp-json\/wp\/v2\/pages"}],"about":[{"href":"https:\/\/eliasblanco.com\/volvopenta\/wp-json\/wp\/v2\/types\/page"}],"author":[{"embeddable":true,"href":"https:\/\/eliasblanco.com\/volvopenta\/wp-json\/wp\/v2\/users\/4"}],"replies":[{"embeddable":true,"href":"https:\/\/eliasblanco.com\/volvopenta\/wp-json\/wp\/v2\/comments?post=1853"}],"version-history":[{"count":25,"href":"https:\/\/eliasblanco.com\/volvopenta\/wp-json\/wp\/v2\/pages\/1853\/revisions"}],"predecessor-version":[{"id":3868,"href":"https:\/\/eliasblanco.com\/volvopenta\/wp-json\/wp\/v2\/pages\/1853\/revisions\/3868"}],"wp:attachment":[{"href":"https:\/\/eliasblanco.com\/volvopenta\/wp-json\/wp\/v2\/media?parent=1853"}],"curies":[{"name":"wp","href":"https:\/\/api.w.org\/{rel}","templated":true}]}}